{"id":99,"date":"2017-04-10T13:18:41","date_gmt":"2017-04-10T16:18:41","guid":{"rendered":"https:\/\/dnareference.com.br\/laboratorio\/?page_id=99"},"modified":"2017-05-28T20:35:15","modified_gmt":"2017-05-28T23:35:15","slug":"testes-com-suposto-pai-falecido","status":"publish","type":"page","link":"https:\/\/dnareference.com.br\/laboratorio\/exames\/testes-de-paternidade\/testes-com-suposto-pai-falecido\/","title":{"rendered":"Testes com Suposto Pai Falecido"},"content":{"rendered":"<p>[et_pb_section bb_built=&#8221;1&#8243; admin_label=&#8221;Se\u00e7\u00e3o&#8221; fullwidth=&#8221;on&#8221; specialty=&#8221;off&#8221;][et_pb_fullwidth_post_title admin_label=&#8221;T\u00edtulo da Publica\u00e7\u00e3o de Largura Inteira&#8221; title=&#8221;on&#8221; meta=&#8221;off&#8221; author=&#8221;off&#8221; date=&#8221;off&#8221; categories=&#8221;off&#8221; comments=&#8221;off&#8221; featured_image=&#8221;off&#8221; featured_placement=&#8221;below&#8221; parallax_effect=&#8221;on&#8221; parallax_method=&#8221;on&#8221; text_orientation=&#8221;center&#8221; text_color=&#8221;dark&#8221; text_background=&#8221;off&#8221; text_bg_color=&#8221;rgba(255,255,255,0.9)&#8221; use_border_color=&#8221;off&#8221; border_color=&#8221;#ffffff&#8221; border_style=&#8221;solid&#8221; module_bg_color=&#8221;#e02b20&#8243; title_font_size=&#8221;30px&#8221; title_text_color=&#8221;#ffffff&#8221; \/][\/et_pb_section][et_pb_section bb_built=&#8221;1&#8243; admin_label=&#8221;Se\u00e7\u00e3o&#8221; fullwidth=&#8221;off&#8221; specialty=&#8221;off&#8221;][et_pb_row admin_label=&#8221;Linha&#8221;][et_pb_column type=&#8221;1_3&#8243;][et_pb_sidebar admin_label=&#8221;Barra Lateral&#8221; orientation=&#8221;left&#8221; area=&#8221;sidebar-1&#8243; background_layout=&#8221;light&#8221; remove_border=&#8221;off&#8221; \/][\/et_pb_column][et_pb_column type=&#8221;2_3&#8243;][et_pb_text admin_label=&#8221;Casos complexos de DNA&#8221; background_layout=&#8221;light&#8221; text_orientation=&#8221;left&#8221; use_border_color=&#8221;off&#8221; border_color=&#8221;#ffffff&#8221; border_style=&#8221;solid&#8221;]<\/p>\n<h3>Casos complexos de DNA<\/h3>\n<p><img loading=\"lazy\" decoding=\"async\" class=\"alignnone size-large wp-image-209\" src=\"https:\/\/dnareference.com.br\/laboratorio\/wp-content\/uploads\/sites\/2\/2017\/04\/LaboratorioDNAReference_CasosComplexos-1024x457.jpg\" alt=\"\" width=\"1024\" height=\"457\" srcset=\"https:\/\/dnareference.com.br\/laboratorio\/wp-content\/uploads\/sites\/2\/2017\/04\/LaboratorioDNAReference_CasosComplexos-1024x457.jpg 1024w, https:\/\/dnareference.com.br\/laboratorio\/wp-content\/uploads\/sites\/2\/2017\/04\/LaboratorioDNAReference_CasosComplexos-300x134.jpg 300w, https:\/\/dnareference.com.br\/laboratorio\/wp-content\/uploads\/sites\/2\/2017\/04\/LaboratorioDNAReference_CasosComplexos-768x342.jpg 768w, https:\/\/dnareference.com.br\/laboratorio\/wp-content\/uploads\/sites\/2\/2017\/04\/LaboratorioDNAReference_CasosComplexos-1080x482.jpg 1080w, https:\/\/dnareference.com.br\/laboratorio\/wp-content\/uploads\/sites\/2\/2017\/04\/LaboratorioDNAReference_CasosComplexos.jpg 1200w\" sizes=\"(max-width: 1024px) 100vw, 1024px\" \/><\/p>\n<p>Em\u00a0casos complexos de DNA, estudamos o maior n\u00famero de pessoas relacionadas. Um exemplo bastante t\u00edpico envolve o DNA de uma pessoa j\u00e1 falecida. Nestes casos, recomenda-se estudar seus pais, seus filhos leg\u00edtimos (acompanhados da vi\u00fava, se existente) ou de seus irm\u00e3os, al\u00e9m do pretenso filho e sua m\u00e3e. No caso da exist\u00eancia de poucos ou nenhum filho leg\u00edtimo, podemos usar amostras de irm\u00e3os do falecido (supostos tios).<\/p>\n<p>[\/et_pb_text][\/et_pb_column][\/et_pb_row][et_pb_row admin_label=&#8221;Linha&#8221;][et_pb_column type=&#8221;1_3&#8243;][\/et_pb_column][et_pb_column type=&#8221;1_3&#8243;][et_pb_text admin_label=&#8221;Cromossomo Y&#8221; background_layout=&#8221;light&#8221; text_orientation=&#8221;left&#8221; use_border_color=&#8221;off&#8221; border_color=&#8221;#ffffff&#8221; border_style=&#8221;solid&#8221;]<\/p>\n<h4>Cromossomo Y<\/h4>\n<p><img loading=\"lazy\" decoding=\"async\" class=\"alignnone wp-image-211 size-large\" src=\"https:\/\/dnareference.com.br\/laboratorio\/wp-content\/uploads\/sites\/2\/2017\/04\/LaboratorioDNAReference_CromossomoY-1024x683.jpg\" alt=\"\" width=\"1024\" height=\"683\" srcset=\"https:\/\/dnareference.com.br\/laboratorio\/wp-content\/uploads\/sites\/2\/2017\/04\/LaboratorioDNAReference_CromossomoY-1024x683.jpg 1024w, https:\/\/dnareference.com.br\/laboratorio\/wp-content\/uploads\/sites\/2\/2017\/04\/LaboratorioDNAReference_CromossomoY-300x200.jpg 300w, https:\/\/dnareference.com.br\/laboratorio\/wp-content\/uploads\/sites\/2\/2017\/04\/LaboratorioDNAReference_CromossomoY-768x512.jpg 768w, https:\/\/dnareference.com.br\/laboratorio\/wp-content\/uploads\/sites\/2\/2017\/04\/LaboratorioDNAReference_CromossomoY-1080x720.jpg 1080w, https:\/\/dnareference.com.br\/laboratorio\/wp-content\/uploads\/sites\/2\/2017\/04\/LaboratorioDNAReference_CromossomoY.jpg 1200w\" sizes=\"(max-width: 1024px) 100vw, 1024px\" \/><\/p>\n<p>Os testes de DNA do cromossomo masculino Y podem ajudar a esclarecer diversos casos onde o pretenso filho seja do sexo masculino. Nesses casos, necessitamos de amostras da linhagem masculina do suposto pai, ou seja, qualquer indiv\u00edduo masculino e que seja filho, neto, sobrinho ou primo do falecido. A linhagem masculina n\u00e3o pode ser interrompida por um membro do sexo feminino, ou seja: n\u00e3o podemos usar um sobrinho, filho de uma irm\u00e3 do falecido.<\/p>\n<p>[\/et_pb_text][\/et_pb_column][et_pb_column type=&#8221;1_3&#8243;][et_pb_text admin_label=&#8221;Cromossomo X&#8221; background_layout=&#8221;light&#8221; text_orientation=&#8221;left&#8221; use_border_color=&#8221;off&#8221; border_color=&#8221;#ffffff&#8221; border_style=&#8221;solid&#8221;]<\/p>\n<h4>Cromossomo X<\/h4>\n<p><img loading=\"lazy\" decoding=\"async\" class=\"alignnone size-large wp-image-212\" src=\"https:\/\/dnareference.com.br\/laboratorio\/wp-content\/uploads\/sites\/2\/2017\/04\/LaboratorioDNAReference_CromossomoX-1024x683.jpg\" alt=\"\" width=\"1024\" height=\"683\" srcset=\"https:\/\/dnareference.com.br\/laboratorio\/wp-content\/uploads\/sites\/2\/2017\/04\/LaboratorioDNAReference_CromossomoX-1024x683.jpg 1024w, https:\/\/dnareference.com.br\/laboratorio\/wp-content\/uploads\/sites\/2\/2017\/04\/LaboratorioDNAReference_CromossomoX-300x200.jpg 300w, https:\/\/dnareference.com.br\/laboratorio\/wp-content\/uploads\/sites\/2\/2017\/04\/LaboratorioDNAReference_CromossomoX-768x512.jpg 768w, https:\/\/dnareference.com.br\/laboratorio\/wp-content\/uploads\/sites\/2\/2017\/04\/LaboratorioDNAReference_CromossomoX-1080x720.jpg 1080w, https:\/\/dnareference.com.br\/laboratorio\/wp-content\/uploads\/sites\/2\/2017\/04\/LaboratorioDNAReference_CromossomoX.jpg 1200w\" sizes=\"(max-width: 1024px) 100vw, 1024px\" \/><\/p>\n<p>Os testes de\u00a0DNA do cromossomo X servem para identificar pessoas pela heran\u00e7a do X em diversas situa\u00e7\u00f5es importantes.<\/p>\n<p>[\/et_pb_text][\/et_pb_column][\/et_pb_row][et_pb_row admin_label=&#8221;Linha&#8221;][et_pb_column type=&#8221;1_3&#8243;][\/et_pb_column][et_pb_column type=&#8221;2_3&#8243;][et_pb_button admin_label=&#8221;Confira um artigo sobre casos complexos em DNA&#8221; saved_tabs=&#8221;all&#8221; url_new_window=&#8221;off&#8221; button_alignment=&#8221;left&#8221; background_layout=&#8221;light&#8221; custom_button=&#8221;on&#8221; button_letter_spacing=&#8221;0&#8243; button_use_icon=&#8221;default&#8221; button_icon_placement=&#8221;right&#8221; button_on_hover=&#8221;on&#8221; button_letter_spacing_hover=&#8221;0&#8243; button_text=&#8221;Confira um artigo sobre casos complexos em DNA&#8221; button_url=&#8221;\/laboratorio\/2017\/04\/25\/novos-testes-de-dna-na-investigacao-de-paternidade-com-suposto-pai-falecido\/&#8221; button_text_color=&#8221;#ffffff&#8221; button_bg_color=&#8221;#e02b20&#8243; button_border_color=&#8221;#e02b20&#8243; button_text_color_hover=&#8221;#ffffff&#8221; button_bg_color_hover=&#8221;#e02b20&#8243; button_border_color_hover=&#8221;#e02b20&#8243; \/][\/et_pb_column][\/et_pb_row][\/et_pb_section]<\/p>\n","protected":false},"excerpt":{"rendered":"<p>Casos complexos de DNA Em\u00a0casos complexos de DNA, estudamos o maior n\u00famero de pessoas relacionadas. Um exemplo bastante t\u00edpico envolve o DNA de uma pessoa j\u00e1 falecida. Nestes casos, recomenda-se estudar seus pais, seus filhos leg\u00edtimos (acompanhados da vi\u00fava, se existente) ou de seus irm\u00e3os, al\u00e9m do pretenso filho e sua m\u00e3e. No caso da [&hellip;]<\/p>\n","protected":false},"author":1,"featured_media":0,"parent":104,"menu_order":0,"comment_status":"closed","ping_status":"closed","template":"","meta":{"_et_pb_use_builder":"on","_et_pb_old_content":"","_et_gb_content_width":"","footnotes":""},"class_list":["post-99","page","type-page","status-publish","hentry"],"_links":{"self":[{"href":"https:\/\/dnareference.com.br\/laboratorio\/wp-json\/wp\/v2\/pages\/99"}],"collection":[{"href":"https:\/\/dnareference.com.br\/laboratorio\/wp-json\/wp\/v2\/pages"}],"about":[{"href":"https:\/\/dnareference.com.br\/laboratorio\/wp-json\/wp\/v2\/types\/page"}],"author":[{"embeddable":true,"href":"https:\/\/dnareference.com.br\/laboratorio\/wp-json\/wp\/v2\/users\/1"}],"replies":[{"embeddable":true,"href":"https:\/\/dnareference.com.br\/laboratorio\/wp-json\/wp\/v2\/comments?post=99"}],"version-history":[{"count":10,"href":"https:\/\/dnareference.com.br\/laboratorio\/wp-json\/wp\/v2\/pages\/99\/revisions"}],"predecessor-version":[{"id":427,"href":"https:\/\/dnareference.com.br\/laboratorio\/wp-json\/wp\/v2\/pages\/99\/revisions\/427"}],"up":[{"embeddable":true,"href":"https:\/\/dnareference.com.br\/laboratorio\/wp-json\/wp\/v2\/pages\/104"}],"wp:attachment":[{"href":"https:\/\/dnareference.com.br\/laboratorio\/wp-json\/wp\/v2\/media?parent=99"}],"curies":[{"name":"wp","href":"https:\/\/api.w.org\/{rel}","templated":true}]}}