{"id":97,"date":"2017-04-10T13:18:07","date_gmt":"2017-04-10T16:18:07","guid":{"rendered":"https:\/\/dnareference.com.br\/laboratorio\/?page_id=97"},"modified":"2017-05-28T20:37:01","modified_gmt":"2017-05-28T23:37:01","slug":"colheita-de-amostras","status":"publish","type":"page","link":"https:\/\/dnareference.com.br\/laboratorio\/exames\/testes-de-paternidade\/colheita-de-amostras\/","title":{"rendered":"Colheita de Amostras"},"content":{"rendered":"<p>[et_pb_section bb_built=&#8221;1&#8243; admin_label=&#8221;Se\u00e7\u00e3o&#8221; fullwidth=&#8221;on&#8221; specialty=&#8221;off&#8221;][et_pb_fullwidth_post_title admin_label=&#8221;T\u00edtulo da Publica\u00e7\u00e3o de Largura Inteira&#8221; title=&#8221;on&#8221; meta=&#8221;off&#8221; author=&#8221;off&#8221; date=&#8221;off&#8221; categories=&#8221;off&#8221; comments=&#8221;off&#8221; featured_image=&#8221;off&#8221; featured_placement=&#8221;below&#8221; parallax_effect=&#8221;on&#8221; parallax_method=&#8221;on&#8221; text_orientation=&#8221;center&#8221; text_color=&#8221;dark&#8221; text_background=&#8221;off&#8221; text_bg_color=&#8221;rgba(255,255,255,0.9)&#8221; use_border_color=&#8221;off&#8221; border_color=&#8221;#ffffff&#8221; border_style=&#8221;solid&#8221; module_bg_color=&#8221;#e02b20&#8243; title_font_size=&#8221;30px&#8221; title_text_color=&#8221;#ffffff&#8221; \/][\/et_pb_section][et_pb_section bb_built=&#8221;1&#8243; admin_label=&#8221;Se\u00e7\u00e3o&#8221; fullwidth=&#8221;off&#8221; specialty=&#8221;off&#8221;][et_pb_row admin_label=&#8221;Linha&#8221;][et_pb_column type=&#8221;1_3&#8243;][et_pb_sidebar admin_label=&#8221;Barra Lateral&#8221; orientation=&#8221;left&#8221; area=&#8221;sidebar-1&#8243; background_layout=&#8221;light&#8221; remove_border=&#8221;off&#8221; \/][\/et_pb_column][et_pb_column type=&#8221;2_3&#8243;][et_pb_text admin_label=&#8221;Colheita no Laborat\u00f3rio DNA Reference&#8221; background_layout=&#8221;light&#8221; text_orientation=&#8221;left&#8221; use_border_color=&#8221;off&#8221; border_color=&#8221;#ffffff&#8221; border_style=&#8221;solid&#8221;]<\/p>\n<h3>Colheita\u00a0no Laborat\u00f3rio DNA Reference<\/h3>\n<p>Realizamos colheita de material para testes de DNA\u00a0no m\u00e9todo mais apropriado para o caso. Entre em contato para saber como agendar um hor\u00e1rio e obter todas as orienta\u00e7\u00f5es necess\u00e1rias: 51 3222 1350<\/p>\n<p>[\/et_pb_text][et_pb_text admin_label=&#8221;Kits para Colheita de Material&#8221; background_layout=&#8221;light&#8221; text_orientation=&#8221;left&#8221; use_border_color=&#8221;off&#8221; border_color=&#8221;#ffffff&#8221; border_style=&#8221;solid&#8221;]<\/p>\n<h3>Kits para Colheita de Material<\/h3>\n<p>O DNA Reference possui tr\u00eas tipos de kits individuais para colheita de material. Al\u00e9m de simplificar a opera\u00e7\u00e3o, ele confere muito mais seguran\u00e7a e prote\u00e7\u00e3o \u00e0s amostras.<\/p>\n<ol>\n<li><strong>Colheita de sangue em papel:<\/strong> Cart\u00e3o FTA (m\u00e9todo moderno, seguro e indolor).<\/li>\n<li><strong>Colheita de c\u00e9lulas da mucosa bucal:<\/strong> Swab Bucal \u00a0(colheita e transporte f\u00e1cil).<\/li>\n<li><strong>Colheita de sangue:<\/strong> um tubo vacutainer com EDTA por pessoa.<\/li>\n<\/ol>\n<p>Os kits s\u00e3o enviados pelo correio com a folha de instru\u00e7\u00f5es e identifica\u00e7\u00e3o. Ap\u00f3s a colheita, as amostras devem ser enviadas ao Laborat\u00f3rio DNA Reference por SEDEX, sem nenhuma refrigera\u00e7\u00e3o.<\/p>\n<p>[\/et_pb_text][et_pb_text admin_label=&#8221;Colheita com Cart\u00e3o FTA&#8221; background_layout=&#8221;light&#8221; text_orientation=&#8221;left&#8221; use_border_color=&#8221;off&#8221; border_color=&#8221;#ffffff&#8221; border_style=&#8221;solid&#8221;]<\/p>\n<h3>1. Kit para Colheita com Cart\u00e3o FTA<\/h3>\n<p><img loading=\"lazy\" decoding=\"async\" class=\"size-medium wp-image-219 alignright\" src=\"https:\/\/dnareference.com.br\/laboratorio\/wp-content\/uploads\/sites\/2\/2017\/04\/CartaoFTA_Classic-300x242.jpg\" alt=\"\" width=\"300\" height=\"242\" srcset=\"https:\/\/dnareference.com.br\/laboratorio\/wp-content\/uploads\/sites\/2\/2017\/04\/CartaoFTA_Classic-300x242.jpg 300w, https:\/\/dnareference.com.br\/laboratorio\/wp-content\/uploads\/sites\/2\/2017\/04\/CartaoFTA_Classic-768x619.jpg 768w, https:\/\/dnareference.com.br\/laboratorio\/wp-content\/uploads\/sites\/2\/2017\/04\/CartaoFTA_Classic-1024x826.jpg 1024w, https:\/\/dnareference.com.br\/laboratorio\/wp-content\/uploads\/sites\/2\/2017\/04\/CartaoFTA_Classic-1080x871.jpg 1080w, https:\/\/dnareference.com.br\/laboratorio\/wp-content\/uploads\/sites\/2\/2017\/04\/CartaoFTA_Classic.jpg 1116w\" sizes=\"(max-width: 300px) 100vw, 300px\" \/><\/p>\n<p>A colheita com Cart\u00e3o FTA \u00e9 mais indicada para laborat\u00f3rios conveniados. O m\u00e9todo, o mesmo usado pelo FBI, \u00e9 o mais moderno que existe, totalmente seguro e indolor.<\/p>\n<p>O\u00a0Kit Cart\u00e3o FTA tem\u00a0locais definidos para a deposi\u00e7\u00e3o de quatro gotas de sangue, al\u00e9m de instrumentos est\u00e9reis para a puntura do polegar.\u00a0Gotas de sangue s\u00e3o espremidas no\u00a0local identificado no cart\u00e3o e o nome do indiv\u00edduo \u00e9 escrito abaixo.<\/p>\n<p>Para enviar o Kit Cart\u00e3o FTA pelo Correio, \u00e9 cobrada uma taxa que ser\u00e1 abatida quando da realiza\u00e7\u00e3o do exame.<\/p>\n<p>O Kit Cart\u00e3o FTA\u00a0tamb\u00e9m pode ser utilizado em casa, na modalidade de auto-colheita, por pessoas que n\u00e3o s\u00e3o da \u00e1rea da sa\u00fade.\u00a0A responsabilidade da identifica\u00e7\u00e3o \u00e9 da pessoa que envia as amostras, devendo tamb\u00e9m haver a concord\u00e2ncia dos participantes no teste de DNA.<\/p>\n<p>[\/et_pb_text][et_pb_button admin_label=&#8221;Solicitar Kit Cart\u00e3o FTA&#8221; saved_tabs=&#8221;all&#8221; url_new_window=&#8221;off&#8221; button_alignment=&#8221;left&#8221; background_layout=&#8221;light&#8221; custom_button=&#8221;on&#8221; button_letter_spacing=&#8221;0&#8243; button_use_icon=&#8221;default&#8221; button_icon_placement=&#8221;right&#8221; button_on_hover=&#8221;on&#8221; button_letter_spacing_hover=&#8221;0&#8243; button_text=&#8221;Solicitar Kit Cart\u00e3o FTA&#8221; button_url=&#8221;\/laboratorio\/kits-de-colheita&#8221; button_text_color=&#8221;#ffffff&#8221; button_bg_color=&#8221;#e02b20&#8243; button_border_color=&#8221;#e02b20&#8243; button_text_color_hover=&#8221;#ffffff&#8221; button_bg_color_hover=&#8221;#e02b20&#8243; button_border_color_hover=&#8221;#e02b20&#8243; \/][et_pb_text admin_label=&#8221;Colheita com Mucosa Bucal (Swab)&#8221; background_layout=&#8221;light&#8221; text_orientation=&#8221;left&#8221; use_border_color=&#8221;off&#8221; border_color=&#8221;#ffffff&#8221; border_style=&#8221;solid&#8221;]<\/p>\n<h3>2. Kit para Colheita com Mucosa Bucal (Swab)<\/h3>\n<p><img loading=\"lazy\" decoding=\"async\" class=\"size-medium wp-image-221 alignright\" src=\"https:\/\/dnareference.com.br\/laboratorio\/wp-content\/uploads\/sites\/2\/2017\/04\/LaboratorioDNAReference_MucosaBucal-Swab-300x192.jpg\" alt=\"\" width=\"300\" height=\"192\" srcset=\"https:\/\/dnareference.com.br\/laboratorio\/wp-content\/uploads\/sites\/2\/2017\/04\/LaboratorioDNAReference_MucosaBucal-Swab-300x192.jpg 300w, https:\/\/dnareference.com.br\/laboratorio\/wp-content\/uploads\/sites\/2\/2017\/04\/LaboratorioDNAReference_MucosaBucal-Swab-768x492.jpg 768w, https:\/\/dnareference.com.br\/laboratorio\/wp-content\/uploads\/sites\/2\/2017\/04\/LaboratorioDNAReference_MucosaBucal-Swab-1024x656.jpg 1024w, https:\/\/dnareference.com.br\/laboratorio\/wp-content\/uploads\/sites\/2\/2017\/04\/LaboratorioDNAReference_MucosaBucal-Swab-1080x692.jpg 1080w, https:\/\/dnareference.com.br\/laboratorio\/wp-content\/uploads\/sites\/2\/2017\/04\/LaboratorioDNAReference_MucosaBucal-Swab.jpg 1116w\" sizes=\"(max-width: 300px) 100vw, 300px\" \/><\/p>\n<p>O swab, ou raspagem da mucosa bucal, \u00e9 o tipo de colheita mais comum para testes de DNA.<\/p>\n<p>\u00c9 poss\u00edvel realizar a colheita domiciliar para testes de DNA. O\u00a0exame de DNA realizado em casa n\u00e3o tem valor legal, pois as pessoas n\u00e3o est\u00e3o sendo identificadas por um indiv\u00edduo credenciado.\u00a0A responsabilidade da identifica\u00e7\u00e3o \u00e9 da pessoa que envia as amostras, devendo tamb\u00e9m ter a concord\u00e2ncia dos participantes.<\/p>\n<p>Enviamos kits individuais de colheita. Os Kits Mucosa Bucal s\u00e3o f\u00e1ceis de usar e s\u00e3o compostos por pequenas escovas para esfregar na bochecha pela parte interna, colhendo-se as c\u00e9lulas da mucosa da boca.<\/p>\n<p>Para enviar o Kit Mucosa Bucal\u00a0pelo Correio, \u00e9 cobrada uma taxa que ser\u00e1 abatida quando da realiza\u00e7\u00e3o do exame.<\/p>\n<p>[\/et_pb_text][et_pb_button admin_label=&#8221;Solicitar Kit Mucosa Bucal&#8221; saved_tabs=&#8221;all&#8221; url_new_window=&#8221;off&#8221; button_alignment=&#8221;left&#8221; background_layout=&#8221;light&#8221; custom_button=&#8221;on&#8221; button_letter_spacing=&#8221;0&#8243; button_use_icon=&#8221;default&#8221; button_icon_placement=&#8221;right&#8221; button_on_hover=&#8221;on&#8221; button_letter_spacing_hover=&#8221;0&#8243; button_text=&#8221;Solicitar Kit Mucosa Bucal&#8221; button_url=&#8221;\/laboratorio\/kits-de-colheita&#8221; button_text_color=&#8221;#ffffff&#8221; button_bg_color=&#8221;#e02b20&#8243; button_border_color=&#8221;#e02b20&#8243; button_text_color_hover=&#8221;#ffffff&#8221; button_bg_color_hover=&#8221;#e02b20&#8243; button_border_color_hover=&#8221;#e02b20&#8243; \/][et_pb_text admin_label=&#8221;Colheita de Sangue&#8221; background_layout=&#8221;light&#8221; text_orientation=&#8221;left&#8221; use_border_color=&#8221;off&#8221; border_color=&#8221;#ffffff&#8221; border_style=&#8221;solid&#8221;]<\/p>\n<h3>3. Kit para Colheita\u00a0de Sangue<\/h3>\n<p><img loading=\"lazy\" decoding=\"async\" class=\"alignright wp-image-224 size-medium\" src=\"https:\/\/dnareference.com.br\/laboratorio\/wp-content\/uploads\/sites\/2\/2017\/04\/LaboratorioDNAReference_Vacutainer-e1492385313768-300x134.jpg\" alt=\"\" width=\"300\" height=\"134\" srcset=\"https:\/\/dnareference.com.br\/laboratorio\/wp-content\/uploads\/sites\/2\/2017\/04\/LaboratorioDNAReference_Vacutainer-e1492385313768-300x134.jpg 300w, https:\/\/dnareference.com.br\/laboratorio\/wp-content\/uploads\/sites\/2\/2017\/04\/LaboratorioDNAReference_Vacutainer-e1492385313768-768x344.jpg 768w, https:\/\/dnareference.com.br\/laboratorio\/wp-content\/uploads\/sites\/2\/2017\/04\/LaboratorioDNAReference_Vacutainer-e1492385313768-1024x458.jpg 1024w, https:\/\/dnareference.com.br\/laboratorio\/wp-content\/uploads\/sites\/2\/2017\/04\/LaboratorioDNAReference_Vacutainer-e1492385313768-1080x483.jpg 1080w, https:\/\/dnareference.com.br\/laboratorio\/wp-content\/uploads\/sites\/2\/2017\/04\/LaboratorioDNAReference_Vacutainer-e1492385313768.jpg 1200w\" sizes=\"(max-width: 300px) 100vw, 300px\" \/>Para exame de DNA, a colheita de sangue com tubo vacutainer com EDTA, por pessoa, \u00e9 exclusiva para realiza\u00e7\u00e3o na Cl\u00ednica DNA Reference ou em laborat\u00f3rios conveniados.<\/p>\n<p>[\/et_pb_text][\/et_pb_column][\/et_pb_row][\/et_pb_section]<\/p>\n","protected":false},"excerpt":{"rendered":"<p>Colheita\u00a0no Laborat\u00f3rio DNA Reference Realizamos colheita de material para testes de DNA\u00a0no m\u00e9todo mais apropriado para o caso. Entre em contato para saber como agendar um hor\u00e1rio e obter todas as orienta\u00e7\u00f5es necess\u00e1rias: 51 3222 1350 Kits para Colheita de Material O DNA Reference possui tr\u00eas tipos de kits individuais para colheita de material. Al\u00e9m [&hellip;]<\/p>\n","protected":false},"author":1,"featured_media":0,"parent":104,"menu_order":0,"comment_status":"closed","ping_status":"closed","template":"","meta":{"_et_pb_use_builder":"on","_et_pb_old_content":"","_et_gb_content_width":"","footnotes":""},"class_list":["post-97","page","type-page","status-publish","hentry"],"_links":{"self":[{"href":"https:\/\/dnareference.com.br\/laboratorio\/wp-json\/wp\/v2\/pages\/97"}],"collection":[{"href":"https:\/\/dnareference.com.br\/laboratorio\/wp-json\/wp\/v2\/pages"}],"about":[{"href":"https:\/\/dnareference.com.br\/laboratorio\/wp-json\/wp\/v2\/types\/page"}],"author":[{"embeddable":true,"href":"https:\/\/dnareference.com.br\/laboratorio\/wp-json\/wp\/v2\/users\/1"}],"replies":[{"embeddable":true,"href":"https:\/\/dnareference.com.br\/laboratorio\/wp-json\/wp\/v2\/comments?post=97"}],"version-history":[{"count":20,"href":"https:\/\/dnareference.com.br\/laboratorio\/wp-json\/wp\/v2\/pages\/97\/revisions"}],"predecessor-version":[{"id":143,"href":"https:\/\/dnareference.com.br\/laboratorio\/wp-json\/wp\/v2\/pages\/97\/revisions\/143"}],"up":[{"embeddable":true,"href":"https:\/\/dnareference.com.br\/laboratorio\/wp-json\/wp\/v2\/pages\/104"}],"wp:attachment":[{"href":"https:\/\/dnareference.com.br\/laboratorio\/wp-json\/wp\/v2\/media?parent=97"}],"curies":[{"name":"wp","href":"https:\/\/api.w.org\/{rel}","templated":true}]}}