{"id":70,"date":"2017-04-09T09:49:52","date_gmt":"2017-04-09T12:49:52","guid":{"rendered":"https:\/\/dnareference.com.br\/laboratorio\/?page_id=70"},"modified":"2017-08-15T08:10:37","modified_gmt":"2017-08-15T11:10:37","slug":"contato","status":"publish","type":"page","link":"https:\/\/dnareference.com.br\/laboratorio\/contato\/","title":{"rendered":"Contato"},"content":{"rendered":"<p>Todo o conte\u00fado do site da Cl\u00ednica DNA Reference\u00a0tem car\u00e1ter informativo e n\u00e3o substitui, em hip\u00f3tese alguma, consultas presenciais com especialistas.<\/p>\n<p>Se voc\u00ea deseja informa\u00e7\u00f5es sobre testes de paternidade, gen\u00e9tica forense e pareceres, ser\u00e1 uma satisfa\u00e7\u00e3o atend\u00ea-lo.<\/p>\n<p>Se voc\u00ea deseja solicitar um Parecer T\u00e9cnico ou um Parecer para a Justi\u00e7a, preencha o formul\u00e1rio abaixo e envie tamb\u00e9m o resultado de seu exame de DNA para avaliarmos.<\/p>\n<p>Caso deseje solicitar Kits de Colheita, preencha o <a href=\"https:\/\/dnareference.com.br\/laboratorio\/kits-de-colheita\/\">formul\u00e1rio espec\u00edfico<\/a>.<\/p>\n<p>&nbsp;<\/p>\n<div data-uniq='69f89622ddaf6' class='uniq-69f89622ddaf6 formcraft-css form-live align-left'><div class='form-logic'>[]<\/div><div class=\"fc-pagination-cover fc-pagination-1\">\n\t\t\t\t<div class=\"fc-pagination\" style=\"width: 100%\">\n\t\t\t\t\t<div class=\"pagination-trigger \" data-index=\"0\">\n\t\t\t\t\t\t<span class=\"page-number\"><span >1<\/span><\/span>\n\t\t\t\t\t\t<span class=\"page-name \">Step 1<\/span>\n\t\t\t\t\t\t\n\t\t\t\t\t<\/div>\n\t\t\t\t<\/div>\n\t\t\t<\/div>\n\t\t\t\n\t\t\t<style scoped=\"scoped\" >\n\t\t\t@media (max-width : 480px) {\n\t\t\t\t.fc_modal-dialog-4 .fc-pagination-cover .fc-pagination\n\t\t\t\t{\n\t\t\t\t\tbackground-color: white !important;\n\t\t\t\t}\n\t\t\t}\n\t\t\t\t\t\t.formcraft-css .fc-form.fc-form-4 .form-element .submit-cover .submit-button,\n\t\t\t.formcraft-css .fc-form.fc-form-4 .form-element .fileupload-cover .button-file,\n\t\t\t.formcraft-css .fc-form.fc-form-4 .form-element .field-cover .button,\n\t\t\t.formcraft-datepicker .ui-datepicker-header,\n\t\t\t.formcraft-datepicker .ui-datepicker-title,\n\t\t\t.formcraft-css .fc-form.fc-form-4 .stripe-amount-show\n\t\t\t{\n\t\t\t\tbackground: #dd3333;\n\t\t\t\tcolor: #fff;\n\t\t\t}\n\t\t\t.formcraft-datepicker td .ui-state-active,\n\t\t\t.formcraft-datepicker td .ui-state-hover,\n\t\t\t.formcraft-css .fc-form.fc-form-4 .form-element .slider-cover .ui-slider-range\n\t\t\t{\n\t\t\t\tbackground: #dd3333;\n\t\t\t}\n\t\t\t#ui-datepicker-div.formcraft-datepicker .ui-datepicker-header,\n\t\t\t.formcraft-css .fc-form .field-cover>div.full hr\n\t\t\t{\n\t\t\t\tborder-color: #c22c2c;\n\t\t\t}\n\t\t\t#ui-datepicker-div.formcraft-datepicker .ui-datepicker-prev:hover,\n\t\t\t#ui-datepicker-div.formcraft-datepicker .ui-datepicker-next:hover,\n\t\t\t#ui-datepicker-div.formcraft-datepicker select.ui-datepicker-month:hover,\n\t\t\t#ui-datepicker-div.formcraft-datepicker select.ui-datepicker-year:hover\n\t\t\t{\n\t\t\t\tbackground-color: #c22c2c;\n\t\t\t}\n\t\t\t.formcraft-css .fc-pagination>div.active .page-number,\n\t\t\t.formcraft-css .form-cover-builder .fc-pagination>div:first-child .page-number\n\t\t\t{\n\t\t\t\tbackground-color: #f08080;\n\t\t\t\tcolor: #fff;\n\t\t\t}\n\t\t\t#ui-datepicker-div.formcraft-datepicker table.ui-datepicker-calendar th,\n\t\t\t#ui-datepicker-div.formcraft-datepicker table.ui-datepicker-calendar td.ui-datepicker-today a,\n\t\t\t.formcraft-css .fc-form.fc-form-4 .form-element .star-cover label,\n\t\t\thtml .formcraft-css .fc-form.label-floating .form-element .field-cover.has-focus>span,\n\t\t\t.formcraft-css .fc-form.fc-form-4 .form-element .customText-cover a,\n\t\t\t.formcraft-css .prev-next>div span:hover\n\t\t\t{\n\t\t\t\tcolor: #dd3333;\n\t\t\t}\n\t\t\t.formcraft-css .fc-form.fc-form-4 .form-element .customText-cover a:hover\n\t\t\t{\n\t\t\t\tcolor: #c22c2c;\n\t\t\t}\n\t\t\thtml .formcraft-css .fc-form.fc-form-4.label-floating .form-element .field-cover > span\n\t\t\t{\n\t\t\t\tcolor: #666666;\n\t\t\t}\n\t\t\thtml .formcraft-css .fc-form .final-success .final-success-check {\n\t\t\t\tborder: 2px solid #666666;\n\t\t\t}\n\t\t\t.formcraft-css .fc-form.fc-form-4 .form-element .field-cover input[type=\"text\"],\n\t\t\t.formcraft-css .fc-form.fc-form-4 .form-element .field-cover input[type=\"email\"],\n\t\t\t.formcraft-css .fc-form.fc-form-4 .form-element .field-cover input[type=\"password\"],\n\t\t\t.formcraft-css .fc-form.fc-form-4 .form-element .field-cover input[type=\"tel\"],\n\t\t\t.formcraft-css .fc-form.fc-form-4 .form-element .field-cover textarea,\n\t\t\t.formcraft-css .fc-form.fc-form-4 .form-element .field-cover select,\n\t\t\t.formcraft-css .fc-form.fc-form-4 .form-element .field-cover .time-fields-cover,\n\t\t\t.formcraft-css .fc-form.fc-form-4 .form-element .field-cover .awesomplete ul\n\t\t\t{\n\t\t\t\tcolor: #777;\n\t\t\t}\n\t\t\t.formcraft-css .fc-form.fc-form-4 .form-element .field-cover input[type=\"text\"],\n\t\t\t.formcraft-css .fc-form.fc-form-4 .form-element .field-cover input[type=\"password\"],\n\t\t\t.formcraft-css .fc-form.fc-form-4 .form-element .field-cover input[type=\"email\"],\n\t\t\t.formcraft-css .fc-form.fc-form-4 .form-element .field-cover input[type=\"radio\"],\n\t\t\t.formcraft-css .fc-form.fc-form-4 .form-element .field-cover input[type=\"checkbox\"],\n\t\t\t.formcraft-css .fc-form.fc-form-4 .form-element .field-cover input[type=\"tel\"],\n\t\t\t.formcraft-css .fc-form.fc-form-4 .form-element .field-cover select,\n\t\t\t.formcraft-css .fc-form.fc-form-4 .form-element .field-cover textarea\n\t\t\t{\n\t\t\t\tbackground-color: #fafafa;\n\t\t\t}\n\t\t\t.formcraft-css .fc-form.fc-form-4 .form-element .field-cover input[type=\"radio\"]:checked,\n\t\t\t.formcraft-css .fc-form.fc-form-4 .form-element .field-cover input[type=\"checkbox\"]:checked {\n\t\t\t\tborder-color: #c22c2c;\n\t\t\t\tbackground: #dd3333;\t\t\t\t\n\t\t\t}\n\t\t\t.formcraft-css .fc-form.fc-form-4 .form-element .star-cover label .star\n\t\t\t{\n\t\t\t\ttext-shadow: 0px 1px 0px #c22c2c;\n\t\t\t}\n\t\t\t.formcraft-css .fc-form.fc-form-4 .form-element .slider-cover .ui-slider-range\n\t\t\t{\n\t\t\t\tbox-shadow: 0px 1px 1px #c22c2c inset;\n\t\t\t}\n\t\t\t.formcraft-css .fc-form.fc-form-4 .form-element .fileupload-cover .button-file,\n\t\t\t.formcraft-css .fc-form.fc-form-4 .form-element .stripe-amount-show\n\t\t\t{\n\t\t\t\tborder-color: #c22c2c;\n\t\t\t}\n\t\t\t.formcraft-css .fc-form.fc-form-4 .stripe-cover.field-cover div.stripe-amount-show::before\n\t\t\t{\n\t\t\t\tborder-top-color: #c22c2c;\n\t\t\t}\n\t\t\t.formcraft-css .fc-form.fc-form-4 .stripe-cover.field-cover div.stripe-amount-show::after\n\t\t\t{\n\t\t\t\tborder-right-color: #dd3333;\n\t\t\t}\n\t\t\t.formcraft-css .fc-form.fc-form-4 .form-element .form-element-html input[type=\"password\"]:focus,\n\t\t\t.formcraft-css .fc-form.fc-form-4 .form-element .form-element-html input[type=\"email\"]:focus,\n\t\t\t.formcraft-css .fc-form.fc-form-4 .form-element .form-element-html input[type=\"tel\"]:focus,\n\t\t\t.formcraft-css .fc-form.fc-form-4 .form-element .form-element-html input[type=\"text\"]:focus,\n\t\t\t.formcraft-css .fc-form.fc-form-4 .form-element .form-element-html textarea:focus,\n\t\t\t.formcraft-css .fc-form.fc-form-4 .form-element .form-element-html select:focus\n\t\t\t{\n\t\t\t\tborder-color: #dd3333;\n\t\t\t}\n\t\t\t.formcraft-css .fc-form.fc-form-4 .form-element .form-element-html .field-cover .is-read-only:focus {\n\t\t\t\tborder-color: #ccc;\n\t\t\t}\n\t\t\t.formcraft-css .fc-form.fc-form-4\t\t\t{\n\t\t\t\tfont-family: inherit;\n\t\t\t}\n\t\t\t@media (max-width : 480px) {\n\t\t\t\thtml .dedicated-page,\n\t\t\t\thtml .dedicated-page .formcraft-css .fc-pagination > div.active\n\t\t\t\t{\n\t\t\t\t\tbackground: white;\n\t\t\t\t}\n\t\t\t}\n\t\t<\/style>\n\t\t<div class=\"form-cover\">\n\t\t\t<form data-thousand=\"\" data-decimal=\".\" data-delay=\"\" data-id=\"4\" class=\"fc-form fc-form-4 align- fc-temp-class spin- save-form- dont-submit-hidden- remove-asterisk- icons-hide- disable-enter- label-block field-border-visible frame-visible field-alignment-left\" style=\"width: 420px; color: #666666; font-size: 100%; background: white\">\n\t\t\t\t<div class=\"form-page form-page-0\" data-index=\"0\">\n\t\t\t\t\t\n\t\t\t\t\t<div class=\"form-page-content     \">\n\t\t\t\t\t\t<div data-identifier=\"field1\" data-index=\"0\" style=\"width: 100%\" class=\" form-element form-element-field1 options- index- form-element-0 default-false form-element-type-dropdown is-required-true odd -handle\">\n\t\t\t\t\t\t\t<div class=\"form-element-html\"><div ><div class=\"dropdown-cover field-cover autocomplete-type- \"><span class=\"sub-label-true\"><span class=\"main-label\"><span >Assunto<\/span><\/span><span class=\"sub-label\"><span >Escolha um<\/span><\/span><\/span><div><span class=\"error\"><\/span><select data-is-required=\"true\" class=\"validation-lenient\" data-field-id=\"field1\" name=\"field1\" data-placement=\"right\" data-toggle=\"tooltip\" tooltip=\"\" data-trigger=\"hover\" data-html=\"true\" data-original-title=\"\"><option value=\"\" class=\" \">Selecione<\/option><option value=\"Teste de Paternidade\" class=\" \">Teste de Paternidade<\/option><option value=\"Gen\u00e9tica Forense\" class=\" \">Gen\u00e9tica Forense<\/option><option value=\"Pareceres Especializados: DNA ou para a Justi\u00e7a\" class=\" \">Pareceres Especializados: DNA ou para a Justi\u00e7a<\/option><\/select><input type=\"text\"><\/div><\/div><\/div><\/div>\n\t\t\t\t\t\t\t\n\t\t\t\t\t\t<\/div><div data-identifier=\"field3\" data-index=\"1\" style=\"width: 100%\" class=\" even form-element form-element-field3 options- index- form-element-1 default-false form-element-type-oneLineText is-required-true -handle\">\n\t\t\t\t\t\t\t<div class=\"form-element-html\"><div ><div class=\"oneLineText-cover field-cover \"><span class=\"sub-label-true\"><span class=\"main-label\"><span >Nome<\/span><\/span><span class=\"sub-label\"><span >Seu nome completo<\/span><\/span><\/span><div><span class=\"error\"><\/span><input type=\"text\" placeholder=\"\" make-read-only=\"\" data-field-id=\"field3\" name=\"field3[]\" data-min-char=\"\" data-max-char=\"\" data-val-type=\"\" data-regexp=\"\" data-is-required=\"true\" data-allow-spaces=\"\" class=\"validation-lenient\" data-placement=\"right\" data-toggle=\"tooltip\" tooltip=\"\" data-trigger=\"focus\" data-html=\"true\" data-input-mask=\"\" data-mask-placeholder=\"\" data-original-title=\"\"><i class=\"formcraft-icon formcraft-icon-type-no-icon\">no-icon<\/i><\/div><\/div><\/div><\/div>\n\t\t\t\t\t\t\t\n\t\t\t\t\t\t<\/div><div data-identifier=\"field4\" data-index=\"2\" style=\"width: 100%\" class=\" form-element form-element-field4 options- index- form-element-2 default-false form-element-type-email is-required-true odd -handle\">\n\t\t\t\t\t\t\t<div class=\"form-element-html\"><div ><div class=\"email-cover field-cover \"><span class=\"sub-label-true\"><span class=\"main-label\"><span >E-mail<\/span><\/span><span class=\"sub-label\"><span >Um e-mail v\u00e1lido<\/span><\/span><\/span><div><span class=\"error\"><\/span><input placeholder=\"\" data-field-id=\"field4\" type=\"text\" data-val-type=\"email\" make-read-only=\"\" data-is-required=\"true\" name=\"field4\" class=\"validation-lenient\" data-placement=\"right\" data-toggle=\"tooltip\" tooltip=\"\" data-trigger=\"focus\" data-html=\"true\" data-original-title=\"\"><i class=\"formcraft-icon\">email<\/i><\/div><\/div><\/div><\/div>\n\t\t\t\t\t\t\t\n\t\t\t\t\t\t<\/div><div data-identifier=\"field2\" data-index=\"3\" style=\"width: 100%\" class=\" even form-element form-element-field2 options- index- form-element-3 default-false form-element-type-textarea is-required-true -handle\">\n\t\t\t\t\t\t\t<div class=\"form-element-html\"><div ><div class=\"textarea-cover field-cover \"><span class=\"sub-label-false\"><span class=\"main-label\"><span >Mensagem<\/span><\/span><span class=\"sub-label\"><\/span><\/span><div><span class=\"error\"><\/span><textarea data-field-id=\"field2\" placeholder=\"\" class=\"validation-lenient\" name=\"field2\" value=\"\" rows=\"8\" data-min-char=\"\" data-max-char=\"10000\" data-is-required=\"true\" data-placement=\"right\" data-toggle=\"tooltip\" tooltip=\"\" data-trigger=\"focus\" data-html=\"true\" data-original-title=\"\" style=\"min-height: 164px\"><\/textarea><div class=\"count-true\"><span class=\"current-count\">0<\/span> \/ <span class=\"max-count \">10000<\/span><\/div><\/div><\/div><\/div><\/div>\n\t\t\t\t\t\t\t\n\t\t\t\t\t\t<\/div><div data-identifier=\"field13\" data-index=\"4\" style=\"width: 100%\" class=\" form-element form-element-field13 options- index- form-element-4 default-false form-element-type-fileupload is-required-false odd -handle\">\n\t\t\t\t\t\t\t<div class=\"form-element-html\"><div ><div class=\"wide- fileupload-cover field-cover\"><span class=\"sub-label-\"><span class=\"main-label\"><span >Se voc\u00ea deseja or\u00e7ar um Parecer (t\u00e9cnico ou para justi\u00e7a), envie em anexo aqui o resultado do seu exame de DNA<\/span><\/span><span class=\"sub-label\"><span >Aceita somente formato PDF, m\u00e1ximo 10Mb<\/span><\/span><\/span><div><span class=\"error\"><\/span><div class=\"button button-file fileupload-button\" data-placement=\"right\" data-toggle=\"tooltip\" tooltip=\"\" data-trigger=\"hover\" data-html=\"true\" data-original-title=\"\"><i class=\"icon-upload-cloud formcraft-icon\">cloud_upload<\/i><span >Enviar resultado de exame<\/span><input type=\"file\" data-name-list=\"field13\" name=\"files\" multiple=\"multiple\" data-allow-extensions=\"pdf\" data-min-files=\"\" data-max-files=\"2\" data-max-size=\"\"><\/div><\/div><\/div><\/div><\/div>\n\t\t\t\t\t\t\t\n\t\t\t\t\t\t<\/div><div data-identifier=\"field11\" data-index=\"5\" style=\"width: 100%\" class=\" even form-element form-element-field11 options- index- form-element-5 default-false form-element-type-submit is-required-false -handle\">\n\t\t\t\t\t\t\t<div class=\"form-element-html\"><div ><div class=\"align-right wide-true submit-cover field-cover\"><button type=\"submit\" class=\"button submit-button\"><span class=\"text \">Enviar mensagem<\/span><span class=\"spin-cover\"><i style=\"color:\" class=\"loading-icon icon-cog animate-spin\"><\/i><\/span><\/button><\/div><div class=\"submit-response \"><\/div><input type=\"text\" class=\"required_field \" name=\"website\"><\/div><\/div>\n\t\t\t\t\t\t\t\n\t\t\t\t\t\t<\/div>\n\t\t\t\t\t<\/div>\n\t\t\t\t<\/div>\n\t\t\t<\/form>\n\t\t\t<div class=\"prev-next prev-next-1\" style=\"width: 420px; color: #666666; font-size: 100%; background: white\">\n\t\t\t\t<div><input type=\"text\" class=\"  \"><span class=\"inactive page-prev \"><i class=\"formcraft-icon\">keyboard_arrow_left<\/i>Previous<\/span><\/div>\n\t\t\t\t<div><input type=\"text\" class=\"  \"><span class=\"page-next \">Next<i class=\"formcraft-icon\">keyboard_arrow_right<\/i><\/span><\/div>\n\t\t\t<\/div>\n\t\t<\/div><a class=\"powered-by\" target=\"_blank\" href=\"http:\/\/formcraft-wp.com?source=pb\"\/>FormCraft - WordPress form builder<\/a><\/div>\n","protected":false},"excerpt":{"rendered":"<p>Todo o conte\u00fado do site da Cl\u00ednica DNA Reference\u00a0tem car\u00e1ter informativo e n\u00e3o substitui, em hip\u00f3tese alguma, consultas presenciais com especialistas. Se voc\u00ea deseja informa\u00e7\u00f5es sobre testes de paternidade, gen\u00e9tica forense e pareceres, ser\u00e1 uma satisfa\u00e7\u00e3o atend\u00ea-lo. Se voc\u00ea deseja solicitar um Parecer T\u00e9cnico ou um Parecer para a Justi\u00e7a, preencha o formul\u00e1rio abaixo e [&hellip;]<\/p>\n","protected":false},"author":1,"featured_media":0,"parent":0,"menu_order":0,"comment_status":"closed","ping_status":"closed","template":"","meta":{"_et_pb_use_builder":"","_et_pb_old_content":"","_et_gb_content_width":"","footnotes":""},"class_list":["post-70","page","type-page","status-publish","hentry"],"_links":{"self":[{"href":"https:\/\/dnareference.com.br\/laboratorio\/wp-json\/wp\/v2\/pages\/70"}],"collection":[{"href":"https:\/\/dnareference.com.br\/laboratorio\/wp-json\/wp\/v2\/pages"}],"about":[{"href":"https:\/\/dnareference.com.br\/laboratorio\/wp-json\/wp\/v2\/types\/page"}],"author":[{"embeddable":true,"href":"https:\/\/dnareference.com.br\/laboratorio\/wp-json\/wp\/v2\/users\/1"}],"replies":[{"embeddable":true,"href":"https:\/\/dnareference.com.br\/laboratorio\/wp-json\/wp\/v2\/comments?post=70"}],"version-history":[{"count":7,"href":"https:\/\/dnareference.com.br\/laboratorio\/wp-json\/wp\/v2\/pages\/70\/revisions"}],"predecessor-version":[{"id":438,"href":"https:\/\/dnareference.com.br\/laboratorio\/wp-json\/wp\/v2\/pages\/70\/revisions\/438"}],"wp:attachment":[{"href":"https:\/\/dnareference.com.br\/laboratorio\/wp-json\/wp\/v2\/media?parent=70"}],"curies":[{"name":"wp","href":"https:\/\/api.w.org\/{rel}","templated":true}]}}