{"id":68,"date":"2017-04-09T09:49:18","date_gmt":"2017-04-09T12:49:18","guid":{"rendered":"https:\/\/dnareference.com.br\/laboratorio\/?page_id=68"},"modified":"2018-10-17T11:54:22","modified_gmt":"2018-10-17T14:54:22","slug":"dna-em-casa","status":"publish","type":"page","link":"https:\/\/dnareference.com.br\/laboratorio\/exames\/testes-de-paternidade\/dna-em-casa\/","title":{"rendered":"DNA em Casa"},"content":{"rendered":"<p>[et_pb_section bb_built=&#8221;1&#8243; admin_label=&#8221;Se\u00e7\u00e3o&#8221; fullwidth=&#8221;on&#8221; specialty=&#8221;off&#8221;][et_pb_fullwidth_post_title admin_label=&#8221;T\u00edtulo da Publica\u00e7\u00e3o de Largura Inteira&#8221; title=&#8221;on&#8221; meta=&#8221;off&#8221; author=&#8221;off&#8221; date=&#8221;off&#8221; categories=&#8221;off&#8221; comments=&#8221;off&#8221; featured_image=&#8221;off&#8221; featured_placement=&#8221;below&#8221; parallax_effect=&#8221;on&#8221; parallax_method=&#8221;on&#8221; text_orientation=&#8221;center&#8221; text_color=&#8221;dark&#8221; text_background=&#8221;off&#8221; text_bg_color=&#8221;rgba(255,255,255,0.9)&#8221; use_border_color=&#8221;off&#8221; border_color=&#8221;#ffffff&#8221; border_style=&#8221;solid&#8221; module_bg_color=&#8221;#e02b20&#8243; title_font_size=&#8221;30px&#8221; title_text_color=&#8221;#ffffff&#8221; \/][\/et_pb_section][et_pb_section bb_built=&#8221;1&#8243; admin_label=&#8221;Se\u00e7\u00e3o&#8221; fullwidth=&#8221;off&#8221; specialty=&#8221;off&#8221;][et_pb_row admin_label=&#8221;Linha&#8221;][et_pb_column type=&#8221;1_3&#8243;][et_pb_sidebar admin_label=&#8221;Barra Lateral&#8221; orientation=&#8221;left&#8221; area=&#8221;sidebar-1&#8243; background_layout=&#8221;light&#8221; remove_border=&#8221;off&#8221; \/][\/et_pb_column][et_pb_column type=&#8221;2_3&#8243;][et_pb_text admin_label=&#8221;Auto-Colheita: Mucosa Bucal (Swab)&#8221; background_layout=&#8221;light&#8221; text_orientation=&#8221;left&#8221; use_border_color=&#8221;off&#8221; border_color=&#8221;#ffffff&#8221; border_style=&#8221;solid&#8221;]<\/p>\n<h3>Auto-colheita: Mucosa Bucal (Swab)<\/h3>\n<p>\u00c9 poss\u00edvel realizar a colheita domiciliar para testes de DNA. Esse tipo de exame n\u00e3o tem valor legal, pois as pessoas n\u00e3o est\u00e3o sendo identificadas por um indiv\u00edduo credenciado.<\/p>\n<p>Enviamos aos participantes kits individuais de colheita. Os kits s\u00e3o f\u00e1ceis de usar e utilizam pequenas escovas para esfregar na bochecha pela parte interna, colhendo-se as c\u00e9lulas da mucosa da boca.<\/p>\n<p>Os kits podem ser enviados pelo correio e s\u00e3o de f\u00e1cil utiliza\u00e7\u00e3o. A responsabilidade da identifica\u00e7\u00e3o \u00e9 da pessoa que envia as amostras, devendo tamb\u00e9m ter a concord\u00e2ncia dos participantes.<\/p>\n<p>[\/et_pb_text][et_pb_button admin_label=&#8221;Solicitar Kit Mucosa Bucal&#8221; saved_tabs=&#8221;all&#8221; button_url=&#8221;\/laboratorio\/kits-de-colheita&#8221; url_new_window=&#8221;off&#8221; button_alignment=&#8221;left&#8221; background_layout=&#8221;light&#8221; custom_button=&#8221;on&#8221; button_letter_spacing=&#8221;0&#8243; button_use_icon=&#8221;default&#8221; button_icon_placement=&#8221;right&#8221; button_on_hover=&#8221;on&#8221; button_letter_spacing_hover=&#8221;0&#8243; button_text=&#8221;Solicitar Kit Mucosa Bucal&#8221; button_text_color=&#8221;#ffffff&#8221; button_bg_color=&#8221;#e02b20&#8243; button_border_color=&#8221;#e02b20&#8243; button_text_color_hover=&#8221;#ffffff&#8221; button_bg_color_hover=&#8221;#e02b20&#8243; button_border_color_hover=&#8221;#e02b20&#8243; \/][et_pb_text admin_label=&#8221;Auto-colheita: Cart\u00e3o FTA&#8221; background_layout=&#8221;light&#8221; text_orientation=&#8221;left&#8221; use_border_color=&#8221;off&#8221; border_color=&#8221;#ffffff&#8221; border_style=&#8221;solid&#8221; disabled=&#8221;on&#8221; disabled_on=&#8221;on|on|on&#8221;]<\/p>\n<h3>Auto-colheita: Cart\u00e3o FTA<\/h3>\n<p>Enviamos, a pedido, um cart\u00e3o &#8211; o mesmo usado pelo FBI &#8211; com locais definidos para a deposi\u00e7\u00e3o de quatro gotas de sangue, al\u00e9m de instrumentos est\u00e9reis para a puntura do polegar.<\/p>\n<p>Gotas de sangue s\u00e3o espremidas em local identificado no cart\u00e3o e o nome do indiv\u00edduo \u00e9 escrito abaixo.<\/p>\n<p>O m\u00e9todo, mais moderno, \u00e9 totalmente seguro e indolor.<\/p>\n<p>Para enviar o material pelo Correio, cobramos uma taxa que ser\u00e1 abatida quando da realiza\u00e7\u00e3o do exame.<\/p>\n<p>A responsabilidade da identifica\u00e7\u00e3o \u00e9 da pessoa que envia as amostras, devendo tamb\u00e9m haver a concord\u00e2ncia dos participantes.<\/p>\n<p>[\/et_pb_text][et_pb_button admin_label=&#8221;Solicitar Kit Cart\u00e3o FTA&#8221; saved_tabs=&#8221;all&#8221; button_url=&#8221;\/laboratorio\/kits-de-colheita&#8221; url_new_window=&#8221;off&#8221; button_alignment=&#8221;left&#8221; background_layout=&#8221;light&#8221; custom_button=&#8221;on&#8221; button_letter_spacing=&#8221;0&#8243; button_use_icon=&#8221;default&#8221; button_icon_placement=&#8221;right&#8221; button_on_hover=&#8221;on&#8221; button_letter_spacing_hover=&#8221;0&#8243; button_text=&#8221;Solicitar Kit com Cart\u00e3o FTA&#8221; button_text_color=&#8221;#ffffff&#8221; button_bg_color=&#8221;#e02b20&#8243; button_border_color=&#8221;#e02b20&#8243; button_text_color_hover=&#8221;#ffffff&#8221; button_bg_color_hover=&#8221;#e02b20&#8243; button_border_color_hover=&#8221;#e02b20&#8243; disabled=&#8221;on&#8221; disabled_on=&#8221;on|on|on&#8221; \/][\/et_pb_column][\/et_pb_row][\/et_pb_section]<\/p>\n","protected":false},"excerpt":{"rendered":"<p>Auto-colheita: Mucosa Bucal (Swab) \u00c9 poss\u00edvel realizar a colheita domiciliar para testes de DNA. Esse tipo de exame n\u00e3o tem valor legal, pois as pessoas n\u00e3o est\u00e3o sendo identificadas por um indiv\u00edduo credenciado. Enviamos aos participantes kits individuais de colheita. Os kits s\u00e3o f\u00e1ceis de usar e utilizam pequenas escovas para esfregar na bochecha pela [&hellip;]<\/p>\n","protected":false},"author":1,"featured_media":0,"parent":104,"menu_order":0,"comment_status":"closed","ping_status":"closed","template":"","meta":{"_et_pb_use_builder":"on","_et_pb_old_content":"","_et_gb_content_width":"","footnotes":""},"class_list":["post-68","page","type-page","status-publish","hentry"],"_links":{"self":[{"href":"https:\/\/dnareference.com.br\/laboratorio\/wp-json\/wp\/v2\/pages\/68"}],"collection":[{"href":"https:\/\/dnareference.com.br\/laboratorio\/wp-json\/wp\/v2\/pages"}],"about":[{"href":"https:\/\/dnareference.com.br\/laboratorio\/wp-json\/wp\/v2\/types\/page"}],"author":[{"embeddable":true,"href":"https:\/\/dnareference.com.br\/laboratorio\/wp-json\/wp\/v2\/users\/1"}],"replies":[{"embeddable":true,"href":"https:\/\/dnareference.com.br\/laboratorio\/wp-json\/wp\/v2\/comments?post=68"}],"version-history":[{"count":13,"href":"https:\/\/dnareference.com.br\/laboratorio\/wp-json\/wp\/v2\/pages\/68\/revisions"}],"predecessor-version":[{"id":448,"href":"https:\/\/dnareference.com.br\/laboratorio\/wp-json\/wp\/v2\/pages\/68\/revisions\/448"}],"up":[{"embeddable":true,"href":"https:\/\/dnareference.com.br\/laboratorio\/wp-json\/wp\/v2\/pages\/104"}],"wp:attachment":[{"href":"https:\/\/dnareference.com.br\/laboratorio\/wp-json\/wp\/v2\/media?parent=68"}],"curies":[{"name":"wp","href":"https:\/\/api.w.org\/{rel}","templated":true}]}}