{"id":66,"date":"2017-04-09T09:48:59","date_gmt":"2017-04-09T12:48:59","guid":{"rendered":"https:\/\/dnareference.com.br\/laboratorio\/?page_id=66"},"modified":"2017-08-15T08:08:47","modified_gmt":"2017-08-15T11:08:47","slug":"pareceres","status":"publish","type":"page","link":"https:\/\/dnareference.com.br\/laboratorio\/pareceres\/","title":{"rendered":"Pareceres"},"content":{"rendered":"<p>[et_pb_section bb_built=&#8221;1&#8243; admin_label=&#8221;Se\u00e7\u00e3o&#8221; fullwidth=&#8221;on&#8221; specialty=&#8221;off&#8221;][et_pb_fullwidth_post_title admin_label=&#8221;T\u00edtulo da Publica\u00e7\u00e3o de Largura Inteira&#8221; title=&#8221;on&#8221; meta=&#8221;off&#8221; author=&#8221;off&#8221; date=&#8221;off&#8221; categories=&#8221;off&#8221; comments=&#8221;off&#8221; featured_image=&#8221;off&#8221; featured_placement=&#8221;below&#8221; parallax_effect=&#8221;on&#8221; parallax_method=&#8221;on&#8221; text_orientation=&#8221;center&#8221; text_color=&#8221;dark&#8221; text_background=&#8221;off&#8221; text_bg_color=&#8221;rgba(255,255,255,0.9)&#8221; use_border_color=&#8221;off&#8221; border_color=&#8221;#ffffff&#8221; border_style=&#8221;solid&#8221; module_bg_color=&#8221;#e02b20&#8243; title_font_size=&#8221;30px&#8221; title_text_color=&#8221;#ffffff&#8221; \/][\/et_pb_section][et_pb_section bb_built=&#8221;1&#8243; admin_label=&#8221;section&#8221;][et_pb_row admin_label=&#8221;Linha&#8221;][et_pb_column type=&#8221;1_2&#8243;][et_pb_image admin_label=&#8221;Imagem&#8221; src=&#8221;https:\/\/dnareference.com.br\/laboratorio\/wp-content\/uploads\/sites\/2\/2017\/04\/iStock-505753814.jpg&#8221; show_in_lightbox=&#8221;off&#8221; url_new_window=&#8221;off&#8221; use_overlay=&#8221;off&#8221; animation=&#8221;left&#8221; sticky=&#8221;off&#8221; align=&#8221;left&#8221; force_fullwidth=&#8221;off&#8221; always_center_on_mobile=&#8221;on&#8221; use_border_color=&#8221;off&#8221; border_color=&#8221;#ffffff&#8221; border_style=&#8221;solid&#8221; \/][\/et_pb_column][et_pb_column type=&#8221;1_2&#8243;][et_pb_text admin_label=&#8221;Texto&#8221; background_layout=&#8221;light&#8221; text_orientation=&#8221;left&#8221; use_border_color=&#8221;off&#8221; border_color=&#8221;#ffffff&#8221; border_style=&#8221;solid&#8221;]<\/p>\n<h3>Pareceres T\u00e9cnicos<\/h3>\n<p>Analisamos resultados de exames de DNA realizados por outros laborat\u00f3rios para certificar se foram feitos com a qualidade desejada pelas organiza\u00e7\u00f5es internacionais.\u00a0Existem muitos casos com exames insuficientes e de qualidade inferior. Exames baratos costumam oferecer resultados inferiores e merecem uma an\u00e1lise realizada por peritos experientes.<\/p>\n<h3>Pareceres para a Justi\u00e7a<\/h3>\n<p>Pareceres para a justi\u00e7a podem reverter casos de exclus\u00e3o ou inclus\u00e3o de paternidade. Quando uma das partes, que j\u00e1 realizou teste anterior, n\u00e3o deseja oferecer amostras para um teste de comprova\u00e7\u00e3o, podemos analisar os indiv\u00edduos dispon\u00edveis e procurar diferen\u00e7as entre os primeiros exames e o atual. Quando a qualidade do laborat\u00f3rio n\u00e3o \u00e9 adequada, muitas vezes \u00e9 poss\u00edvel\u00a0anular o exame anterior por diferen\u00e7as num segundo exame, mesmo em somente uma das partes.<\/p>\n<p>[\/et_pb_text][\/et_pb_column][\/et_pb_row][et_pb_row admin_label=&#8221;Linha&#8221;][et_pb_column type=&#8221;4_4&#8243;][et_pb_cta admin_label=&#8221;Chamada \u00e0 A\u00e7\u00e3o&#8221; title=&#8221;Nossos peritos \u00e0 sua disposi\u00e7\u00e3o&#8221; button_url=&#8221;\/laboratorio\/contato\/&#8221; url_new_window=&#8221;off&#8221; button_text=&#8221;Solicite um parecer especializado&#8221; use_background_color=&#8221;on&#8221; background_color=&#8221;#dd3333&#8243; background_layout=&#8221;dark&#8221; text_orientation=&#8221;center&#8221; use_border_color=&#8221;off&#8221; border_color=&#8221;#ffffff&#8221; border_style=&#8221;solid&#8221; custom_button=&#8221;off&#8221; button_letter_spacing=&#8221;0&#8243; button_use_icon=&#8221;default&#8221; button_icon_placement=&#8221;right&#8221; button_on_hover=&#8221;on&#8221; button_letter_spacing_hover=&#8221;0&#8243;]<\/p>\n<p>Envie o resultado de seu exame de DNA e avaliaremos a elabora\u00e7\u00e3o de um parecer especializado, seja ele T\u00e9cnico ou para a Justi\u00e7a. O processo \u00e9 sigiloso e r\u00e1pido, realizado por peritos com mais de 30 anos de experi\u00eancia em identifica\u00e7\u00e3o humana.<\/p>\n<p>[\/et_pb_cta][\/et_pb_column][\/et_pb_row][\/et_pb_section]<\/p>\n","protected":false},"excerpt":{"rendered":"<p>Pareceres T\u00e9cnicos Analisamos resultados de exames de DNA realizados por outros laborat\u00f3rios para certificar se foram feitos com a qualidade desejada pelas organiza\u00e7\u00f5es internacionais.\u00a0Existem muitos casos com exames insuficientes e de qualidade inferior. Exames baratos costumam oferecer resultados inferiores e merecem uma an\u00e1lise realizada por peritos experientes. Pareceres para a Justi\u00e7a Pareceres para a justi\u00e7a [&hellip;]<\/p>\n","protected":false},"author":1,"featured_media":0,"parent":0,"menu_order":0,"comment_status":"closed","ping_status":"closed","template":"","meta":{"_et_pb_use_builder":"on","_et_pb_old_content":"","_et_gb_content_width":"","footnotes":""},"class_list":["post-66","page","type-page","status-publish","hentry"],"_links":{"self":[{"href":"https:\/\/dnareference.com.br\/laboratorio\/wp-json\/wp\/v2\/pages\/66"}],"collection":[{"href":"https:\/\/dnareference.com.br\/laboratorio\/wp-json\/wp\/v2\/pages"}],"about":[{"href":"https:\/\/dnareference.com.br\/laboratorio\/wp-json\/wp\/v2\/types\/page"}],"author":[{"embeddable":true,"href":"https:\/\/dnareference.com.br\/laboratorio\/wp-json\/wp\/v2\/users\/1"}],"replies":[{"embeddable":true,"href":"https:\/\/dnareference.com.br\/laboratorio\/wp-json\/wp\/v2\/comments?post=66"}],"version-history":[{"count":9,"href":"https:\/\/dnareference.com.br\/laboratorio\/wp-json\/wp\/v2\/pages\/66\/revisions"}],"predecessor-version":[{"id":437,"href":"https:\/\/dnareference.com.br\/laboratorio\/wp-json\/wp\/v2\/pages\/66\/revisions\/437"}],"wp:attachment":[{"href":"https:\/\/dnareference.com.br\/laboratorio\/wp-json\/wp\/v2\/media?parent=66"}],"curies":[{"name":"wp","href":"https:\/\/api.w.org\/{rel}","templated":true}]}}