{"id":64,"date":"2017-04-09T09:48:46","date_gmt":"2017-04-09T12:48:46","guid":{"rendered":"https:\/\/dnareference.com.br\/laboratorio\/?page_id=64"},"modified":"2017-05-28T20:33:54","modified_gmt":"2017-05-28T23:33:54","slug":"exames","status":"publish","type":"page","link":"https:\/\/dnareference.com.br\/laboratorio\/exames\/","title":{"rendered":"Exames"},"content":{"rendered":"<p>[et_pb_section bb_built=&#8221;1&#8243; admin_label=&#8221;Se\u00e7\u00e3o&#8221; fullwidth=&#8221;on&#8221; specialty=&#8221;off&#8221;][et_pb_fullwidth_post_title admin_label=&#8221;T\u00edtulo da Publica\u00e7\u00e3o de Largura Inteira&#8221; title=&#8221;on&#8221; meta=&#8221;off&#8221; author=&#8221;off&#8221; date=&#8221;off&#8221; categories=&#8221;off&#8221; comments=&#8221;off&#8221; featured_image=&#8221;off&#8221; featured_placement=&#8221;below&#8221; parallax_effect=&#8221;on&#8221; parallax_method=&#8221;on&#8221; text_orientation=&#8221;center&#8221; text_color=&#8221;dark&#8221; text_background=&#8221;off&#8221; text_bg_color=&#8221;rgba(255,255,255,0.9)&#8221; use_border_color=&#8221;off&#8221; border_color=&#8221;#ffffff&#8221; border_style=&#8221;solid&#8221; module_bg_color=&#8221;#e02b20&#8243; title_font_size=&#8221;30px&#8221; title_text_color=&#8221;#ffffff&#8221; \/][\/et_pb_section][et_pb_section bb_built=&#8221;1&#8243; admin_label=&#8221;Se\u00e7\u00e3o&#8221; fullwidth=&#8221;off&#8221; specialty=&#8221;off&#8221;][et_pb_row admin_label=&#8221;Linha&#8221;][et_pb_column type=&#8221;1_3&#8243;][et_pb_sidebar admin_label=&#8221;Barra Lateral&#8221; orientation=&#8221;left&#8221; area=&#8221;sidebar-1&#8243; background_layout=&#8221;light&#8221; remove_border=&#8221;off&#8221; \/][\/et_pb_column][et_pb_column type=&#8221;2_3&#8243;][et_pb_text admin_label=&#8221;Testes de DNA&#8221; background_layout=&#8221;light&#8221; text_orientation=&#8221;left&#8221; use_border_color=&#8221;off&#8221; border_color=&#8221;#ffffff&#8221; border_style=&#8221;solid&#8221;]<\/p>\n<h3>Testes de DNA<\/h3>\n<p><img loading=\"lazy\" decoding=\"async\" class=\"alignnone size-large wp-image-205\" src=\"https:\/\/dnareference.com.br\/laboratorio\/wp-content\/uploads\/sites\/2\/2017\/04\/iStock-516357672-Copia-1024x457.jpg\" alt=\"\" width=\"1024\" height=\"457\" srcset=\"https:\/\/dnareference.com.br\/laboratorio\/wp-content\/uploads\/sites\/2\/2017\/04\/iStock-516357672-Copia-1024x457.jpg 1024w, https:\/\/dnareference.com.br\/laboratorio\/wp-content\/uploads\/sites\/2\/2017\/04\/iStock-516357672-Copia-300x134.jpg 300w, https:\/\/dnareference.com.br\/laboratorio\/wp-content\/uploads\/sites\/2\/2017\/04\/iStock-516357672-Copia-768x342.jpg 768w, https:\/\/dnareference.com.br\/laboratorio\/wp-content\/uploads\/sites\/2\/2017\/04\/iStock-516357672-Copia-1080x482.jpg 1080w, https:\/\/dnareference.com.br\/laboratorio\/wp-content\/uploads\/sites\/2\/2017\/04\/iStock-516357672-Copia.jpg 1200w\" sizes=\"(max-width: 1024px) 100vw, 1024px\" \/><\/p>\n<h4>M\u00e9todo PCR<\/h4>\n<p>Utilizamos o m\u00e9todo de PCR (Polymerase Chain Reaction) para amplificar os locos de microssat\u00e9lites (STRs &#8211; Short Tandem Repeats). Usamos um grande n\u00famero de locais do DNA para a an\u00e1lise gen\u00e9tica.\u00a0Os marcadores gen\u00e9ticos s\u00e3o posteriormente identificados por sequenciadores autom\u00e1ticos de DNA (foto).\u00a0Os locos que utilizamos foram todos aprovados em programa de Certifica\u00e7\u00e3o de Qualidade do Grupo Espanhol e Portugu\u00eas da ISFG (<a href=\"https:\/\/www.google.com.br\/url?sa=t&amp;rct=j&amp;q=&amp;esrc=s&amp;source=web&amp;cd=1&amp;cad=rja&amp;uact=8&amp;ved=0ahUKEwj_2KqPpJrTAhWGHpAKHbpTBYwQFgghMAA&amp;url=https%3A%2F%2Fwww.isfg.org%2F&amp;usg=AFQjCNHjMgOmg2rwKW4KakPowWDHh9kSVg&amp;sig2=Mgkh_8q3J3wk8FHVmLkyWQ\" target=\"_blank\" rel=\"noopener noreferrer\">International Society for Forensic Genetics<\/a>).<\/p>\n<p>[\/et_pb_text][et_pb_text admin_label=&#8221;Mais de 20.000 per\u00edcias realizadas&#8221; background_layout=&#8221;light&#8221; text_orientation=&#8221;left&#8221; use_border_color=&#8221;off&#8221; border_color=&#8221;#ffffff&#8221; border_style=&#8221;solid&#8221;]<\/p>\n<h3>Mais de 20.000 per\u00edcias realizadas<\/h3>\n<p><img loading=\"lazy\" decoding=\"async\" class=\"alignnone size-large wp-image-207\" src=\"https:\/\/dnareference.com.br\/laboratorio\/wp-content\/uploads\/sites\/2\/2017\/04\/iStock-536845412-Copia-1024x457.jpg\" alt=\"\" width=\"1024\" height=\"457\" srcset=\"https:\/\/dnareference.com.br\/laboratorio\/wp-content\/uploads\/sites\/2\/2017\/04\/iStock-536845412-Copia-1024x457.jpg 1024w, https:\/\/dnareference.com.br\/laboratorio\/wp-content\/uploads\/sites\/2\/2017\/04\/iStock-536845412-Copia-300x134.jpg 300w, https:\/\/dnareference.com.br\/laboratorio\/wp-content\/uploads\/sites\/2\/2017\/04\/iStock-536845412-Copia-768x342.jpg 768w, https:\/\/dnareference.com.br\/laboratorio\/wp-content\/uploads\/sites\/2\/2017\/04\/iStock-536845412-Copia-1080x482.jpg 1080w, https:\/\/dnareference.com.br\/laboratorio\/wp-content\/uploads\/sites\/2\/2017\/04\/iStock-536845412-Copia.jpg 1200w\" sizes=\"(max-width: 1024px) 100vw, 1024px\" \/><\/p>\n<p>A Cl\u00ednica\u00a0DNA Reference j\u00e1 estudou o perfil gen\u00e9tico de mais de 60.000 indiv\u00edduos, ou seja, cerca de 20.000 casos de investiga\u00e7\u00e3o de paternidade. Analisamos esses casos atrav\u00e9s dos microssat\u00e9lites do DNA. Quando necess\u00e1rio, pela dificuldade do caso, podemos analisar outro sistema gen\u00e9tico chamado de HLA, que \u00e9 o maior sistema gen\u00e9tico do homem.<\/p>\n<p>[\/et_pb_text][et_pb_button admin_label=&#8221;Baixar Formul\u00e1rio para Exames de DNA&#8221; saved_tabs=&#8221;all&#8221; url_new_window=&#8221;on&#8221; button_alignment=&#8221;left&#8221; background_layout=&#8221;light&#8221; custom_button=&#8221;on&#8221; button_letter_spacing=&#8221;0&#8243; button_use_icon=&#8221;default&#8221; button_icon_placement=&#8221;right&#8221; button_on_hover=&#8221;on&#8221; button_letter_spacing_hover=&#8221;0&#8243; button_text=&#8221;Baixar Formul\u00e1rio para Exames de DNA&#8221; button_url=&#8221;\/laboratorio\/wp-content\/uploads\/sites\/2\/2017\/04\/LaboratorioDNAReference_Formulario_de_Paternidade.pdf&#8221; button_text_color=&#8221;#ffffff&#8221; button_bg_color=&#8221;#e02b20&#8243; button_border_color=&#8221;#e02b20&#8243; button_text_color_hover=&#8221;#ffffff&#8221; button_bg_color_hover=&#8221;#e02b20&#8243; button_border_color_hover=&#8221;#e02b20&#8243; \/][\/et_pb_column][\/et_pb_row][\/et_pb_section]<\/p>\n","protected":false},"excerpt":{"rendered":"<p>Testes de DNA M\u00e9todo PCR Utilizamos o m\u00e9todo de PCR (Polymerase Chain Reaction) para amplificar os locos de microssat\u00e9lites (STRs &#8211; Short Tandem Repeats). Usamos um grande n\u00famero de locais do DNA para a an\u00e1lise gen\u00e9tica.\u00a0Os marcadores gen\u00e9ticos s\u00e3o posteriormente identificados por sequenciadores autom\u00e1ticos de DNA (foto).\u00a0Os locos que utilizamos foram todos aprovados em programa [&hellip;]<\/p>\n","protected":false},"author":1,"featured_media":0,"parent":0,"menu_order":0,"comment_status":"closed","ping_status":"closed","template":"","meta":{"_et_pb_use_builder":"on","_et_pb_old_content":"","_et_gb_content_width":"","footnotes":""},"class_list":["post-64","page","type-page","status-publish","hentry"],"_links":{"self":[{"href":"https:\/\/dnareference.com.br\/laboratorio\/wp-json\/wp\/v2\/pages\/64"}],"collection":[{"href":"https:\/\/dnareference.com.br\/laboratorio\/wp-json\/wp\/v2\/pages"}],"about":[{"href":"https:\/\/dnareference.com.br\/laboratorio\/wp-json\/wp\/v2\/types\/page"}],"author":[{"embeddable":true,"href":"https:\/\/dnareference.com.br\/laboratorio\/wp-json\/wp\/v2\/users\/1"}],"replies":[{"embeddable":true,"href":"https:\/\/dnareference.com.br\/laboratorio\/wp-json\/wp\/v2\/comments?post=64"}],"version-history":[{"count":14,"href":"https:\/\/dnareference.com.br\/laboratorio\/wp-json\/wp\/v2\/pages\/64\/revisions"}],"predecessor-version":[{"id":425,"href":"https:\/\/dnareference.com.br\/laboratorio\/wp-json\/wp\/v2\/pages\/64\/revisions\/425"}],"wp:attachment":[{"href":"https:\/\/dnareference.com.br\/laboratorio\/wp-json\/wp\/v2\/media?parent=64"}],"curies":[{"name":"wp","href":"https:\/\/api.w.org\/{rel}","templated":true}]}}