{"id":4,"date":"2017-04-09T08:16:12","date_gmt":"2017-04-09T11:16:12","guid":{"rendered":"https:\/\/dnareference.com.br\/laboratorio\/?page_id=4"},"modified":"2024-08-21T19:29:43","modified_gmt":"2024-08-21T22:29:43","slug":"perfil","status":"publish","type":"page","link":"https:\/\/dnareference.com.br\/laboratorio\/perfil\/","title":{"rendered":"Perfil"},"content":{"rendered":"<p>[et_pb_section fb_built=&#8221;1&#8243; fullwidth=&#8221;on&#8221; admin_label=&#8221;Se\u00e7\u00e3o&#8221; _builder_version=&#8221;4.16&#8243; global_colors_info=&#8221;{}&#8221;][et_pb_fullwidth_post_title meta=&#8221;off&#8221; featured_image=&#8221;off&#8221; text_color=&#8221;light&#8221; admin_label=&#8221;T\u00edtulo da Publica\u00e7\u00e3o de Largura Inteira&#8221; _builder_version=&#8221;4.16&#8243; background_color=&#8221;#e02b20&#8243; parallax=&#8221;on&#8221; parallax_method=&#8221;off&#8221; text_orientation=&#8221;center&#8221; parallax_effect=&#8221;on&#8221; module_bg_color=&#8221;#e02b20&#8243; use_border_color=&#8221;off&#8221; border_color=&#8221;#ffffff&#8221; border_style=&#8221;solid&#8221; global_colors_info=&#8221;{}&#8221;][\/et_pb_fullwidth_post_title][\/et_pb_section][et_pb_section fb_built=&#8221;1&#8243; admin_label=&#8221;section&#8221; _builder_version=&#8221;4.16&#8243; global_colors_info=&#8221;{}&#8221;][et_pb_row disabled_on=&#8221;on|on|on&#8221; admin_label=&#8221;row&#8221; _builder_version=&#8221;4.16&#8243; background_size=&#8221;initial&#8221; background_position=&#8221;top_left&#8221; background_repeat=&#8221;repeat&#8221; make_fullwidth=&#8221;off&#8221; use_custom_width=&#8221;off&#8221; width_unit=&#8221;on&#8221; disabled=&#8221;on&#8221; global_colors_info=&#8221;{}&#8221; column_structure=&#8221;1_2,1_2&#8243;][et_pb_column type=&#8221;1_2&#8243; _builder_version=&#8221;4.16&#8243; custom_padding=&#8221;|||&#8221; global_colors_info=&#8221;{}&#8221; custom_padding__hover=&#8221;|||&#8221;][et_pb_image src=&#8221;https:\/\/dnareference.com.br\/laboratorio\/wp-content\/uploads\/sites\/2\/2017\/04\/DNA_reference_Perfil.jpg&#8221; show_bottom_space=&#8221;off&#8221; align_tablet=&#8221;center&#8221; align_last_edited=&#8221;on|desktop&#8221; admin_label=&#8221;Imagem&#8221; _builder_version=&#8221;4.16&#8243; animation_style=&#8221;slide&#8221; animation_direction=&#8221;left&#8221; animation_duration=&#8221;500ms&#8221; animation_intensity_slide=&#8221;10%&#8221; use_border_color=&#8221;off&#8221; border_color=&#8221;#ffffff&#8221; border_style=&#8221;solid&#8221; animation=&#8221;left&#8221; sticky=&#8221;on&#8221; always_center_on_mobile=&#8221;on&#8221; global_colors_info=&#8221;{}&#8221; align_phone=&#8221;center&#8221;][\/et_pb_image][\/et_pb_column][et_pb_column type=&#8221;1_2&#8243; _builder_version=&#8221;4.16&#8243; custom_padding=&#8221;|||&#8221; global_colors_info=&#8221;{}&#8221; custom_padding__hover=&#8221;|||&#8221;][et_pb_text admin_label=&#8221;Compet\u00eancia t\u00e9cnica h\u00e1 mais de 30 anos&#8221; _builder_version=&#8221;4.16&#8243; background_size=&#8221;initial&#8221; background_position=&#8221;top_left&#8221; background_repeat=&#8221;repeat&#8221; use_border_color=&#8221;off&#8221; border_color=&#8221;#ffffff&#8221; border_style=&#8221;solid&#8221; global_colors_info=&#8221;{}&#8221;]<\/p>\n<h3><strong>Compet\u00eancia t\u00e9cnica h\u00e1 mais de 30 anos<\/strong><\/h3>\n<p>Com mais de 60.000 identifica\u00e7\u00f5es humanas realizadas, a Cl\u00ednica DNA Reference foi pioneira na an\u00e1lise do DNA, inicialmente com seu Laborat\u00f3rio DNA Reference e atualmente com a participa\u00e7\u00e3o do Laborat\u00f3rio do Servi\u00e7o de Imunologia do Hospital de Cl\u00ednicas de Porto Alegre (HCPA).<\/p>\n<p>A Cl\u00ednica DNA Reference atua na \u00e1rea da Gen\u00e9tica Forense, atendendo os pacientes, dando pareceres e oferecendo consultoria para os exames realizados no Servi\u00e7o de Imunologia do Hospital de Cl\u00ednicas de Porto Alegre. O HCPA realiza e cobra pelos testes de DNA e a equipe da Cl\u00ednica DNA Reference analisa matematicamente os resultados e escreve o laudo pericial.<\/p>\n<p>Os profissionais da Cl\u00ednica Reference est\u00e3o em constante aperfei\u00e7oamento para garantir a qualidade dentro dos padr\u00f5es internacionais, junto com a equipe do HCPA.<\/p>\n<p><strong>Testes de Paternidade:<\/strong>\u00a0testes t\u00edpicos de DNA; testes com suposto pai falecido; per\u00edcias\u00a0de DNA com fio de cabelo; testes de DNA com escova de dentes; testes de DNA com os av\u00f3s.<\/p>\n<p><strong>Gen\u00e9tica Forense:<\/strong> per\u00edcias de DNA em casos de crime; testes\u00a0de DNA ap\u00f3s exuma\u00e7\u00e3o.<br \/>\n[\/et_pb_text][\/et_pb_column][\/et_pb_row][et_pb_row disabled_on=&#8221;on|on|on&#8221; admin_label=&#8221;Linha&#8221; _builder_version=&#8221;4.16&#8243; background_size=&#8221;initial&#8221; background_position=&#8221;top_left&#8221; background_repeat=&#8221;repeat&#8221; make_fullwidth=&#8221;off&#8221; use_custom_width=&#8221;off&#8221; width_unit=&#8221;on&#8221; disabled=&#8221;on&#8221; global_colors_info=&#8221;{}&#8221;][et_pb_column type=&#8221;4_4&#8243; _builder_version=&#8221;4.16&#8243; custom_padding=&#8221;|||&#8221; global_colors_info=&#8221;{}&#8221; custom_padding__hover=&#8221;|||&#8221;][et_pb_text admin_label=&#8221;Confiabilidade T\u00e9cnica em Exames de DNA&#8221; _builder_version=&#8221;4.16&#8243; background_size=&#8221;initial&#8221; background_position=&#8221;top_left&#8221; background_repeat=&#8221;repeat&#8221; use_border_color=&#8221;off&#8221; border_color=&#8221;#ffffff&#8221; border_style=&#8221;solid&#8221; global_colors_info=&#8221;{}&#8221;]<\/p>\n<h3><strong>Confiabilidade T\u00e9cnica em Exames de DNA<\/strong><\/h3>\n<p>Na hora de escolher um laborat\u00f3rio para testes de DNA, identifica\u00e7\u00e3o humana e gen\u00e9tica forense, \u00e9 essencial levar em considera\u00e7\u00e3o, entre outros fatores, seu padr\u00e3o de qualidade. Todos os exames da \u00e1rea da sa\u00fade requerem elevados n\u00edveis de qualifica\u00e7\u00e3o t\u00e9cnica, tanto nos equipamentos, como nos m\u00e9todos e equipe. Exames envolvendo DNA s\u00e3o ainda mais sens\u00edveis por se tratar de assunto muito s\u00e9rio, j\u00e1 que resultados equivocados podem ter grande impacto na vida dos envolvidos.<br \/>\n[\/et_pb_text][et_pb_text admin_label=&#8221;Certifica\u00e7\u00e3o de Qualidade para Identifica\u00e7\u00e3o Humana&#8221; _builder_version=&#8221;4.16&#8243; background_size=&#8221;initial&#8221; background_position=&#8221;top_left&#8221; background_repeat=&#8221;repeat&#8221; use_border_color=&#8221;off&#8221; border_color=&#8221;#ffffff&#8221; border_style=&#8221;solid&#8221; global_colors_info=&#8221;{}&#8221;]<\/p>\n<h4><strong>Certifica\u00e7\u00e3o de Qualidade para Identifica\u00e7\u00e3o Humana<\/strong><\/h4>\n<p>O Laborat\u00f3rio DNA Reference foi a primeira organiza\u00e7\u00e3o brasileira a receber o Certificado de Qualidade de duas institui\u00e7\u00f5es internacionalmente reconhecidas. Atualmente, o HCPA \u00e9 que participa dos controles de qualidade internacionais.<\/p>\n<h5><strong>International Society for Forensic Genetics (ISFG &#8211; GHEP)<\/strong><\/h5>\n<p><img loading=\"lazy\" decoding=\"async\" class=\"wp-image-174 size-full alignleft\" src=\"https:\/\/dnareference.com.br\/laboratorio\/wp-content\/uploads\/sites\/2\/2017\/04\/ghep-isfg-e1492369385102.jpg\" alt=\"\" width=\"269\" height=\"97\" \/>Recebemos a certifica\u00e7\u00e3o de qualidade para\u00a0identifica\u00e7\u00e3o humana atrav\u00e9s do <a href=\"http:\/\/www.gep-isfg.org\/pt\/\" target=\"_blank\" rel=\"noopener noreferrer\">Grupo de L\u00ednguas Espanhola e Portuguesa da International Society for Forensic Genetics (GHEP-ISFG)<\/a>.<\/p>\n<p>&nbsp;<\/p>\n<p><img loading=\"lazy\" decoding=\"async\" class=\"size-full wp-image-175 alignleft\" src=\"https:\/\/dnareference.com.br\/laboratorio\/wp-content\/uploads\/sites\/2\/2017\/04\/logo-isfg.jpg\" alt=\"\" width=\"160\" height=\"120\" \/>A <a href=\"https:\/\/www.isfg.org\/\" target=\"_blank\" rel=\"noopener noreferrer\">Sociedade Internacional de Gen\u00e9tica Forense (ISFG)<\/a> desenvolve exerc\u00edcios de controle de qualidade, aferindo a compet\u00eancia t\u00e9cnica dos laborat\u00f3rios e institui\u00e7\u00f5es que realizam exames de identifica\u00e7\u00e3o humana.\u00a0Os exerc\u00edcios abrangem casos hipot\u00e9ticos, onde laborat\u00f3rios de todo o mundo recebem amostras de material para an\u00e1lise.\u00a0O Servi\u00e7o de Imunologia do HCPA\u00a0participa dos exerc\u00edcios com excelente resultado, em total sintonia com os padr\u00f5es internacionais de qualidade.<br \/>\n[\/et_pb_text][\/et_pb_column][\/et_pb_row][et_pb_row admin_label=&#8221;Linha&#8221; _builder_version=&#8221;4.16&#8243; background_size=&#8221;initial&#8221; background_position=&#8221;top_left&#8221; background_repeat=&#8221;repeat&#8221; global_colors_info=&#8221;{}&#8221;][et_pb_column type=&#8221;4_4&#8243; _builder_version=&#8221;4.16&#8243; custom_padding=&#8221;|||&#8221; global_colors_info=&#8221;{}&#8221; custom_padding__hover=&#8221;|||&#8221;][et_pb_text admin_label=&#8221;Diretores&#8221; _builder_version=&#8221;4.16&#8243; background_size=&#8221;initial&#8221; background_position=&#8221;top_left&#8221; background_repeat=&#8221;repeat&#8221; use_border_color=&#8221;off&#8221; border_color=&#8221;#ffffff&#8221; border_style=&#8221;solid&#8221; global_colors_info=&#8221;{}&#8221;]<\/p>\n<h3><strong>Diretores da Cl\u00ednica\u00a0DNA Reference<\/strong><\/h3>\n<p>Nossos diretores s\u00e3o peritos experientes em identifica\u00e7\u00e3o humana, gen\u00e9tica forense, testes de DNA e pareceres de DNA, al\u00e9m de terem conquistado o\u00a0t\u00edtulo acad\u00eamico de doutorado em suas \u00e1reas de atua\u00e7\u00e3o.<br \/>\n[\/et_pb_text][\/et_pb_column][\/et_pb_row][et_pb_row admin_label=&#8221;Linha&#8221; _builder_version=&#8221;4.16&#8243; background_size=&#8221;initial&#8221; background_position=&#8221;top_left&#8221; background_repeat=&#8221;repeat&#8221; global_colors_info=&#8221;{}&#8221; column_structure=&#8221;1_2,1_2&#8243;][et_pb_column type=&#8221;1_2&#8243; _builder_version=&#8221;4.16&#8243; custom_padding=&#8221;|||&#8221; global_colors_info=&#8221;{}&#8221; custom_padding__hover=&#8221;|||&#8221;][et_pb_text admin_label=&#8221;Luiz Fernando Jobim&#8221; _builder_version=&#8221;4.16&#8243; background_size=&#8221;initial&#8221; background_position=&#8221;top_left&#8221; background_repeat=&#8221;repeat&#8221; use_border_color=&#8221;off&#8221; border_color=&#8221;#ffffff&#8221; border_style=&#8221;solid&#8221; global_colors_info=&#8221;{}&#8221;]<\/p>\n<h4><strong>Luiz Fernando Jobim<\/strong><\/h4>\n<p><img loading=\"lazy\" decoding=\"async\" class=\"wp-image-46 size-full alignleft\" src=\"https:\/\/dnareference.com.br\/laboratorio\/wp-content\/uploads\/sites\/2\/2017\/04\/Luiz_Fernando_Jobim.jpg\" alt=\"\" width=\"214\" height=\"210\" \/><\/p>\n<p>Doutor em Medicina, Luiz Fernando Jobim se especializou em Alergia e Imunologia, Imunogen\u00e9tica e Biologia Molecular. Realizou P\u00f3s-Gradua\u00e7\u00e3o na University of Texas (EUA) e University of Oxford (Inglaterra), com \u00eanfase em transplantes e gen\u00e9tica forense. Em seu curr\u00edculo destacam-se uma centena de publica\u00e7\u00f5es, 15 pr\u00eamios de pesquisa e 6 livros publicados.<\/p>\n<p>Fundador da Cl\u00ednica DNA Reference, o Professor Jobim atualmente n\u00e3o atende na Cl\u00ednica Jobim, pois est\u00e1 dedicado integralmente \u00e0 UFRGS e ao HCPA.<\/p>\n<p>&nbsp;<br \/>\n[\/et_pb_text][et_pb_button button_url=&#8221;http:\/\/lattes.cnpq.br\/3404329759241193&#8243; url_new_window=&#8221;on&#8221; button_text=&#8221;Curr\u00edculo Completo (Lattes)&#8221; button_alignment=&#8221;left&#8221; admin_label=&#8221;Curr\u00edculo Completo (Lattes)&#8221; _builder_version=&#8221;4.16&#8243; button_letter_spacing_hover=&#8221;0&#8243; global_colors_info=&#8221;{}&#8221; button_text_size__hover_enabled=&#8221;off&#8221; button_one_text_size__hover_enabled=&#8221;off&#8221; button_two_text_size__hover_enabled=&#8221;off&#8221; button_text_color__hover_enabled=&#8221;off&#8221; button_one_text_color__hover_enabled=&#8221;off&#8221; button_two_text_color__hover_enabled=&#8221;off&#8221; button_border_width__hover_enabled=&#8221;off&#8221; button_one_border_width__hover_enabled=&#8221;off&#8221; button_two_border_width__hover_enabled=&#8221;off&#8221; button_border_color__hover_enabled=&#8221;off&#8221; button_one_border_color__hover_enabled=&#8221;off&#8221; button_two_border_color__hover_enabled=&#8221;off&#8221; button_border_radius__hover_enabled=&#8221;off&#8221; button_one_border_radius__hover_enabled=&#8221;off&#8221; button_two_border_radius__hover_enabled=&#8221;off&#8221; button_letter_spacing__hover_enabled=&#8221;on&#8221; button_letter_spacing__hover=&#8221;0&#8243; button_one_letter_spacing__hover_enabled=&#8221;off&#8221; button_two_letter_spacing__hover_enabled=&#8221;off&#8221; button_bg_color__hover_enabled=&#8221;off&#8221; button_one_bg_color__hover_enabled=&#8221;off&#8221; button_two_bg_color__hover_enabled=&#8221;off&#8221;][\/et_pb_button][\/et_pb_column][et_pb_column type=&#8221;1_2&#8243; _builder_version=&#8221;4.16&#8243; custom_padding=&#8221;|||&#8221; global_colors_info=&#8221;{}&#8221; custom_padding__hover=&#8221;|||&#8221;][et_pb_text admin_label=&#8221;Maria Regina Jobim&#8221; _builder_version=&#8221;4.16&#8243; background_size=&#8221;initial&#8221; background_position=&#8221;top_left&#8221; background_repeat=&#8221;repeat&#8221; use_border_color=&#8221;off&#8221; border_color=&#8221;#ffffff&#8221; border_style=&#8221;solid&#8221; global_colors_info=&#8221;{}&#8221;]<\/p>\n<h4><strong>Maria Regina\u00a0Jobim<\/strong><\/h4>\n<p><img loading=\"lazy\" decoding=\"async\" class=\"size-full wp-image-43 alignleft\" src=\"https:\/\/dnareference.com.br\/laboratorio\/wp-content\/uploads\/sites\/2\/2017\/04\/Maria_Regina_Jobim.jpg\" alt=\"\" width=\"214\" height=\"210\" \/><\/p>\n<p>Doutora\u00a0em Gen\u00e9tica e Biologia Molecular pela UFRGS, Dra. Maria Regina Jobim se\u00a0especializou\u00a0na Universidade de Oxford (Inglaterra) e na Universidade de Santiago de Compostela (Espanha), onde buscou os m\u00e9todos de extra\u00e7\u00e3o de DNA de ossos. Al\u00e9m da viv\u00eancia pr\u00e1tica em investiga\u00e7\u00e3o de paternidade h\u00e1 mais de 20 anos, tamb\u00e9m tem dezenas de\u00a0publica\u00e7\u00f5es cient\u00edficas e participa\u00e7\u00f5es em congressos.<\/p>\n<p>Est\u00e1, com sua equipe, \u00e0 frente do servi\u00e7o de Pareceres da Cl\u00ednica DNA Reference.<br \/>\n[\/et_pb_text][et_pb_button button_url=&#8221;http:\/\/lattes.cnpq.br\/1210651894466230&#8243; url_new_window=&#8221;on&#8221; button_text=&#8221;Curr\u00edculo Completo (Lattes)&#8221; button_alignment=&#8221;left&#8221; admin_label=&#8221;Curr\u00edculo Completo (Lattes)&#8221; _builder_version=&#8221;4.16&#8243; button_letter_spacing_hover=&#8221;0&#8243; global_colors_info=&#8221;{}&#8221; button_text_size__hover_enabled=&#8221;off&#8221; button_one_text_size__hover_enabled=&#8221;off&#8221; button_two_text_size__hover_enabled=&#8221;off&#8221; button_text_color__hover_enabled=&#8221;off&#8221; button_one_text_color__hover_enabled=&#8221;off&#8221; button_two_text_color__hover_enabled=&#8221;off&#8221; button_border_width__hover_enabled=&#8221;off&#8221; button_one_border_width__hover_enabled=&#8221;off&#8221; button_two_border_width__hover_enabled=&#8221;off&#8221; button_border_color__hover_enabled=&#8221;off&#8221; button_one_border_color__hover_enabled=&#8221;off&#8221; button_two_border_color__hover_enabled=&#8221;off&#8221; button_border_radius__hover_enabled=&#8221;off&#8221; button_one_border_radius__hover_enabled=&#8221;off&#8221; button_two_border_radius__hover_enabled=&#8221;off&#8221; button_letter_spacing__hover_enabled=&#8221;on&#8221; button_letter_spacing__hover=&#8221;0&#8243; button_one_letter_spacing__hover_enabled=&#8221;off&#8221; button_two_letter_spacing__hover_enabled=&#8221;off&#8221; button_bg_color__hover_enabled=&#8221;off&#8221; button_one_bg_color__hover_enabled=&#8221;off&#8221; button_two_bg_color__hover_enabled=&#8221;off&#8221;][\/et_pb_button][\/et_pb_column][\/et_pb_row][\/et_pb_section]<\/p>\n","protected":false},"excerpt":{"rendered":"<p>Compet\u00eancia t\u00e9cnica h\u00e1 mais de 30 anos Com mais de 60.000 identifica\u00e7\u00f5es humanas realizadas, a Cl\u00ednica DNA Reference foi pioneira na an\u00e1lise do DNA, inicialmente com seu Laborat\u00f3rio DNA Reference e atualmente com a participa\u00e7\u00e3o do Laborat\u00f3rio do Servi\u00e7o de Imunologia do Hospital de Cl\u00ednicas de Porto Alegre (HCPA). A Cl\u00ednica DNA Reference atua na [&hellip;]<\/p>\n","protected":false},"author":1,"featured_media":0,"parent":0,"menu_order":0,"comment_status":"closed","ping_status":"closed","template":"","meta":{"_et_pb_use_builder":"on","_et_pb_old_content":"","_et_gb_content_width":"","footnotes":""},"class_list":["post-4","page","type-page","status-publish","hentry"],"_links":{"self":[{"href":"https:\/\/dnareference.com.br\/laboratorio\/wp-json\/wp\/v2\/pages\/4"}],"collection":[{"href":"https:\/\/dnareference.com.br\/laboratorio\/wp-json\/wp\/v2\/pages"}],"about":[{"href":"https:\/\/dnareference.com.br\/laboratorio\/wp-json\/wp\/v2\/types\/page"}],"author":[{"embeddable":true,"href":"https:\/\/dnareference.com.br\/laboratorio\/wp-json\/wp\/v2\/users\/1"}],"replies":[{"embeddable":true,"href":"https:\/\/dnareference.com.br\/laboratorio\/wp-json\/wp\/v2\/comments?post=4"}],"version-history":[{"count":50,"href":"https:\/\/dnareference.com.br\/laboratorio\/wp-json\/wp\/v2\/pages\/4\/revisions"}],"predecessor-version":[{"id":478,"href":"https:\/\/dnareference.com.br\/laboratorio\/wp-json\/wp\/v2\/pages\/4\/revisions\/478"}],"wp:attachment":[{"href":"https:\/\/dnareference.com.br\/laboratorio\/wp-json\/wp\/v2\/media?parent=4"}],"curies":[{"name":"wp","href":"https:\/\/api.w.org\/{rel}","templated":true}]}}