{"id":194,"date":"2017-04-16T16:54:25","date_gmt":"2017-04-16T19:54:25","guid":{"rendered":"https:\/\/dnareference.com.br\/laboratorio\/?page_id=194"},"modified":"2017-04-25T06:14:34","modified_gmt":"2017-04-25T09:14:34","slug":"publicacoes","status":"publish","type":"page","link":"https:\/\/dnareference.com.br\/laboratorio\/publicacoes\/","title":{"rendered":"Publica\u00e7\u00f5es"},"content":{"rendered":"<p>[et_pb_section bb_built=&#8221;1&#8243; admin_label=&#8221;Se\u00e7\u00e3o&#8221; fullwidth=&#8221;on&#8221; specialty=&#8221;off&#8221;][et_pb_fullwidth_post_title admin_label=&#8221;T\u00edtulo da Publica\u00e7\u00e3o de Largura Inteira&#8221; title=&#8221;on&#8221; meta=&#8221;off&#8221; author=&#8221;off&#8221; date=&#8221;off&#8221; categories=&#8221;off&#8221; comments=&#8221;off&#8221; featured_image=&#8221;off&#8221; featured_placement=&#8221;below&#8221; parallax_effect=&#8221;on&#8221; parallax_method=&#8221;on&#8221; text_orientation=&#8221;center&#8221; text_color=&#8221;dark&#8221; text_background=&#8221;off&#8221; text_bg_color=&#8221;rgba(255,255,255,0.9)&#8221; use_border_color=&#8221;off&#8221; border_color=&#8221;#ffffff&#8221; border_style=&#8221;solid&#8221; module_bg_color=&#8221;#e02b20&#8243; title_font_size=&#8221;30px&#8221; title_text_color=&#8221;#ffffff&#8221; \/][\/et_pb_section][et_pb_section bb_built=&#8221;1&#8243; admin_label=&#8221;Se\u00e7\u00e3o&#8221; fullwidth=&#8221;off&#8221; specialty=&#8221;off&#8221;][et_pb_row admin_label=&#8221;Linha&#8221;][et_pb_column type=&#8221;4_4&#8243;][et_pb_text admin_label=&#8221;Livro Identifica\u00e7\u00e3o Humana&#8221; background_layout=&#8221;light&#8221; text_orientation=&#8221;left&#8221; use_border_color=&#8221;off&#8221; border_color=&#8221;#ffffff&#8221; border_style=&#8221;solid&#8221;]<\/p>\n<h3>Identifica\u00e7\u00e3o Humana<\/h3>\n<p><img loading=\"lazy\" decoding=\"async\" class=\"alignleft wp-image-198\" src=\"https:\/\/dnareference.com.br\/laboratorio\/wp-content\/uploads\/sites\/2\/2017\/04\/Livro_DNA-identificacao_Humana.jpg\" alt=\"\" width=\"400\" height=\"572\" srcset=\"https:\/\/dnareference.com.br\/laboratorio\/wp-content\/uploads\/sites\/2\/2017\/04\/Livro_DNA-identificacao_Humana.jpg 787w, https:\/\/dnareference.com.br\/laboratorio\/wp-content\/uploads\/sites\/2\/2017\/04\/Livro_DNA-identificacao_Humana-210x300.jpg 210w, https:\/\/dnareference.com.br\/laboratorio\/wp-content\/uploads\/sites\/2\/2017\/04\/Livro_DNA-identificacao_Humana-768x1098.jpg 768w, https:\/\/dnareference.com.br\/laboratorio\/wp-content\/uploads\/sites\/2\/2017\/04\/Livro_DNA-identificacao_Humana-716x1024.jpg 716w\" sizes=\"(max-width: 400px) 100vw, 400px\" \/><\/p>\n<p>Livro <strong>Identifica\u00e7\u00e3o Humana<\/strong>, publicado em\u00a02006. Breve resenha sobre o conte\u00fado do livro (importante para SEO &#8211; desempenho do site em busca org\u00e2nica).<\/p>\n<p>&nbsp;<\/p>\n<p>&nbsp;<\/p>\n<p>&nbsp;<\/p>\n<p>&nbsp;<\/p>\n<p>&nbsp;<\/p>\n<p>&nbsp;<\/p>\n<p>&nbsp;<\/p>\n<p><strong><a href=\"http:\/\/lattes.cnpq.br\/3404329759241193\" target=\"_blank\" rel=\"noopener noreferrer\">JOBIM, Luiz Fernando<\/a><\/strong>; COSTA, Lu\u00edz Renato ; SILVA, Moacyr da. <strong>Identifica\u00e7\u00e3o Humana.<\/strong>\u00a02. ed. Campinas: Millenium Editora, 2006. v. 2. 302p<\/p>\n<p>[\/et_pb_text][\/et_pb_column][\/et_pb_row][et_pb_row admin_label=&#8221;Linha&#8221;][et_pb_column type=&#8221;1_2&#8243;][et_pb_text admin_label=&#8221;Paternidade DNA \u2013 Casos Complexos (Parte 1 de 2)&#8221; background_layout=&#8221;light&#8221; text_orientation=&#8221;left&#8221; use_border_color=&#8221;off&#8221; border_color=&#8221;#ffffff&#8221; border_style=&#8221;solid&#8221;]<\/p>\n<h3>Paternidade DNA \u2013 Casos Complexos (1 de 2)<\/h3>\n<p><iframe loading=\"lazy\" width=\"1080\" height=\"608\" src=\"https:\/\/www.youtube.com\/embed\/C7IWrURZnbc?feature=oembed\" frameborder=\"0\" allowfullscreen><\/iframe><\/p>\n<p>Breve resenha sobre o conte\u00fado do v\u00eddeo (importante para SEO \u2013 desempenho do site em busca org\u00e2nica).<\/p>\n<p>[\/et_pb_text][\/et_pb_column][et_pb_column type=&#8221;1_2&#8243;][et_pb_text admin_label=&#8221;Paternidade DNA \u2013 Casos Complexos (Parte 2 de 2)&#8221; background_layout=&#8221;light&#8221; text_orientation=&#8221;left&#8221; use_border_color=&#8221;off&#8221; border_color=&#8221;#ffffff&#8221; border_style=&#8221;solid&#8221;]<\/p>\n<h3>Paternidade DNA \u2013 Casos Complexos (2 de 2)<\/h3>\n<p><iframe loading=\"lazy\" width=\"1080\" height=\"608\" src=\"https:\/\/www.youtube.com\/embed\/IuIxppcTGJ4?feature=oembed\" frameborder=\"0\" allowfullscreen><\/iframe><\/p>\n<p>Breve resenha sobre o conte\u00fado do v\u00eddeo (importante para SEO \u2013 desempenho do site em busca org\u00e2nica).<\/p>\n<p>[\/et_pb_text][\/et_pb_column][\/et_pb_row][\/et_pb_section]<\/p>\n","protected":false},"excerpt":{"rendered":"<p>Identifica\u00e7\u00e3o Humana Livro Identifica\u00e7\u00e3o Humana, publicado em\u00a02006. Breve resenha sobre o conte\u00fado do livro (importante para SEO &#8211; desempenho do site em busca org\u00e2nica). &nbsp; &nbsp; &nbsp; &nbsp; &nbsp; &nbsp; &nbsp; JOBIM, Luiz Fernando; COSTA, Lu\u00edz Renato ; SILVA, Moacyr da. Identifica\u00e7\u00e3o Humana.\u00a02. ed. Campinas: Millenium Editora, 2006. v. 2. 302p Paternidade DNA \u2013 Casos [&hellip;]<\/p>\n","protected":false},"author":1,"featured_media":0,"parent":0,"menu_order":0,"comment_status":"closed","ping_status":"closed","template":"","meta":{"_et_pb_use_builder":"on","_et_pb_old_content":"","_et_gb_content_width":"","footnotes":""},"class_list":["post-194","page","type-page","status-publish","hentry"],"_links":{"self":[{"href":"https:\/\/dnareference.com.br\/laboratorio\/wp-json\/wp\/v2\/pages\/194"}],"collection":[{"href":"https:\/\/dnareference.com.br\/laboratorio\/wp-json\/wp\/v2\/pages"}],"about":[{"href":"https:\/\/dnareference.com.br\/laboratorio\/wp-json\/wp\/v2\/types\/page"}],"author":[{"embeddable":true,"href":"https:\/\/dnareference.com.br\/laboratorio\/wp-json\/wp\/v2\/users\/1"}],"replies":[{"embeddable":true,"href":"https:\/\/dnareference.com.br\/laboratorio\/wp-json\/wp\/v2\/comments?post=194"}],"version-history":[{"count":7,"href":"https:\/\/dnareference.com.br\/laboratorio\/wp-json\/wp\/v2\/pages\/194\/revisions"}],"predecessor-version":[{"id":232,"href":"https:\/\/dnareference.com.br\/laboratorio\/wp-json\/wp\/v2\/pages\/194\/revisions\/232"}],"wp:attachment":[{"href":"https:\/\/dnareference.com.br\/laboratorio\/wp-json\/wp\/v2\/media?parent=194"}],"curies":[{"name":"wp","href":"https:\/\/api.w.org\/{rel}","templated":true}]}}