{"id":112,"date":"2017-04-10T13:26:12","date_gmt":"2017-04-10T16:26:12","guid":{"rendered":"https:\/\/dnareference.com.br\/laboratorio\/?page_id=112"},"modified":"2017-05-28T20:37:50","modified_gmt":"2017-05-28T23:37:50","slug":"teste-de-dna-apos-a-exumacao","status":"publish","type":"page","link":"https:\/\/dnareference.com.br\/laboratorio\/exames\/genetica-forense\/teste-de-dna-apos-a-exumacao\/","title":{"rendered":"Teste de DNA Ap\u00f3s a Exuma\u00e7\u00e3o"},"content":{"rendered":"<p>[et_pb_section bb_built=&#8221;1&#8243; admin_label=&#8221;Se\u00e7\u00e3o&#8221; fullwidth=&#8221;on&#8221; specialty=&#8221;off&#8221;][et_pb_fullwidth_post_title admin_label=&#8221;T\u00edtulo da Publica\u00e7\u00e3o de Largura Inteira&#8221; title=&#8221;on&#8221; meta=&#8221;off&#8221; author=&#8221;off&#8221; date=&#8221;off&#8221; categories=&#8221;off&#8221; comments=&#8221;off&#8221; featured_image=&#8221;off&#8221; featured_placement=&#8221;below&#8221; parallax_effect=&#8221;on&#8221; parallax_method=&#8221;on&#8221; text_orientation=&#8221;center&#8221; text_color=&#8221;dark&#8221; text_background=&#8221;off&#8221; text_bg_color=&#8221;rgba(255,255,255,0.9)&#8221; use_border_color=&#8221;off&#8221; border_color=&#8221;#ffffff&#8221; border_style=&#8221;solid&#8221; module_bg_color=&#8221;#e02b20&#8243; title_font_size=&#8221;30px&#8221; title_text_color=&#8221;#ffffff&#8221; \/][\/et_pb_section][et_pb_section bb_built=&#8221;1&#8243; admin_label=&#8221;Se\u00e7\u00e3o&#8221; fullwidth=&#8221;off&#8221; specialty=&#8221;off&#8221;][et_pb_row admin_label=&#8221;Linha&#8221;][et_pb_column type=&#8221;1_3&#8243;][et_pb_sidebar admin_label=&#8221;Barra Lateral&#8221; orientation=&#8221;left&#8221; area=&#8221;sidebar-1&#8243; background_layout=&#8221;light&#8221; remove_border=&#8221;off&#8221; \/][\/et_pb_column][et_pb_column type=&#8221;2_3&#8243;][et_pb_text admin_label=&#8221;Teste de DNA Ap\u00f3s a Exuma\u00e7\u00e3o&#8221; background_layout=&#8221;light&#8221; text_orientation=&#8221;left&#8221; use_border_color=&#8221;off&#8221; border_color=&#8221;#ffffff&#8221; border_style=&#8221;solid&#8221;]<\/p>\n<p>No caso de ser imposs\u00edvel a reconstitui\u00e7\u00e3o do perfil gen\u00e9tico do suposto pai pela an\u00e1lise de seus ascendentes e descendentes, poder\u00e1 ser providenciada a exuma\u00e7\u00e3o do corpo para fazer o teste de DNA.<\/p>\n<p>Na exuma\u00e7\u00e3o,\u00a0s\u00e3o retirados o ter\u00e7o superior do f\u00eamur e os dentes molares e pr\u00e9-molares (se existentes), para a colheita do material que possibilita a realiza\u00e7\u00e3o do teste\u00a0de DNA.<\/p>\n<p>Amostras de sangue do autor e de sua m\u00e3e devem acompanhar o material exumado ou serem colhidas posteriormente.<\/p>\n<p>[\/et_pb_text][et_pb_button admin_label=&#8221;Confira um artigo sobre DNA e Exuma\u00e7\u00e3o&#8221; saved_tabs=&#8221;all&#8221; url_new_window=&#8221;off&#8221; button_alignment=&#8221;left&#8221; background_layout=&#8221;light&#8221; custom_button=&#8221;on&#8221; button_letter_spacing=&#8221;0&#8243; button_use_icon=&#8221;default&#8221; button_icon_placement=&#8221;right&#8221; button_on_hover=&#8221;on&#8221; button_letter_spacing_hover=&#8221;0&#8243; button_text=&#8221;Confira um artigo sobre DNA e Exuma\u00e7\u00e3o&#8221; button_url=&#8221;\/laboratorio\/2017\/04\/25\/exumacao-do-possivel-pai&#8221; button_text_color=&#8221;#ffffff&#8221; button_bg_color=&#8221;#e02b20&#8243; button_border_color=&#8221;#e02b20&#8243; button_text_color_hover=&#8221;#ffffff&#8221; button_bg_color_hover=&#8221;#e02b20&#8243; button_border_color_hover=&#8221;#e02b20&#8243; \/][\/et_pb_column][\/et_pb_row][\/et_pb_section]<\/p>\n","protected":false},"excerpt":{"rendered":"<p>No caso de ser imposs\u00edvel a reconstitui\u00e7\u00e3o do perfil gen\u00e9tico do suposto pai pela an\u00e1lise de seus ascendentes e descendentes, poder\u00e1 ser providenciada a exuma\u00e7\u00e3o do corpo para fazer o teste de DNA. Na exuma\u00e7\u00e3o,\u00a0s\u00e3o retirados o ter\u00e7o superior do f\u00eamur e os dentes molares e pr\u00e9-molares (se existentes), para a colheita do material que [&hellip;]<\/p>\n","protected":false},"author":1,"featured_media":0,"parent":106,"menu_order":0,"comment_status":"closed","ping_status":"closed","template":"","meta":{"_et_pb_use_builder":"on","_et_pb_old_content":"","_et_gb_content_width":"","footnotes":""},"class_list":["post-112","page","type-page","status-publish","hentry"],"_links":{"self":[{"href":"https:\/\/dnareference.com.br\/laboratorio\/wp-json\/wp\/v2\/pages\/112"}],"collection":[{"href":"https:\/\/dnareference.com.br\/laboratorio\/wp-json\/wp\/v2\/pages"}],"about":[{"href":"https:\/\/dnareference.com.br\/laboratorio\/wp-json\/wp\/v2\/types\/page"}],"author":[{"embeddable":true,"href":"https:\/\/dnareference.com.br\/laboratorio\/wp-json\/wp\/v2\/users\/1"}],"replies":[{"embeddable":true,"href":"https:\/\/dnareference.com.br\/laboratorio\/wp-json\/wp\/v2\/comments?post=112"}],"version-history":[{"count":7,"href":"https:\/\/dnareference.com.br\/laboratorio\/wp-json\/wp\/v2\/pages\/112\/revisions"}],"predecessor-version":[{"id":138,"href":"https:\/\/dnareference.com.br\/laboratorio\/wp-json\/wp\/v2\/pages\/112\/revisions\/138"}],"up":[{"embeddable":true,"href":"https:\/\/dnareference.com.br\/laboratorio\/wp-json\/wp\/v2\/pages\/106"}],"wp:attachment":[{"href":"https:\/\/dnareference.com.br\/laboratorio\/wp-json\/wp\/v2\/media?parent=112"}],"curies":[{"name":"wp","href":"https:\/\/api.w.org\/{rel}","templated":true}]}}