{"id":101,"date":"2017-04-10T13:19:01","date_gmt":"2017-04-10T16:19:01","guid":{"rendered":"https:\/\/dnareference.com.br\/laboratorio\/?page_id=101"},"modified":"2017-05-28T17:18:01","modified_gmt":"2017-05-28T20:18:01","slug":"dna-com-os-avos","status":"publish","type":"page","link":"https:\/\/dnareference.com.br\/laboratorio\/exames\/testes-de-paternidade\/dna-com-os-avos\/","title":{"rendered":"DNA com os Av\u00f3s"},"content":{"rendered":"<p>[et_pb_section bb_built=&#8221;1&#8243; admin_label=&#8221;Se\u00e7\u00e3o&#8221; fullwidth=&#8221;on&#8221; specialty=&#8221;off&#8221;][et_pb_fullwidth_post_title admin_label=&#8221;T\u00edtulo da Publica\u00e7\u00e3o de Largura Inteira&#8221; title=&#8221;on&#8221; meta=&#8221;off&#8221; author=&#8221;off&#8221; date=&#8221;off&#8221; categories=&#8221;off&#8221; comments=&#8221;off&#8221; featured_image=&#8221;off&#8221; featured_placement=&#8221;below&#8221; parallax_effect=&#8221;on&#8221; parallax_method=&#8221;on&#8221; text_orientation=&#8221;center&#8221; text_color=&#8221;dark&#8221; text_background=&#8221;off&#8221; text_bg_color=&#8221;rgba(255,255,255,0.9)&#8221; use_border_color=&#8221;off&#8221; border_color=&#8221;#ffffff&#8221; border_style=&#8221;solid&#8221; module_bg_color=&#8221;#e02b20&#8243; title_font_size=&#8221;30px&#8221; title_text_color=&#8221;#ffffff&#8221; \/][\/et_pb_section][et_pb_section bb_built=&#8221;1&#8243; admin_label=&#8221;Se\u00e7\u00e3o&#8221; fullwidth=&#8221;off&#8221; specialty=&#8221;off&#8221;][et_pb_row admin_label=&#8221;Linha&#8221;][et_pb_column type=&#8221;1_3&#8243;][et_pb_sidebar admin_label=&#8221;Barra Lateral&#8221; orientation=&#8221;left&#8221; area=&#8221;sidebar-1&#8243; background_layout=&#8221;light&#8221; remove_border=&#8221;off&#8221; \/][\/et_pb_column][et_pb_column type=&#8221;2_3&#8243;][et_pb_text admin_label=&#8221;DNA com av\u00f3s&#8221; background_layout=&#8221;light&#8221; text_orientation=&#8221;left&#8221; use_border_color=&#8221;off&#8221; border_color=&#8221;#ffffff&#8221; border_style=&#8221;solid&#8221;]<\/p>\n<p><img loading=\"lazy\" decoding=\"async\" class=\"alignnone size-large wp-image-215\" src=\"https:\/\/dnareference.com.br\/laboratorio\/wp-content\/uploads\/sites\/2\/2017\/04\/LaboratorioDNAReference_TesteAvos-1024x457.jpg\" alt=\"\" width=\"1024\" height=\"457\" srcset=\"https:\/\/dnareference.com.br\/laboratorio\/wp-content\/uploads\/sites\/2\/2017\/04\/LaboratorioDNAReference_TesteAvos-1024x457.jpg 1024w, https:\/\/dnareference.com.br\/laboratorio\/wp-content\/uploads\/sites\/2\/2017\/04\/LaboratorioDNAReference_TesteAvos-300x134.jpg 300w, https:\/\/dnareference.com.br\/laboratorio\/wp-content\/uploads\/sites\/2\/2017\/04\/LaboratorioDNAReference_TesteAvos-768x342.jpg 768w, https:\/\/dnareference.com.br\/laboratorio\/wp-content\/uploads\/sites\/2\/2017\/04\/LaboratorioDNAReference_TesteAvos-1080x482.jpg 1080w, https:\/\/dnareference.com.br\/laboratorio\/wp-content\/uploads\/sites\/2\/2017\/04\/LaboratorioDNAReference_TesteAvos.jpg 1200w\" sizes=\"(max-width: 1024px) 100vw, 1024px\" \/><\/p>\n<p>Em alguns casos, n\u00e3o \u00e9 poss\u00edvel reunir amostras de DNA da vi\u00fava ou dos filhos do suposto pai falecido. Nesses casos, s\u00e3o utilizadas amostras dos supostos av\u00f3s, pais do falecido.<\/p>\n<p>Ser\u00e1 suficiente a colheita de amostras de DNA dos av\u00f3s, do filho e de sua m\u00e3e, se existente.<\/p>\n<p>[\/et_pb_text][\/et_pb_column][\/et_pb_row][\/et_pb_section]<\/p>\n","protected":false},"excerpt":{"rendered":"<p>Em alguns casos, n\u00e3o \u00e9 poss\u00edvel reunir amostras de DNA da vi\u00fava ou dos filhos do suposto pai falecido. Nesses casos, s\u00e3o utilizadas amostras dos supostos av\u00f3s, pais do falecido. Ser\u00e1 suficiente a colheita de amostras de DNA dos av\u00f3s, do filho e de sua m\u00e3e, se existente.<\/p>\n","protected":false},"author":1,"featured_media":0,"parent":104,"menu_order":0,"comment_status":"closed","ping_status":"closed","template":"","meta":{"_et_pb_use_builder":"on","_et_pb_old_content":"","_et_gb_content_width":"","footnotes":""},"class_list":["post-101","page","type-page","status-publish","hentry"],"_links":{"self":[{"href":"https:\/\/dnareference.com.br\/laboratorio\/wp-json\/wp\/v2\/pages\/101"}],"collection":[{"href":"https:\/\/dnareference.com.br\/laboratorio\/wp-json\/wp\/v2\/pages"}],"about":[{"href":"https:\/\/dnareference.com.br\/laboratorio\/wp-json\/wp\/v2\/types\/page"}],"author":[{"embeddable":true,"href":"https:\/\/dnareference.com.br\/laboratorio\/wp-json\/wp\/v2\/users\/1"}],"replies":[{"embeddable":true,"href":"https:\/\/dnareference.com.br\/laboratorio\/wp-json\/wp\/v2\/comments?post=101"}],"version-history":[{"count":5,"href":"https:\/\/dnareference.com.br\/laboratorio\/wp-json\/wp\/v2\/pages\/101\/revisions"}],"predecessor-version":[{"id":416,"href":"https:\/\/dnareference.com.br\/laboratorio\/wp-json\/wp\/v2\/pages\/101\/revisions\/416"}],"up":[{"embeddable":true,"href":"https:\/\/dnareference.com.br\/laboratorio\/wp-json\/wp\/v2\/pages\/104"}],"wp:attachment":[{"href":"https:\/\/dnareference.com.br\/laboratorio\/wp-json\/wp\/v2\/media?parent=101"}],"curies":[{"name":"wp","href":"https:\/\/api.w.org\/{rel}","templated":true}]}}