{"id":92,"date":"2016-12-05T02:10:33","date_gmt":"2016-12-05T04:10:33","guid":{"rendered":"https:\/\/dnareference.com.br\/?page_id=92"},"modified":"2017-02-28T14:23:06","modified_gmt":"2017-02-28T17:23:06","slug":"anafilaxia","status":"publish","type":"page","link":"https:\/\/dnareference.com.br\/clinica\/atendimento\/doencas-alergicas\/anafilaxia\/","title":{"rendered":"Anafilaxia"},"content":{"rendered":"<p>[et_pb_section admin_label=&#8221;Rinite&#8221; fullwidth=&#8221;on&#8221; specialty=&#8221;off&#8221; transparent_background=&#8221;off&#8221; allow_player_pause=&#8221;off&#8221; inner_shadow=&#8221;off&#8221; parallax=&#8221;off&#8221; parallax_method=&#8221;off&#8221; padding_mobile=&#8221;off&#8221; make_fullwidth=&#8221;off&#8221; use_custom_width=&#8221;off&#8221; width_unit=&#8221;on&#8221; make_equal=&#8221;off&#8221; use_custom_gutter=&#8221;off&#8221;][et_pb_fullwidth_post_title admin_label=&#8221;T\u00edtulo da P\u00e1gina de Largura Inteira&#8221; title=&#8221;on&#8221; meta=&#8221;off&#8221; author=&#8221;on&#8221; date=&#8221;on&#8221; categories=&#8221;on&#8221; comments=&#8221;on&#8221; featured_image=&#8221;off&#8221; featured_placement=&#8221;below&#8221; parallax_effect=&#8221;on&#8221; parallax_method=&#8221;on&#8221; text_orientation=&#8221;center&#8221; text_color=&#8221;dark&#8221; text_background=&#8221;off&#8221; text_bg_color=&#8221;rgba(255,255,255,0.9)&#8221; module_bg_color=&#8221;#e02b20&#8243; title_all_caps=&#8221;off&#8221; use_border_color=&#8221;off&#8221; border_color=&#8221;#ffffff&#8221; border_style=&#8221;solid&#8221; title_font_size=&#8221;30px&#8221; title_font=&#8221;|on|||&#8221; title_text_color=&#8221;#ffffff&#8221;] [\/et_pb_fullwidth_post_title][\/et_pb_section][et_pb_section admin_label=&#8221;section&#8221;][et_pb_row admin_label=&#8221;row&#8221;][et_pb_column type=&#8221;1_3&#8243;][et_pb_sidebar admin_label=&#8221;Barra Lateral&#8221; orientation=&#8221;left&#8221; area=&#8221;sidebar-1&#8243; background_layout=&#8221;light&#8221; remove_border=&#8221;off&#8221;] [\/et_pb_sidebar][\/et_pb_column][et_pb_column type=&#8221;1_3&#8243;][et_pb_text admin_label=&#8221;O que \u00e9?&#8221; background_layout=&#8221;light&#8221; text_orientation=&#8221;left&#8221; use_border_color=&#8221;off&#8221; border_color=&#8221;#ffffff&#8221; border_style=&#8221;solid&#8221;]<\/p>\n<h3>O QUE \u00c9 ANAFILAXIA<\/h3>\n<p>Anafilaxia ou choque anafil\u00e1tico \u00e9 uma rea\u00e7\u00e3o al\u00e9rgica grave e de r\u00e1pida progress\u00e3o. Trata-se de uma emerg\u00eancia m\u00e9dica que\u00a0requer busca de aux\u00edlio imediato de profissionais da sa\u00fade.<\/p>\n<p>&nbsp;<\/p>\n<p>[\/et_pb_text][et_pb_text admin_label=&#8221;Epipen&#8221; background_layout=&#8221;light&#8221; text_orientation=&#8221;left&#8221; use_border_color=&#8221;off&#8221; border_color=&#8221;#ffffff&#8221; border_style=&#8221;solid&#8221;]<\/p>\n<h3>EPIPEN &#8211; Caneta com adrenalina para crise de Anafilaxia<\/h3>\n<p><img loading=\"lazy\" decoding=\"async\" class=\"alignnone wp-image-423 size-medium\" src=\"https:\/\/dnareference.com.br\/clinica\/wp-content\/uploads\/sites\/3\/2016\/12\/epipens-300x109.png\" width=\"300\" height=\"109\" srcset=\"https:\/\/dnareference.com.br\/clinica\/wp-content\/uploads\/sites\/3\/2016\/12\/epipens-300x109.png 300w, https:\/\/dnareference.com.br\/clinica\/wp-content\/uploads\/sites\/3\/2016\/12\/epipens-768x280.png 768w, https:\/\/dnareference.com.br\/clinica\/wp-content\/uploads\/sites\/3\/2016\/12\/epipens-1024x373.png 1024w, https:\/\/dnareference.com.br\/clinica\/wp-content\/uploads\/sites\/3\/2016\/12\/epipens-1080x394.png 1080w, https:\/\/dnareference.com.br\/clinica\/wp-content\/uploads\/sites\/3\/2016\/12\/epipens.png 1171w\" sizes=\"(max-width: 300px) 100vw, 300px\" \/><\/p>\n<p>Nos EUA \u00e9 comercializada\u00a0a adrenalina, tamb\u00e9m chamada de epinefrina, em forma de um tipo de caneta, a EPIPEN. Ela tem uma ponta de borracha que esconde uma agulha e, no interior do instrumento, tem adrenalina para uma dose que pode ser aplicada na perna ou delt\u00f3ide. Dessa maneira podemos usar rapidamente a medica\u00e7\u00e3o que salva vidas em casos de anafilaxia! Existe tanto na apresenta\u00e7\u00e3o para adultos como para crian\u00e7as.<\/p>\n<p>&nbsp;<\/p>\n<p>[\/et_pb_text][\/et_pb_column][et_pb_column type=&#8221;1_3&#8243;][et_pb_text admin_label=&#8221;Sintomas da Anafilaxia&#8221; background_layout=&#8221;light&#8221; text_orientation=&#8221;left&#8221; use_border_color=&#8221;off&#8221; border_color=&#8221;#ffffff&#8221; border_style=&#8221;solid&#8221;]<\/p>\n<h3>SINTOMAS DA\u00a0ANAFILAXIA<\/h3>\n<p>Existem v\u00e1rios sintomas que caracterizam um choque anafil\u00e1tico, combinados ou isolados, entre os quais:<\/p>\n<ul>\n<li>Tontura;<\/li>\n<li>Vermelhid\u00e3o;<\/li>\n<li>Formigamento e prurido na palma das m\u00e3os e p\u00e9s, l\u00e1bios e genit\u00e1lia;<\/li>\n<li>Edema da garganta;<\/li>\n<li>Dificuldade de degluti\u00e7\u00e3o;<\/li>\n<li>Estridor inspirat\u00f3rio;<\/li>\n<li>Dificuldade respirat\u00f3ria;<\/li>\n<li>Urtic\u00e1ria;<\/li>\n<li><strong>Os rem\u00e9dios como a penicilina e a picada de abelhas s\u00e3o as causas mais frequentes de anafilaxia.<\/strong><\/li>\n<\/ul>\n<p>&nbsp;<\/p>\n<p>[\/et_pb_text][\/et_pb_column][\/et_pb_row][et_pb_row admin_label=&#8221;Linha&#8221;][et_pb_column type=&#8221;1_3&#8243;][\/et_pb_column][et_pb_column type=&#8221;2_3&#8243;][et_pb_text admin_label=&#8221;Causas&#8221; background_layout=&#8221;light&#8221; text_orientation=&#8221;left&#8221; use_border_color=&#8221;off&#8221; border_color=&#8221;#ffffff&#8221; border_style=&#8221;solid&#8221;]<\/p>\n<h3>CAUSAS DA ANAFILAXIA<\/h3>\n<p>As causas mais comuns da anafilaxia s\u00e3o:<\/p>\n<ul>\n<li>Comidas (nozes, amendoim, sementes de girassol, peixes, trigos, frutos do mar, leite, ovos);<\/li>\n<li>Medicamentos (penicilina, AAS e similares como ibuprofeno e diclofenaco);<\/li>\n<li>L\u00e1tex;<\/li>\n<li>Picadas de <em>Hymenoptera<\/em> (abelha, vespa e tamb\u00e9m algumas formigas);<\/li>\n<li>Exerc\u00edcios f\u00edsicos;<\/li>\n<li>Transfus\u00e3o e derivados (com incompatibilidade podem causar um quadro cl\u00ednico semelhante).<\/li>\n<\/ul>\n<p>&nbsp;<\/p>\n<p>[\/et_pb_text][et_pb_text admin_label=&#8221;Picada de Abelha&#8221; background_layout=&#8221;light&#8221; text_orientation=&#8221;left&#8221; use_border_color=&#8221;off&#8221; border_color=&#8221;#ffffff&#8221; border_style=&#8221;solid&#8221;]<\/p>\n<h3>Picadas de Abelha<\/h3>\n<p><img loading=\"lazy\" decoding=\"async\" class=\"alignnone wp-image-427 size-full\" src=\"https:\/\/dnareference.com.br\/clinica\/wp-content\/uploads\/sites\/3\/2016\/12\/DoencasAlergicas_Anafilaxia_PicadaAbelha.jpg\" width=\"700\" height=\"275\" srcset=\"https:\/\/dnareference.com.br\/clinica\/wp-content\/uploads\/sites\/3\/2016\/12\/DoencasAlergicas_Anafilaxia_PicadaAbelha.jpg 700w, https:\/\/dnareference.com.br\/clinica\/wp-content\/uploads\/sites\/3\/2016\/12\/DoencasAlergicas_Anafilaxia_PicadaAbelha-300x118.jpg 300w\" sizes=\"(max-width: 700px) 100vw, 700px\" \/><\/p>\n<ul>\n<li>Correr para a emerg\u00eancia!<\/li>\n<li>Torniquete local se picada de inseto.<\/li>\n<li>Manter paciente deitado com pernas mais altas.<\/li>\n<li>Adrenalina 1:1000 (no Brasil em forma de ampolas de 1 ml e no EUA em forma de Epipen adulto e infantil)<br \/>\n&#8211; Adultos 0,2 a 0,3 ml IM ou SC;<br \/>\n&#8211; Repetir a cada 10 a 15 min na primeira hora;<br \/>\n&#8211; Crian\u00e7as: 0,01 ml\/Kg at\u00e9 o limite de 0,3 mg.\u00a0Abaixo de 13 Kg (0,01 ml\/Kg no m\u00e1ximo 0,15 ml);<br \/>\n&#8211; Injetar metade da dose no local da picada do inseto, se adequado.<\/li>\n<li>Fenergan injet\u00e1vel (crian\u00e7as usam dose menor).<\/li>\n<li>Cortic\u00f3ide EV ou IM.<\/li>\n<li>Tratar hipotens\u00e3o com flu\u00eddos e vasopressores.<\/li>\n<li>Broncodilatador.<\/li>\n<li>Oxigenioterapia.<\/li>\n<li>Acesso venoso.<\/li>\n<\/ul>\n<p>&nbsp;<\/p>\n<p>[\/et_pb_text][\/et_pb_column][\/et_pb_row][\/et_pb_section]<\/p>\n","protected":false},"excerpt":{"rendered":"<p>O QUE \u00c9 ANAFILAXIA Anafilaxia ou choque anafil\u00e1tico \u00e9 uma rea\u00e7\u00e3o al\u00e9rgica grave e de r\u00e1pida progress\u00e3o. Trata-se de uma emerg\u00eancia m\u00e9dica que\u00a0requer busca de aux\u00edlio imediato de profissionais da sa\u00fade. &nbsp; EPIPEN &#8211; Caneta com adrenalina para crise de Anafilaxia Nos EUA \u00e9 comercializada\u00a0a adrenalina, tamb\u00e9m chamada de epinefrina, em forma de um tipo [&hellip;]<\/p>\n","protected":false},"author":1,"featured_media":0,"parent":72,"menu_order":6,"comment_status":"closed","ping_status":"closed","template":"","meta":{"_et_pb_use_builder":"on","_et_pb_old_content":"","_et_gb_content_width":"","footnotes":""},"class_list":["post-92","page","type-page","status-publish","hentry"],"_links":{"self":[{"href":"https:\/\/dnareference.com.br\/clinica\/wp-json\/wp\/v2\/pages\/92"}],"collection":[{"href":"https:\/\/dnareference.com.br\/clinica\/wp-json\/wp\/v2\/pages"}],"about":[{"href":"https:\/\/dnareference.com.br\/clinica\/wp-json\/wp\/v2\/types\/page"}],"author":[{"embeddable":true,"href":"https:\/\/dnareference.com.br\/clinica\/wp-json\/wp\/v2\/users\/1"}],"replies":[{"embeddable":true,"href":"https:\/\/dnareference.com.br\/clinica\/wp-json\/wp\/v2\/comments?post=92"}],"version-history":[{"count":16,"href":"https:\/\/dnareference.com.br\/clinica\/wp-json\/wp\/v2\/pages\/92\/revisions"}],"predecessor-version":[{"id":542,"href":"https:\/\/dnareference.com.br\/clinica\/wp-json\/wp\/v2\/pages\/92\/revisions\/542"}],"up":[{"embeddable":true,"href":"https:\/\/dnareference.com.br\/clinica\/wp-json\/wp\/v2\/pages\/72"}],"wp:attachment":[{"href":"https:\/\/dnareference.com.br\/clinica\/wp-json\/wp\/v2\/media?parent=92"}],"curies":[{"name":"wp","href":"https:\/\/api.w.org\/{rel}","templated":true}]}}