{"id":716,"date":"2021-03-04T16:21:39","date_gmt":"2021-03-04T19:21:39","guid":{"rendered":"https:\/\/dnareference.com.br\/clinica\/?page_id=716"},"modified":"2024-08-21T20:28:12","modified_gmt":"2024-08-21T23:28:12","slug":"teleconsulta","status":"publish","type":"page","link":"https:\/\/dnareference.com.br\/clinica\/teleconsulta\/","title":{"rendered":"Teleconsulta"},"content":{"rendered":"<p>[et_pb_section fb_built=&#8221;1&#8243; fullwidth=&#8221;on&#8221; admin_label=&#8221;section&#8221; _builder_version=&#8221;4.16&#8243; background_color=&#8221;#2ea3f2&#8243; locked=&#8221;off&#8221; global_colors_info=&#8221;{}&#8221;][et_pb_fullwidth_header title=&#8221;Teleconsulta&#8221; text_orientation=&#8221;center&#8221; content_max_width=&#8221;none&#8221; admin_label=&#8221;Fullwidth Header&#8221; _builder_version=&#8221;4.16&#8243; background_color=&#8221;#e02b20&#8243; button_one_letter_spacing_hover=&#8221;0&#8243; button_two_letter_spacing_hover=&#8221;0&#8243; global_colors_info=&#8221;{}&#8221; button_one_text_size__hover_enabled=&#8221;off&#8221; button_two_text_size__hover_enabled=&#8221;off&#8221; button_one_text_color__hover_enabled=&#8221;off&#8221; button_two_text_color__hover_enabled=&#8221;off&#8221; button_one_border_width__hover_enabled=&#8221;off&#8221; button_two_border_width__hover_enabled=&#8221;off&#8221; button_one_border_color__hover_enabled=&#8221;off&#8221; button_two_border_color__hover_enabled=&#8221;off&#8221; button_one_border_radius__hover_enabled=&#8221;off&#8221; button_two_border_radius__hover_enabled=&#8221;off&#8221; button_one_letter_spacing__hover_enabled=&#8221;on&#8221; button_one_letter_spacing__hover=&#8221;0&#8243; button_two_letter_spacing__hover_enabled=&#8221;on&#8221; button_two_letter_spacing__hover=&#8221;0&#8243; button_one_bg_color__hover_enabled=&#8221;off&#8221; button_two_bg_color__hover_enabled=&#8221;off&#8221;][\/et_pb_fullwidth_header][\/et_pb_section][et_pb_section fb_built=&#8221;1&#8243; _builder_version=&#8221;4.16&#8243; _module_preset=&#8221;default&#8221; global_colors_info=&#8221;{}&#8221;][et_pb_row _builder_version=&#8221;4.16&#8243; _module_preset=&#8221;default&#8221; global_colors_info=&#8221;{}&#8221;][et_pb_column type=&#8221;4_4&#8243; _builder_version=&#8221;4.16&#8243; _module_preset=&#8221;default&#8221; global_colors_info=&#8221;{}&#8221;][et_pb_image src=&#8221;https:\/\/dnareference.com.br\/clinica\/wp-content\/uploads\/sites\/3\/2021\/05\/clinica-jobim-telemedicina.jpg&#8221; title_text=&#8221;clinica-jobim-telemedicina&#8221; _builder_version=&#8221;4.16&#8243; _module_preset=&#8221;default&#8221; global_colors_info=&#8221;{}&#8221;][\/et_pb_image][\/et_pb_column][\/et_pb_row][et_pb_row _builder_version=&#8221;4.16&#8243; _module_preset=&#8221;default&#8221; global_colors_info=&#8221;{}&#8221; column_structure=&#8221;1_2,1_2&#8243;][et_pb_column type=&#8221;1_2&#8243; _builder_version=&#8221;4.16&#8243; _module_preset=&#8221;default&#8221; global_colors_info=&#8221;{}&#8221;][et_pb_text admin_label=&#8221;A experi\u00eancia na Medicina \u00e9&#8230;&#8221; _builder_version=&#8221;4.27.0&#8243; _module_preset=&#8221;default&#8221; text_font_size=&#8221;16px&#8221; hover_enabled=&#8221;0&#8243; global_colors_info=&#8221;{}&#8221; sticky_enabled=&#8221;0&#8243;]<\/p>\n<p>A experi\u00eancia na Medicina \u00e9 decorrente da atividade do m\u00e9dico. Caso ele tenha sido estudioso e trabalhado muitos anos com uma agenda de muitos pacientes, a tend\u00eancia \u00e9 que depois de um tempo tenha visto quase todas as doen\u00e7as de sua especialidade. Utilizado os mais diversos tratamentos e observado seus resultados.<\/p>\n<p>Al\u00e9m disso, caso tenha trabalhado num hospital p\u00fablico e universit\u00e1rio onde os casos mais dif\u00edceis s\u00e3o acolhidos, ter\u00e1 mais experi\u00eancia do que se passasse a vida num consult\u00f3rio particular.<\/p>\n<p>Como exemplo, o <strong>Professor Luiz Jobim<\/strong> e a <strong>Dra. Mariana Jobim<\/strong> atenderam o ambulat\u00f3rio de Alergia e Imunologia do Hospital de Cl\u00ednicas de Porto Alegre por muitos anos. L\u00e1 acompanharam muitos pacientes com defeitos imunol\u00f3gicos graves com falta de anticorpos (Imunodefici\u00eancias Prim\u00e1rias), assim como todo tipo de doen\u00e7as al\u00e9rgicas graves e raras. Num consult\u00f3rio particular, talvez um m\u00e9dico n\u00e3o veja esses pacientes durante toda sua vida.<\/p>\n<p>[\/et_pb_text][\/et_pb_column][et_pb_column type=&#8221;1_2&#8243; _builder_version=&#8221;4.16&#8243; _module_preset=&#8221;default&#8221; global_colors_info=&#8221;{}&#8221;][et_pb_text admin_label=&#8221;A experi\u00eancia na Medicina \u00e9&#8230;&#8221; _builder_version=&#8221;4.27.0&#8243; _module_preset=&#8221;default&#8221; text_font_size=&#8221;16px&#8221; hover_enabled=&#8221;0&#8243; global_colors_info=&#8221;{}&#8221; sticky_enabled=&#8221;0&#8243;]<\/p>\n<p>A Telemedicina nessa epidemia COVID-19 mostrou que \u00e9 poss\u00edvel atender pacientes por aplicativos para celular ou computador onde o m\u00e9dico conversa e enxerga o paciente ou familiar, examina fotos de sua pele, exames de laborat\u00f3rio, radiografias, laudos etc.<\/p>\n<p>Caso voc\u00ea esteja em d\u00favida sobre seu diagn\u00f3stico ou medica\u00e7\u00e3o e deseja esclarecimento de m\u00e9dicos experientes, fa\u00e7a uma consulta presencial ou uma TELECONSULTA. Muitas vezes suas d\u00favidas s\u00e3o esclarecidas e a orienta\u00e7\u00e3o \u00e9 suficiente para dar continuidade ou n\u00e3o no tratamento que vinha realizando.<\/p>\n<p>Lembre-se que os m\u00e9dicos n\u00e3o especialistas t\u00eam dificuldades em diagnosticar e tratar doen\u00e7as al\u00e9rgicas e imunol\u00f3gicas mais complexas, decorrendo da\u00ed as condutas inadequadas e tratamentos prejudiciais.<\/p>\n<p>[\/et_pb_text][\/et_pb_column][\/et_pb_row][et_pb_row _builder_version=&#8221;4.16&#8243; _module_preset=&#8221;default&#8221; background_color=&#8221;#f7f7f7&#8243; global_colors_info=&#8221;{}&#8221;][et_pb_column type=&#8221;4_4&#8243; _builder_version=&#8221;4.16&#8243; _module_preset=&#8221;default&#8221; global_colors_info=&#8221;{}&#8221;][et_pb_text admin_label=&#8221;A Telemedicina nessa epidemia COVID-19&#8230;&#8221; _builder_version=&#8221;4.27.0&#8243; _module_preset=&#8221;default&#8221; text_font=&#8221;|600|||||||&#8221; text_font_size=&#8221;18px&#8221; text_orientation=&#8221;center&#8221; width=&#8221;90%&#8221; max_width=&#8221;100%&#8221; module_alignment=&#8221;center&#8221; hover_enabled=&#8221;0&#8243; global_colors_info=&#8221;{}&#8221; sticky_enabled=&#8221;0&#8243; custom_padding=&#8221;10px|10px|10px|10px|true|true&#8221; text_font_size_last_edited=&#8221;on|phone&#8221; text_font_size_phone=&#8221;16px&#8221; text_font_size_tablet=&#8221;18px&#8221;]<\/p>\n<p><strong>Voc\u00ea ver\u00e1 que a TELECONSULTA \u00e9 muito simples, n\u00e3o tem despesas de viagem e estadia, al\u00e9m de n\u00e3o perder tempo.<\/strong> Basta telefonar ou mandar uma mensagem solicitando informa\u00e7\u00f5es para o WhatsApp da Cl\u00ednica Jobim <a href=\"https:\/\/wa.me\/5551991156977?text=Ol%C3%A1%2C%20gostaria%20de%20agendar%20uma%20consulta.\" target=\"_blank\" alt=\"Abrir no WhatsApp\" style=\"color: #cd5c5c; text-decoration: none;\" rel=\"noopener\">(51) 99115-6977<\/a>. Caso desejar falar com a secret\u00e1ria, ligue para <a href=\"tel:5132221350\" target=\"_blank\" alt=\"Ligar\" style=\"color: #cd5c5c; text-decoration: none;\" rel=\"noopener\"><strong>(51) 3222-1350<\/strong><\/a>.<\/p>\n<div>Ir\u00e1 receber informa\u00e7\u00f5es necess\u00e1rias. Quando enviar o comprovante de pagamento para a secret\u00e1ria pelo WhatsApp, receber\u00e1 um hor\u00e1rio para a consulta e o link para iniciar a mesma.<\/div>\n<div><\/div>\n<div>Iremos enviar o link por E-mail e tamb\u00e9m pelo WhatsApp.<\/div>\n<p>&nbsp;<\/p>\n<p>[\/et_pb_text][\/et_pb_column][\/et_pb_row][et_pb_row _builder_version=&#8221;4.16&#8243; _module_preset=&#8221;default&#8221; global_colors_info=&#8221;{}&#8221; column_structure=&#8221;1_2,1_2&#8243;][et_pb_column type=&#8221;1_2&#8243; _builder_version=&#8221;4.16&#8243; _module_preset=&#8221;default&#8221; global_colors_info=&#8221;{}&#8221;][et_pb_text admin_label=&#8221;Esteja com o material em ordem&#8230;&#8221; _builder_version=&#8221;4.27.0&#8243; _module_preset=&#8221;default&#8221; text_font_size=&#8221;16px&#8221; hover_enabled=&#8221;0&#8243; global_colors_info=&#8221;{}&#8221; sticky_enabled=&#8221;0&#8243;]<\/p>\n<p><strong>Prepara\u00e7\u00e3o<\/strong><br \/>Esteja com o material em ordem, caso desejar enviar exames, fotos com boa ilumina\u00e7\u00e3o, laudos e receitas (s\u00f3 as mais importantes).<\/p>\n<p>Esses documentos podem ser enviados antes da consulta para <strong><a href=\"mailto:secdnareference@gmail.com\" target=\"_blank\" rel=\"noopener\" style=\"color: #cd5c5c; text-decoration: none;\">secdnareference@gmail.com <\/a><\/strong>, assim como podem ser mostrados na tela do computador durante a consulta. Sempre que enviar mensagens por e-mail escreva no assunto o nome do paciente.<\/p>\n<p>[\/et_pb_text][\/et_pb_column][et_pb_column type=&#8221;1_2&#8243; _builder_version=&#8221;4.16&#8243; _module_preset=&#8221;default&#8221; global_colors_info=&#8221;{}&#8221;][et_pb_text admin_label=&#8221;Esteja com o material em ordem&#8230;&#8221; _builder_version=&#8221;4.27.0&#8243; _module_preset=&#8221;default&#8221; text_font_size=&#8221;16px&#8221; hover_enabled=&#8221;0&#8243; global_colors_info=&#8221;{}&#8221; sticky_enabled=&#8221;0&#8243;]<\/p>\n<p><strong>Durante a TeleConsulta:<\/strong><\/p>\n<ul>\n<li>O m\u00e9dico ir\u00e1 falar consigo em segundos ap\u00f3s clicar no link enviado.<\/li>\n<li>Fique em ambiente calmo sem ru\u00eddos.<\/li>\n<li>Prefira a ilumina\u00e7\u00e3o frontal para ser bem visualizada pelo m\u00e9dico.<\/li>\n<li>Voc\u00ea poder\u00e1 usar o computador com c\u00e2mara e microfone (som), tablet ou telefone celular. O primeiro \u00e9 mais adequado pelo tamanho da tela e facilidades como mostrar exames e fotos durante a consulta.<\/li>\n<\/ul>\n<p>[\/et_pb_text][\/et_pb_column][\/et_pb_row][et_pb_row _builder_version=&#8221;4.27.0&#8243; _module_preset=&#8221;default&#8221; background_color=&#8221;#e02b20&#8243; hover_enabled=&#8221;0&#8243; global_colors_info=&#8221;{}&#8221; custom_margin=&#8221;||60px||false|false&#8221; sticky_enabled=&#8221;0&#8243;][et_pb_column type=&#8221;4_4&#8243; _builder_version=&#8221;4.16&#8243; _module_preset=&#8221;default&#8221; global_colors_info=&#8221;{}&#8221;][et_pb_text admin_label=&#8221;TELECONSULTA para UNIMED&#8221; _builder_version=&#8221;4.27.0&#8243; _module_preset=&#8221;default&#8221; text_text_color=&#8221;#FFFFFF&#8221; text_font_size=&#8221;17px&#8221; header_3_text_color=&#8221;#FFFFFF&#8221; header_3_font_size=&#8221;25px&#8221; text_orientation=&#8221;center&#8221; width=&#8221;77%&#8221; module_alignment=&#8221;center&#8221; hover_enabled=&#8221;0&#8243; global_colors_info=&#8221;{}&#8221; sticky_enabled=&#8221;0&#8243; custom_padding=&#8221;10px|10px|10px|10px|true|true&#8221;]<\/p>\n<h3><strong>TELECONSULTA para UNIMED<\/strong><\/h3>\n<p>Atendemos seus associados e para marcar consulta devem entrar no site da Unimed (<a href=\"https:\/\/www.unimedpoa.com.br\/\" target=\"_blank\" alt=\"Unimed\" style=\"color: #ffffff; text-decoration: underline;\" rel=\"noopener\">unimedpoa.com.br<\/a>) e procurar <a href=\"https:\/\/www.unimedpoa.com.br\/telemedicina\" target=\"_blank\" alt=\"Unimed\" style=\"color: #ffffff; text-decoration: underline;\" rel=\"noopener\">Meu M\u00e9dicOnline<\/a>.<br \/>Entre com seu Login e Senha para encontrar as especialidades e os m\u00e9dicos com seus hor\u00e1rios de atendimento. Selecione um hor\u00e1rio com a <strong>Dra. Mariana Jobim<\/strong> ou com o <strong>Dr. Luiz Fernando Jobim<\/strong>. No dia da consulta receber\u00e1 um link no email ou no seu celular para entrar na consulta no hor\u00e1rio\u00a0marcado.<\/p>\n<p>[\/et_pb_text][\/et_pb_column][\/et_pb_row][\/et_pb_section]<\/p>\n","protected":false},"excerpt":{"rendered":"<p>A experi\u00eancia na Medicina \u00e9 decorrente da atividade do m\u00e9dico. Caso ele tenha sido estudioso e trabalhado muitos anos com uma agenda de muitos pacientes, a tend\u00eancia \u00e9 que depois de um tempo tenha visto quase todas as doen\u00e7as de sua especialidade. Utilizado os mais diversos tratamentos e observado seus resultados. Al\u00e9m disso, caso tenha [&hellip;]<\/p>\n","protected":false},"author":1,"featured_media":0,"parent":0,"menu_order":0,"comment_status":"closed","ping_status":"closed","template":"","meta":{"_et_pb_use_builder":"on","_et_pb_old_content":"","_et_gb_content_width":"","footnotes":""},"class_list":["post-716","page","type-page","status-publish","hentry"],"_links":{"self":[{"href":"https:\/\/dnareference.com.br\/clinica\/wp-json\/wp\/v2\/pages\/716"}],"collection":[{"href":"https:\/\/dnareference.com.br\/clinica\/wp-json\/wp\/v2\/pages"}],"about":[{"href":"https:\/\/dnareference.com.br\/clinica\/wp-json\/wp\/v2\/types\/page"}],"author":[{"embeddable":true,"href":"https:\/\/dnareference.com.br\/clinica\/wp-json\/wp\/v2\/users\/1"}],"replies":[{"embeddable":true,"href":"https:\/\/dnareference.com.br\/clinica\/wp-json\/wp\/v2\/comments?post=716"}],"version-history":[{"count":13,"href":"https:\/\/dnareference.com.br\/clinica\/wp-json\/wp\/v2\/pages\/716\/revisions"}],"predecessor-version":[{"id":798,"href":"https:\/\/dnareference.com.br\/clinica\/wp-json\/wp\/v2\/pages\/716\/revisions\/798"}],"wp:attachment":[{"href":"https:\/\/dnareference.com.br\/clinica\/wp-json\/wp\/v2\/media?parent=716"}],"curies":[{"name":"wp","href":"https:\/\/api.w.org\/{rel}","templated":true}]}}