{"id":657,"date":"2020-01-10T16:16:57","date_gmt":"2020-01-10T19:16:57","guid":{"rendered":"https:\/\/dnareference.com.br\/clinica\/?page_id=657"},"modified":"2020-01-10T16:16:57","modified_gmt":"2020-01-10T19:16:57","slug":"fisioterapia-respiratoria","status":"publish","type":"page","link":"https:\/\/dnareference.com.br\/clinica\/atendimento\/imunodeficiencias-primarias\/fisioterapia-respiratoria\/","title":{"rendered":"Fisioterapia Respirat\u00f3ria"},"content":{"rendered":"<p>[et_pb_section bb_built=&#8221;1&#8243; admin_label=&#8221;Rinite&#8221; fullwidth=&#8221;on&#8221; specialty=&#8221;off&#8221; transparent_background=&#8221;off&#8221; allow_player_pause=&#8221;off&#8221; inner_shadow=&#8221;off&#8221; parallax=&#8221;off&#8221; parallax_method=&#8221;off&#8221; padding_mobile=&#8221;off&#8221; make_fullwidth=&#8221;off&#8221; use_custom_width=&#8221;off&#8221; width_unit=&#8221;on&#8221; make_equal=&#8221;off&#8221; use_custom_gutter=&#8221;off&#8221;][et_pb_fullwidth_post_title admin_label=&#8221;T\u00edtulo da P\u00e1gina de Largura Inteira&#8221; title=&#8221;on&#8221; meta=&#8221;off&#8221; author=&#8221;on&#8221; date=&#8221;on&#8221; categories=&#8221;on&#8221; comments=&#8221;on&#8221; featured_image=&#8221;off&#8221; featured_placement=&#8221;below&#8221; parallax_effect=&#8221;on&#8221; parallax_method=&#8221;on&#8221; text_orientation=&#8221;center&#8221; text_color=&#8221;dark&#8221; text_background=&#8221;off&#8221; text_bg_color=&#8221;rgba(255,255,255,0.9)&#8221; module_bg_color=&#8221;#e02b20&#8243; title_all_caps=&#8221;off&#8221; use_border_color=&#8221;off&#8221; border_color=&#8221;#ffffff&#8221; border_style=&#8221;solid&#8221; title_font_size=&#8221;30px&#8221; title_font=&#8221;|on|||&#8221; title_text_color=&#8221;#ffffff&#8221;]<br \/>\n[\/et_pb_fullwidth_post_title][\/et_pb_section][et_pb_section bb_built=&#8221;1&#8243; admin_label=&#8221;section&#8221;][et_pb_row admin_label=&#8221;Linha&#8221;][et_pb_column type=&#8221;1_3&#8243;][et_pb_sidebar admin_label=&#8221;Barra Lateral&#8221; orientation=&#8221;left&#8221; area=&#8221;sidebar-1&#8243; background_layout=&#8221;light&#8221; remove_border=&#8221;off&#8221;]<br \/>\n[\/et_pb_sidebar][\/et_pb_column][et_pb_column type=&#8221;2_3&#8243;][et_pb_text admin_label=&#8221;A fisioterapia respirat\u00f3ria&#8230;&#8221; background_layout=&#8221;light&#8221; text_orientation=&#8221;left&#8221; use_border_color=&#8221;off&#8221; border_color=&#8221;#ffffff&#8221; border_style=&#8221;solid&#8221;]<\/p>\n<p>A fisioterapia respirat\u00f3ria contribui para prevenir e tratar v\u00e1rios aspectos das desordens respirat\u00f3rias. Esses exerc\u00edcios ajudam a expuls\u00e3o das secre\u00e7\u00f5es e fortalecem seu sistema respirat\u00f3rio. O interessante \u00e9 que podem ser feitos em casa.<\/p>\n<p><strong>Benef\u00edcios:<\/strong><\/p>\n<ul>\n<li>Produz vibra\u00e7\u00f5es na caixa tor\u00e1cica;<\/li>\n<li>Mobiliza as secre\u00e7\u00f5es;<\/li>\n<li>Facilita a expectora\u00e7\u00e3o;<\/li>\n<li>Reduz a dispn\u00e9ia (falta de ar);<\/li>\n<li>Restabelece as fun\u00e7\u00f5es pulmonares.<\/li>\n<\/ul>\n<p>[\/et_pb_text][et_pb_text admin_label=&#8221;FLUTTER&#8221; background_layout=&#8221;light&#8221; text_orientation=&#8221;left&#8221; use_border_color=&#8221;off&#8221; border_color=&#8221;#ffffff&#8221; border_style=&#8221;solid&#8221;]<\/p>\n<h3>FLUTTER<\/h3>\n<p>A v\u00e1lvula de flutter \u00e9 composta por um dispositivo em forma de cachimbo. O aparelho deve ser limpo, de acordo com as instru\u00e7\u00f5es.<\/p>\n<p><img loading=\"lazy\" decoding=\"async\" class=\"alignnone size-full wp-image-658\" src=\"https:\/\/dnareference.com.br\/clinica\/wp-content\/uploads\/sites\/3\/2020\/01\/flutter.jpg\" alt=\"\" width=\"497\" height=\"665\" srcset=\"https:\/\/dnareference.com.br\/clinica\/wp-content\/uploads\/sites\/3\/2020\/01\/flutter.jpg 497w, https:\/\/dnareference.com.br\/clinica\/wp-content\/uploads\/sites\/3\/2020\/01\/flutter-224x300.jpg 224w\" sizes=\"(max-width: 497px) 100vw, 497px\" \/><\/p>\n<p>Sentado, com corpo inclinado para frente e com os cotovelos apoiados sobre uma superf\u00edcie est\u00e1vel, inspire fundo pelo nariz ou pela boca e mantenha por 3 a 5 segundos, s\u00f3 ent\u00e3o posicione o bucal e expire com uma frequ\u00eancia mais r\u00e1pida do que a normal atrav\u00e9s do flutter. Repita diversas vezes pela manh\u00e3 e a noite diariamente. \u00c9 necess\u00e1ria uma pausa de 5 minutos entre uma s\u00e9rie e outra de exerc\u00edcios para controle respirat\u00f3rio e relaxamento.<\/p>\n<p>Quando a tosse iniciar a expectora\u00e7\u00e3o far\u00e1 seu papel de limpeza dos br\u00f4nquios. Tenha copo pl\u00e1stico a m\u00e3o para colher as secre\u00e7\u00f5es.<\/p>\n<p><strong>Ortopedia Wiesbauer<\/strong> (pre\u00e7o ao redor de R$ 100)<br \/>\nRua Ramiro Barcelos, 2093<br \/>\nFone: 3388-1829<\/p>\n<p>[\/et_pb_text][et_pb_text admin_label=&#8221;M\u00c9TODO DA GARRAFA E CANUDO&#8221; background_layout=&#8221;light&#8221; text_orientation=&#8221;left&#8221; use_border_color=&#8221;off&#8221; border_color=&#8221;#ffffff&#8221; border_style=&#8221;solid&#8221;]<\/p>\n<h3>M\u00c9TODO DA GARRAFA E CANUDO<\/h3>\n<p>Pegue uma garrafinha PET pequena e encha com um ter\u00e7o de \u00e1gua, consiga um canudo grosso e mergulhe at\u00e9 o fundo da garrafa. Feito isso, respire fundo, enchendo os pulm\u00f5es e assopre lentamente o canudo, fazendo sair bolhas dentro da \u00e1gua. Execute este processo at\u00e9 voc\u00ea cansar.<\/p>\n<p>O objetivo da \u00e1gua na garrafinha \u00e9 &#8220;dificultar&#8221; a sa\u00edda do ar, sendo necess\u00e1rio que voc\u00ea assopre com um pouco mais de for\u00e7a, trabalhando seus m\u00fasculos respirat\u00f3rios. Ao mesmo tempo que as bolhas de ar saem, ocorre uma vibra\u00e7\u00e3o que ajuda a sa\u00edda das secre\u00e7\u00f5es com a tosse provocada.<\/p>\n<p><img loading=\"lazy\" decoding=\"async\" class=\"alignnone size-full wp-image-659\" src=\"https:\/\/dnareference.com.br\/clinica\/wp-content\/uploads\/sites\/3\/2020\/01\/gararfinha-com-agua.jpg\" alt=\"\" width=\"626\" height=\"355\" srcset=\"https:\/\/dnareference.com.br\/clinica\/wp-content\/uploads\/sites\/3\/2020\/01\/gararfinha-com-agua.jpg 626w, https:\/\/dnareference.com.br\/clinica\/wp-content\/uploads\/sites\/3\/2020\/01\/gararfinha-com-agua-300x170.jpg 300w\" sizes=\"(max-width: 626px) 100vw, 626px\" \/><\/p>\n<p>[\/et_pb_text][et_pb_text admin_label=&#8221;PACIENTES COM BRONQUIECTASIAS&#8221; background_layout=&#8221;light&#8221; text_orientation=&#8221;left&#8221; use_border_color=&#8221;off&#8221; border_color=&#8221;#ffffff&#8221; border_style=&#8221;solid&#8221;]<\/p>\n<h3>PACIENTES COM BRONQUIECTASIAS<\/h3>\n<p>Os imunodeficientes prim\u00e1rios t\u00eam muitas vezes dilata\u00e7\u00f5es dos br\u00f4nquios que chamamos de bronquiectasias.<br \/>\nNessas dilata\u00e7\u00f5es acumulam-se secre\u00e7\u00f5es (catarro). Os germens multiplicam-se nesse local e podem levar \u00e0 pneumonia.<\/p>\n<p>Caso voc\u00ea limpar seu pulm\u00e3o todos os dias, voc\u00ea ser\u00e1 beneficiado. NUNCA deixe de fazer fisioterapia respirat\u00f3ria.<\/p>\n<p><img loading=\"lazy\" decoding=\"async\" class=\"alignnone size-full wp-image-660\" src=\"https:\/\/dnareference.com.br\/clinica\/wp-content\/uploads\/sites\/3\/2020\/01\/bronquiectasias.jpg\" alt=\"\" width=\"364\" height=\"438\" srcset=\"https:\/\/dnareference.com.br\/clinica\/wp-content\/uploads\/sites\/3\/2020\/01\/bronquiectasias.jpg 364w, https:\/\/dnareference.com.br\/clinica\/wp-content\/uploads\/sites\/3\/2020\/01\/bronquiectasias-249x300.jpg 249w\" sizes=\"(max-width: 364px) 100vw, 364px\" \/><\/p>\n<p>[\/et_pb_text][et_pb_text admin_label=&#8221;Processo para Solicita\u00e7\u00e3o&#8221; background_layout=&#8221;light&#8221; text_orientation=&#8221;left&#8221; use_border_color=&#8221;off&#8221; border_color=&#8221;#ffffff&#8221; border_style=&#8221;solid&#8221;]<\/p>\n<h3>Processo para Solicita\u00e7\u00e3o de Imunoglobulina Endovenosa ao Estado<\/h3>\n<p><strong>Residentes em Porto Alegre:<\/strong><br \/>\nFarm\u00e1cia de Medicamentos Especiais<br \/>\nAv. Borges de Medeiros n\u00ba 546 &#8211; 1\u00ba andar<br \/>\nTelefone: (51) 3901-1004 Fax: (51) 3225-8179<\/p>\n<p><strong>Residentes em Santa Maria:<\/strong><br \/>\nCoordenadoria Regional de Sa\u00fade &#8211; 4\u00aa CRS<br \/>\nRua Andr\u00e9 Marques, 675 &#8211; Fones: (55) 3222.3101\/ 3222-2929<\/p>\n<p><strong>Residentes em outros munic\u00edpios do Estado:<\/strong><br \/>\nDirigir-se \u00e0 Secretaria Municipal de Sa\u00fade<\/p>\n<ul>\n<li><strong>Documenta\u00e7\u00e3o necess\u00e1ria para abertura de processo para solicita\u00e7\u00e3o de Medicamentos Especiais:<\/strong><br \/>\nCadastro de Usu\u00e1rio e de respons\u00e1vel (menores);<\/li>\n<li>C\u00f3pia dos documentos: carteira de identidade, CPF, cart\u00e3o SUS e comprovante de resid\u00eancia do paciente;<\/li>\n<li>C\u00f3pia dos documentos: carteira de identidade, CPF, cart\u00e3o SUS e comprovante de resid\u00eancia do respons\u00e1vel legal (para pacientes menores de 18 anos);<\/li>\n<li>Receita m\u00e9dica original adequada ao tipo de medicamento (controle especial, notifica\u00e7\u00e3o de receita ou receitu\u00e1rio simples) atualizada com assinatura e carimbo do m\u00e9dico com CRM leg\u00edvel, e a descri\u00e7\u00e3o do medicamento de acordo com a Denomina\u00e7\u00e3o Comum Brasileira, dose por unidade posol\u00f3gica (concentra\u00e7\u00e3o), apresenta\u00e7\u00e3o (comprimido, dr\u00e1gea, c\u00e1psula, xarope, spray etc), posologia e dura\u00e7\u00e3o do tratamento;<\/li>\n<li>Relat\u00f3rio m\u00e9dico detalhado contendo diagn\u00f3stico da doen\u00e7a, hist\u00f3ria terap\u00eautica pr\u00e9via, parefeitos com outros medicamentos, tempo de dura\u00e7\u00e3o do tratamento e demais informa\u00e7\u00f5es que possam auxiliar na an\u00e1lise da solicita\u00e7\u00e3o;<\/li>\n<li>Formul\u00e1rio de Solicita\u00e7\u00e3o, Avalia\u00e7\u00e3o e Autoriza\u00e7\u00e3o de Medicamentos;<\/li>\n<li>Preenchido pelo m\u00e9dico com da dosagem mensal do medicamento, CID e n\u00famero do CNS;<\/li>\n<li>C\u00f3pia dos exames complementares que comprovem o agravo para o qual est\u00e1(\u00e3o) sendo pedido(s) o(s) medicamento(s);<\/li>\n<li>Informa\u00e7\u00e3o do Cart\u00e3o Nacional de Sa\u00fade (CNS) do m\u00e9dico solicitante (pode constar na receita ou laudo m\u00e9dico).<\/li>\n<\/ul>\n<p><strong>Exames necess\u00e1rios para cadastro e renova\u00e7\u00e3o de fornecimento Imunoglobulina Endovenosa<\/strong><\/p>\n<ul>\n<li>Hemograma, Exame comum de urina;<\/li>\n<li>IgG, IgA, IgM;<\/li>\n<li>Anticorpos IgG contra rub\u00e9ola e anti-HAV (v\u00edrus da hepatite A) \u2013 s\u00f3 no cadastro;<\/li>\n<li>Ur\u00e9ia e creatinina;<\/li>\n<li>TGO, TGP, gama GT;<\/li>\n<li>Tempo de protrombina;<\/li>\n<li>Albumina.<\/li>\n<\/ul>\n<p>[\/et_pb_text][et_pb_text admin_label=&#8221;TERMO DE CONSENTIMENTO&#8221; background_layout=&#8221;light&#8221; text_orientation=&#8221;left&#8221; use_border_color=&#8221;off&#8221; border_color=&#8221;#ffffff&#8221; border_style=&#8221;solid&#8221;]<\/p>\n<h3>TERMO DE CONSENTIMENTO INFORMADO IMUNOGLOBULINA HUMANA<\/h3>\n<p>Clique no bot\u00e3o abaixo para fazer o download em formato PDF.<\/p>\n<p>[\/et_pb_text][et_pb_button admin_label=&#8221;Bot\u00e3o&#8221; button_url=&#8221;\/clinica\/wp-content\/uploads\/sites\/3\/2020\/01\/TERMO-DE-CONSENTIMENTO-INFORMADO-IMUNOGLOBULINA-HUMANA.pdf&#8221; url_new_window=&#8221;on&#8221; button_text=&#8221;Baixe o Termo&#8221; button_alignment=&#8221;left&#8221; background_layout=&#8221;light&#8221; custom_button=&#8221;off&#8221; button_letter_spacing=&#8221;0&#8243; button_use_icon=&#8221;default&#8221; button_icon_placement=&#8221;right&#8221; button_on_hover=&#8221;on&#8221; button_letter_spacing_hover=&#8221;0&#8243; \/][\/et_pb_column][\/et_pb_row][\/et_pb_section]<\/p>\n","protected":false},"excerpt":{"rendered":"<p>A fisioterapia respirat\u00f3ria contribui para prevenir e tratar v\u00e1rios aspectos das desordens respirat\u00f3rias. Esses exerc\u00edcios ajudam a expuls\u00e3o das secre\u00e7\u00f5es e fortalecem seu sistema respirat\u00f3rio. O interessante \u00e9 que podem ser feitos em casa. Benef\u00edcios: Produz vibra\u00e7\u00f5es na caixa tor\u00e1cica; Mobiliza as secre\u00e7\u00f5es; Facilita a expectora\u00e7\u00e3o; Reduz a dispn\u00e9ia (falta de ar); Restabelece as fun\u00e7\u00f5es [&hellip;]<\/p>\n","protected":false},"author":1,"featured_media":0,"parent":76,"menu_order":0,"comment_status":"closed","ping_status":"closed","template":"","meta":{"_et_pb_use_builder":"on","_et_pb_old_content":"","_et_gb_content_width":"","footnotes":""},"class_list":["post-657","page","type-page","status-publish","hentry"],"_links":{"self":[{"href":"https:\/\/dnareference.com.br\/clinica\/wp-json\/wp\/v2\/pages\/657"}],"collection":[{"href":"https:\/\/dnareference.com.br\/clinica\/wp-json\/wp\/v2\/pages"}],"about":[{"href":"https:\/\/dnareference.com.br\/clinica\/wp-json\/wp\/v2\/types\/page"}],"author":[{"embeddable":true,"href":"https:\/\/dnareference.com.br\/clinica\/wp-json\/wp\/v2\/users\/1"}],"replies":[{"embeddable":true,"href":"https:\/\/dnareference.com.br\/clinica\/wp-json\/wp\/v2\/comments?post=657"}],"version-history":[{"count":1,"href":"https:\/\/dnareference.com.br\/clinica\/wp-json\/wp\/v2\/pages\/657\/revisions"}],"predecessor-version":[{"id":662,"href":"https:\/\/dnareference.com.br\/clinica\/wp-json\/wp\/v2\/pages\/657\/revisions\/662"}],"up":[{"embeddable":true,"href":"https:\/\/dnareference.com.br\/clinica\/wp-json\/wp\/v2\/pages\/76"}],"wp:attachment":[{"href":"https:\/\/dnareference.com.br\/clinica\/wp-json\/wp\/v2\/media?parent=657"}],"curies":[{"name":"wp","href":"https:\/\/api.w.org\/{rel}","templated":true}]}}