{"id":643,"date":"2020-01-10T15:24:52","date_gmt":"2020-01-10T18:24:52","guid":{"rendered":"https:\/\/dnareference.com.br\/clinica\/?page_id=643"},"modified":"2020-01-13T09:04:39","modified_gmt":"2020-01-13T12:04:39","slug":"alergia-a-picada-de-insetos","status":"publish","type":"page","link":"https:\/\/dnareference.com.br\/clinica\/atendimento\/doencas-alergicas\/alergia-a-picada-de-insetos\/","title":{"rendered":"Alergia \u00e0 picada de insetos"},"content":{"rendered":"<p>[et_pb_section bb_built=&#8221;1&#8243; admin_label=&#8221;Rinite&#8221; fullwidth=&#8221;on&#8221; specialty=&#8221;off&#8221; transparent_background=&#8221;off&#8221; allow_player_pause=&#8221;off&#8221; inner_shadow=&#8221;off&#8221; parallax=&#8221;off&#8221; parallax_method=&#8221;off&#8221; padding_mobile=&#8221;off&#8221; make_fullwidth=&#8221;off&#8221; use_custom_width=&#8221;off&#8221; width_unit=&#8221;on&#8221; make_equal=&#8221;off&#8221; use_custom_gutter=&#8221;off&#8221;][et_pb_fullwidth_post_title admin_label=&#8221;T\u00edtulo da P\u00e1gina de Largura Inteira&#8221; title=&#8221;on&#8221; meta=&#8221;off&#8221; author=&#8221;on&#8221; date=&#8221;on&#8221; categories=&#8221;on&#8221; comments=&#8221;on&#8221; featured_image=&#8221;off&#8221; featured_placement=&#8221;below&#8221; parallax_effect=&#8221;on&#8221; parallax_method=&#8221;on&#8221; text_orientation=&#8221;center&#8221; text_color=&#8221;dark&#8221; text_background=&#8221;off&#8221; text_bg_color=&#8221;rgba(255,255,255,0.9)&#8221; module_bg_color=&#8221;#e02b20&#8243; title_all_caps=&#8221;off&#8221; use_border_color=&#8221;off&#8221; border_color=&#8221;#ffffff&#8221; border_style=&#8221;solid&#8221; title_font_size=&#8221;30px&#8221; title_font=&#8221;|on|||&#8221; title_text_color=&#8221;#ffffff&#8221;]<\/p>\n<p>&nbsp;<\/p>\n<p>[\/et_pb_fullwidth_post_title][\/et_pb_section][et_pb_section bb_built=&#8221;1&#8243; admin_label=&#8221;section&#8221;][et_pb_row admin_label=&#8221;Linha&#8221;][et_pb_column type=&#8221;1_3&#8243;][et_pb_sidebar admin_label=&#8221;Barra Lateral&#8221; orientation=&#8221;left&#8221; area=&#8221;sidebar-1&#8243; background_layout=&#8221;light&#8221; remove_border=&#8221;off&#8221;]<\/p>\n<p>&nbsp;<\/p>\n<p>[\/et_pb_sidebar][\/et_pb_column][et_pb_column type=&#8221;2_3&#8243;][et_pb_text admin_label=&#8221;O que \u00e9?&#8221; background_layout=&#8221;light&#8221; text_orientation=&#8221;left&#8221; use_border_color=&#8221;off&#8221; border_color=&#8221;#ffffff&#8221; border_style=&#8221;solid&#8221;]<\/p>\n<p><img loading=\"lazy\" decoding=\"async\" class=\"size-full wp-image-691 alignnone\" src=\"https:\/\/dnareference.com.br\/clinica\/wp-content\/uploads\/sites\/3\/2020\/01\/alergia-a-picadas-de-insetos.png\" alt=\"\" width=\"279\" height=\"197\" \/><\/p>\n<p>O prurigo estr\u00f3fulo \u00e9 um quadro comum na inf\u00e2ncia que surge em decorr\u00eancia de uma rea\u00e7\u00e3o al\u00e9rgica \u00e0 picada de insetos, como mosquitos e pulgas.<\/p>\n<p>\u00c9 frequente o seu aparecimento ap\u00f3s frequentar locais onde existam mosquitos ou ap\u00f3s o contato com animais como c\u00e3es e gatos.<\/p>\n<p>A doen\u00e7a tem como caracter\u00edstica o surgimento na pele de pequenas les\u00f5es elevadas avermelhadas e ves\u00edculas (pequenas bolhas) principalmente nas \u00e1reas expostas a picadas de insetos, como as pernas e os bra\u00e7os, mas que podem se espalhar pelo corpo, sempre acompanhadas de coceira intensa, deixando marcas.<\/p>\n<p>As les\u00f5es permanecem por v\u00e1rios dias e \u00e9 comum o aparecimento de novas les\u00f5es mesmo sem a ocorr\u00eancia de novas picadas.<\/p>\n<p>Devido ao ato de co\u00e7ar, as ves\u00edculas se rompen deixando feridas. Pode ocorrer infec\u00e7\u00e3o bacteriana secund\u00e1ria \u00e0 co\u00e7adura, com surgimento de secre\u00e7\u00e3o com pus nas les\u00f5es.<\/p>\n<p>O tronco \u00e9 acometido principalmente quando os agentes s\u00e3o \u201candadores\u201d como as pulgas. A presen\u00e7a de les\u00f5es em grupos de 2 ou 3, com disposi\u00e7\u00e3o linear e pr\u00f3ximas uma das outras e com um ponto central (mordida) podem ser facilmente identificadas em mordidas recentes.<\/p>\n<p>[\/et_pb_text][et_pb_text admin_label=&#8221;MEDIDAS DE CONTROLE DE AMBIENTE&#8221; background_layout=&#8221;light&#8221; text_orientation=&#8221;left&#8221; use_border_color=&#8221;off&#8221; border_color=&#8221;#ffffff&#8221; border_style=&#8221;solid&#8221;]<\/p>\n<h2>MEDIDAS DE CONTROLE DE AMBIENTE<\/h2>\n<ul>\n<li>As roupas podem ser uma barreira f\u00edsica: usar mangas longas e cal\u00e7as compridas em locais de maior exposi\u00e7\u00e3o aos insetos.<\/li>\n<li>Nas janelas e portas das casas podem ser colocadas telas que impe\u00e7am a entrada dos insetos. A utiliza\u00e7\u00e3o de mosquiteiros nas camas para evitar os insetos \u00e9 bastante eficaz. Al\u00e9m disso, pode-se optar pela aplica\u00e7\u00e3o de Permetrina no mosquiteiro aumentando a sua efic\u00e1cia.<\/li>\n<li>Nos per\u00edodos do nascer e do por do sol as janelas devem ficar fechadas.<\/li>\n<li>Ambientes climatizados com ar condicionado s\u00e3o uma forma eficaz de afastar os mosquitos do recinto.<\/li>\n<li>A dedetiza\u00e7\u00e3o por empresa especializada \u00e9 recomendada. O uso de repelentes el\u00e9tricos \u00e9 ben\u00e9fico.<\/li>\n<li>Realizar limpeza da casa e, se poss\u00edvel, de lotes ou casas pr\u00f3ximas, al\u00e9m da retirada do lixo e entulhos que possam acumular \u00e1gua parada que servem como local de cria\u00e7\u00e3o de novos insetos voadores. Os animais de estima\u00e7\u00e3o devem ser tratados para eliminar pulgas.<\/li>\n<li>Os repelentes t\u00f3picos infantis podem ser usados nas \u00e1reas expostas, n\u00e3o devendo ser utilizados durante o sono ou por per\u00edodos prolongados.<\/li>\n<\/ul>\n<p>[\/et_pb_text][\/et_pb_column][\/et_pb_row][\/et_pb_section][et_pb_section bb_built=&#8221;1&#8243; admin_label=&#8221;section&#8221;][et_pb_row admin_label=&#8221;Linha&#8221;][et_pb_column type=&#8221;1_3&#8243;][\/et_pb_column][et_pb_column type=&#8221;1_3&#8243;][et_pb_text admin_label=&#8221;No caso de les\u00f5es poucas:&#8221; background_layout=&#8221;light&#8221; text_orientation=&#8221;left&#8221; use_border_color=&#8221;off&#8221; border_color=&#8221;#ffffff&#8221; border_style=&#8221;solid&#8221;]<\/p>\n<p><strong>No caso de les\u00f5es poucas:<\/strong><\/p>\n<p>1. Loratadina xarope ou claritin.<\/p>\n<p>2. Cortic\u00f3ide t\u00f3pico: Betnovate pomada 2x\/dia por 7 dias.<\/p>\n<p>[\/et_pb_text][\/et_pb_column][et_pb_column type=&#8221;1_3&#8243;][et_pb_text admin_label=&#8221;No caso de rea\u00e7\u00f5es intensas&#8221; background_layout=&#8221;light&#8221; text_orientation=&#8221;left&#8221; use_border_color=&#8221;off&#8221; border_color=&#8221;#ffffff&#8221; border_style=&#8221;solid&#8221;]<\/p>\n<p><strong>No caso de rea\u00e7\u00f5es intensas:<\/strong><\/p>\n<p>1. Celestamine xarope<\/p>\n<p>2. Cortic\u00f3ide t\u00f3pico: betnovate<\/p>\n<p>[\/et_pb_text][\/et_pb_column][\/et_pb_row][\/et_pb_section]<\/p>\n","protected":false},"excerpt":{"rendered":"<p>&nbsp; &nbsp; O prurigo estr\u00f3fulo \u00e9 um quadro comum na inf\u00e2ncia que surge em decorr\u00eancia de uma rea\u00e7\u00e3o al\u00e9rgica \u00e0 picada de insetos, como mosquitos e pulgas. \u00c9 frequente o seu aparecimento ap\u00f3s frequentar locais onde existam mosquitos ou ap\u00f3s o contato com animais como c\u00e3es e gatos. A doen\u00e7a tem como caracter\u00edstica o surgimento [&hellip;]<\/p>\n","protected":false},"author":1,"featured_media":0,"parent":72,"menu_order":0,"comment_status":"closed","ping_status":"closed","template":"","meta":{"_et_pb_use_builder":"on","_et_pb_old_content":"","_et_gb_content_width":"","footnotes":""},"class_list":["post-643","page","type-page","status-publish","hentry"],"_links":{"self":[{"href":"https:\/\/dnareference.com.br\/clinica\/wp-json\/wp\/v2\/pages\/643"}],"collection":[{"href":"https:\/\/dnareference.com.br\/clinica\/wp-json\/wp\/v2\/pages"}],"about":[{"href":"https:\/\/dnareference.com.br\/clinica\/wp-json\/wp\/v2\/types\/page"}],"author":[{"embeddable":true,"href":"https:\/\/dnareference.com.br\/clinica\/wp-json\/wp\/v2\/users\/1"}],"replies":[{"embeddable":true,"href":"https:\/\/dnareference.com.br\/clinica\/wp-json\/wp\/v2\/comments?post=643"}],"version-history":[{"count":6,"href":"https:\/\/dnareference.com.br\/clinica\/wp-json\/wp\/v2\/pages\/643\/revisions"}],"predecessor-version":[{"id":694,"href":"https:\/\/dnareference.com.br\/clinica\/wp-json\/wp\/v2\/pages\/643\/revisions\/694"}],"up":[{"embeddable":true,"href":"https:\/\/dnareference.com.br\/clinica\/wp-json\/wp\/v2\/pages\/72"}],"wp:attachment":[{"href":"https:\/\/dnareference.com.br\/clinica\/wp-json\/wp\/v2\/media?parent=643"}],"curies":[{"name":"wp","href":"https:\/\/api.w.org\/{rel}","templated":true}]}}