{"id":640,"date":"2020-01-10T14:21:03","date_gmt":"2020-01-10T17:21:03","guid":{"rendered":"https:\/\/dnareference.com.br\/clinica\/?page_id=640"},"modified":"2020-01-10T14:21:03","modified_gmt":"2020-01-10T17:21:03","slug":"reacao-a-drogas-aines","status":"publish","type":"page","link":"https:\/\/dnareference.com.br\/clinica\/atendimento\/doencas-alergicas\/reacao-a-drogas-aines\/","title":{"rendered":"Rea\u00e7\u00e3o a drogas (AINES)"},"content":{"rendered":"<p>[et_pb_section bb_built=&#8221;1&#8243; admin_label=&#8221;Rinite&#8221; fullwidth=&#8221;on&#8221; specialty=&#8221;off&#8221; transparent_background=&#8221;off&#8221; allow_player_pause=&#8221;off&#8221; inner_shadow=&#8221;off&#8221; parallax=&#8221;off&#8221; parallax_method=&#8221;off&#8221; padding_mobile=&#8221;off&#8221; make_fullwidth=&#8221;off&#8221; use_custom_width=&#8221;off&#8221; width_unit=&#8221;on&#8221; make_equal=&#8221;off&#8221; use_custom_gutter=&#8221;off&#8221;][et_pb_fullwidth_post_title admin_label=&#8221;T\u00edtulo da P\u00e1gina de Largura Inteira&#8221; title=&#8221;on&#8221; meta=&#8221;off&#8221; author=&#8221;on&#8221; date=&#8221;on&#8221; categories=&#8221;on&#8221; comments=&#8221;on&#8221; featured_image=&#8221;off&#8221; featured_placement=&#8221;below&#8221; parallax_effect=&#8221;on&#8221; parallax_method=&#8221;on&#8221; text_orientation=&#8221;center&#8221; text_color=&#8221;dark&#8221; text_background=&#8221;off&#8221; text_bg_color=&#8221;rgba(255,255,255,0.9)&#8221; module_bg_color=&#8221;#e02b20&#8243; title_all_caps=&#8221;off&#8221; use_border_color=&#8221;off&#8221; border_color=&#8221;#ffffff&#8221; border_style=&#8221;solid&#8221; title_font_size=&#8221;30px&#8221; title_font=&#8221;|on|||&#8221; title_text_color=&#8221;#ffffff&#8221;]<br \/>\n[\/et_pb_fullwidth_post_title][\/et_pb_section][et_pb_section bb_built=&#8221;1&#8243; admin_label=&#8221;section&#8221;][et_pb_row admin_label=&#8221;Linha&#8221;][et_pb_column type=&#8221;1_3&#8243;][et_pb_sidebar admin_label=&#8221;Barra Lateral&#8221; orientation=&#8221;left&#8221; area=&#8221;sidebar-1&#8243; background_layout=&#8221;light&#8221; remove_border=&#8221;off&#8221;]<br \/>\n[\/et_pb_sidebar][\/et_pb_column][et_pb_column type=&#8221;2_3&#8243;][et_pb_text admin_label=&#8221;O QUE S\u00c3O AINES&#8221; background_layout=&#8221;light&#8221; text_orientation=&#8221;left&#8221; use_border_color=&#8221;off&#8221; border_color=&#8221;#ffffff&#8221; border_style=&#8221;solid&#8221;]<\/p>\n<h3>O QUE S\u00c3O AINES<\/h3>\n<p>Os <strong>anti-inflamat\u00f3rios (AINES)<\/strong> s\u00e3o medicamentos que podem dar rea\u00e7\u00f5es semelhantes \u00e0s alergias. Eles s\u00e3o rem\u00e9dios para diminuir a inflama\u00e7\u00e3o e usados tamb\u00e9m para a dor e a febre.<br \/>\nEles podem ocasionar urtic\u00e1rias e angioedemas, eczemas, asma entre muitas outras doen\u00e7as de pele.<\/p>\n<p>Alertamos para que os pacientes fiquem alerta se em suas crises de alergia tenham usado um medicamento desses, dias antes do in\u00edcio dos sintomas.<\/p>\n<p>Em caso de haver rela\u00e7\u00e3o entre seu quadro cl\u00ednico e uso de AINES dever\u00e1 suspender esse tipo de medica\u00e7\u00e3o para sempre. Abaixo relacionamos alguns dos medicamentos que devem ser evitados, mas existem muitos outros al\u00e9m desses. Leia as bulas para n\u00e3o usar esse tipo de medica\u00e7\u00e3o caso tenha problemas com eles.<\/p>\n<p>[\/et_pb_text][et_pb_text admin_label=&#8221;MEDICAMENTOS QUE DEVER\u00c3O SER EVITADOS&#8221; background_layout=&#8221;light&#8221; text_orientation=&#8221;left&#8221; use_border_color=&#8221;off&#8221; border_color=&#8221;#ffffff&#8221; border_style=&#8221;solid&#8221;]<\/p>\n<h3>MEDICAMENTOS QUE DEVER\u00c3O SER EVITADOS<\/h3>\n<p><strong>A -Anti-inflamat\u00f3rios n\u00e3o ester\u00f3ides (AINES):<\/strong><\/p>\n<p>1) Ibuprofeno (Alivium, Advil, Algiflex, Buprovil, Dalsy, etc).<\/p>\n<p>2) Diclofenaco (Cataflam, Voltaren, Torsilax, Tandrilax, Flotac, Deltaren, Codaten, Biofenac, Beserol, Alginac, etc).<\/p>\n<p>3) Aceclofenaco (Cecoflam, Proflam, etc).<\/p>\n<p>4) Cetoprofeno (Artrosil, Profenid, Flamador, etc).<\/p>\n<p>5) Piroxicam (Analdene, Anflene, Feldene, Floxicam, Piroflam, etc).<\/p>\n<p>6) Tenoxicam (Teflan, Tenotec, Tilatil, Tenoxil, etc).<\/p>\n<p>7) Meloxicam (Bioflac, Inicox, Melocox, Movatec, Celebra, etc).<\/p>\n<p>8) Nimesulida (Nisulid)<\/p>\n<p>B-Anti-t\u00e9rmicos<\/p>\n<p>9) \u00c1cido mefen\u00e2nico (Ponstan).<\/p>\n<p>10) \u00c1cido acetilsalic\u00edlico (AAS, Anador, Aspirina, Cibalena, Coristina, Doril, Engov, Superhist, Trimedal, Fontol, Melhoral, Sonrisal, Somalgin, atroveran etc).<\/p>\n<p>11) Dipirona, pirazolona, (neozaldina, benegripe, buscopan composto, lisador, novalgina, atroveran composto, dorflex)<\/p>\n<p><strong>Obs. Medicamentos alternativos e que podem fazer tentativa de usar.<\/strong><\/p>\n<p><strong>Para dor e febre:<\/strong> usar somente paracetamol 500 mg (nessa dose somente). O paracetamol em dose maior de 500 mg pode dar rea\u00e7\u00e3o.<br \/>\nPara dores fortes usar Tramadol 50 mg de 6 em 6 hs (adulto).<br \/>\nComo anti-inflamat\u00f3rio: meticorten, prednisona<\/p>\n<p>[\/et_pb_text][\/et_pb_column][\/et_pb_row][\/et_pb_section]<\/p>\n","protected":false},"excerpt":{"rendered":"<p>O QUE S\u00c3O AINES Os anti-inflamat\u00f3rios (AINES) s\u00e3o medicamentos que podem dar rea\u00e7\u00f5es semelhantes \u00e0s alergias. Eles s\u00e3o rem\u00e9dios para diminuir a inflama\u00e7\u00e3o e usados tamb\u00e9m para a dor e a febre. Eles podem ocasionar urtic\u00e1rias e angioedemas, eczemas, asma entre muitas outras doen\u00e7as de pele. Alertamos para que os pacientes fiquem alerta se em [&hellip;]<\/p>\n","protected":false},"author":1,"featured_media":0,"parent":72,"menu_order":9,"comment_status":"closed","ping_status":"closed","template":"","meta":{"_et_pb_use_builder":"on","_et_pb_old_content":"","_et_gb_content_width":"","footnotes":""},"class_list":["post-640","page","type-page","status-publish","hentry"],"_links":{"self":[{"href":"https:\/\/dnareference.com.br\/clinica\/wp-json\/wp\/v2\/pages\/640"}],"collection":[{"href":"https:\/\/dnareference.com.br\/clinica\/wp-json\/wp\/v2\/pages"}],"about":[{"href":"https:\/\/dnareference.com.br\/clinica\/wp-json\/wp\/v2\/types\/page"}],"author":[{"embeddable":true,"href":"https:\/\/dnareference.com.br\/clinica\/wp-json\/wp\/v2\/users\/1"}],"replies":[{"embeddable":true,"href":"https:\/\/dnareference.com.br\/clinica\/wp-json\/wp\/v2\/comments?post=640"}],"version-history":[{"count":2,"href":"https:\/\/dnareference.com.br\/clinica\/wp-json\/wp\/v2\/pages\/640\/revisions"}],"predecessor-version":[{"id":642,"href":"https:\/\/dnareference.com.br\/clinica\/wp-json\/wp\/v2\/pages\/640\/revisions\/642"}],"up":[{"embeddable":true,"href":"https:\/\/dnareference.com.br\/clinica\/wp-json\/wp\/v2\/pages\/72"}],"wp:attachment":[{"href":"https:\/\/dnareference.com.br\/clinica\/wp-json\/wp\/v2\/media?parent=640"}],"curies":[{"name":"wp","href":"https:\/\/api.w.org\/{rel}","templated":true}]}}