{"id":546,"date":"2017-03-01T10:08:24","date_gmt":"2017-03-01T13:08:24","guid":{"rendered":"https:\/\/dnareference.com.br\/clinica\/?page_id=546"},"modified":"2017-03-01T11:12:23","modified_gmt":"2017-03-01T14:12:23","slug":"eczemas","status":"publish","type":"page","link":"https:\/\/dnareference.com.br\/clinica\/eczemas\/","title":{"rendered":"Eczemas"},"content":{"rendered":"<p>[et_pb_section admin_label=&#8221;Rinite&#8221; fullwidth=&#8221;on&#8221; specialty=&#8221;off&#8221; transparent_background=&#8221;off&#8221; allow_player_pause=&#8221;off&#8221; inner_shadow=&#8221;off&#8221; parallax=&#8221;off&#8221; parallax_method=&#8221;off&#8221; padding_mobile=&#8221;off&#8221; make_fullwidth=&#8221;off&#8221; use_custom_width=&#8221;off&#8221; width_unit=&#8221;on&#8221; make_equal=&#8221;off&#8221; use_custom_gutter=&#8221;off&#8221;][et_pb_fullwidth_post_title admin_label=&#8221;T\u00edtulo da P\u00e1gina de Largura Inteira&#8221; title=&#8221;on&#8221; meta=&#8221;off&#8221; author=&#8221;on&#8221; date=&#8221;on&#8221; categories=&#8221;on&#8221; comments=&#8221;on&#8221; featured_image=&#8221;off&#8221; featured_placement=&#8221;below&#8221; parallax_effect=&#8221;on&#8221; parallax_method=&#8221;on&#8221; text_orientation=&#8221;center&#8221; text_color=&#8221;dark&#8221; text_background=&#8221;off&#8221; text_bg_color=&#8221;rgba(255,255,255,0.9)&#8221; module_bg_color=&#8221;#e02b20&#8243; title_all_caps=&#8221;off&#8221; use_border_color=&#8221;off&#8221; border_color=&#8221;#ffffff&#8221; border_style=&#8221;solid&#8221; title_font_size=&#8221;30px&#8221; title_font=&#8221;|on|||&#8221; title_text_color=&#8221;#ffffff&#8221;] [\/et_pb_fullwidth_post_title][\/et_pb_section][et_pb_section admin_label=&#8221;section&#8221;][et_pb_row admin_label=&#8221;Linha&#8221;][et_pb_column type=&#8221;1_3&#8243;][et_pb_sidebar admin_label=&#8221;Barra Lateral&#8221; orientation=&#8221;left&#8221; area=&#8221;sidebar-1&#8243; background_layout=&#8221;light&#8221; remove_border=&#8221;off&#8221;] [\/et_pb_sidebar][\/et_pb_column][et_pb_column type=&#8221;2_3&#8243;][et_pb_text admin_label=&#8221;O que \u00e9?&#8221; background_layout=&#8221;light&#8221; text_orientation=&#8221;left&#8221; use_border_color=&#8221;off&#8221; border_color=&#8221;#ffffff&#8221; border_style=&#8221;solid&#8221;]<\/p>\n<h3>O QUE S\u00c3O ECZEMAS<\/h3>\n<p>Eczemas s\u00e3o\u00a0les\u00f5es caracterizadas por pele seca, \u00e1spera e muito pruriginosa, podendo existir ou n\u00e3o infec\u00e7\u00e3o associada.<\/p>\n<p>[\/et_pb_text][et_pb_text admin_label=&#8221;Eczemas&#8221; background_layout=&#8221;light&#8221; text_orientation=&#8221;left&#8221; use_border_color=&#8221;off&#8221; border_color=&#8221;#ffffff&#8221; border_style=&#8221;solid&#8221;]<\/p>\n<h3>TIPOS DE ECZEMAS<\/h3>\n\n\t\t<style type=\"text\/css\">\n\t\t\t#gallery-1 {\n\t\t\t\tmargin: auto;\n\t\t\t}\n\t\t\t#gallery-1 .gallery-item {\n\t\t\t\tfloat: left;\n\t\t\t\tmargin-top: 10px;\n\t\t\t\ttext-align: center;\n\t\t\t\twidth: 33%;\n\t\t\t}\n\t\t\t#gallery-1 img {\n\t\t\t\tborder: 2px solid #cfcfcf;\n\t\t\t}\n\t\t\t#gallery-1 .gallery-caption {\n\t\t\t\tmargin-left: 0;\n\t\t\t}\n\t\t\t\/* see gallery_shortcode() in wp-includes\/media.php *\/\n\t\t<\/style>\n\t\t<div id='gallery-1' class='gallery galleryid-546 gallery-columns-3 gallery-size-full'><dl class='gallery-item'>\n\t\t\t<dt class='gallery-icon portrait'>\n\t\t\t\t<img loading=\"lazy\" decoding=\"async\" width=\"140\" height=\"150\" src=\"https:\/\/dnareference.com.br\/clinica\/wp-content\/uploads\/sites\/3\/2017\/02\/DoencasAlergicas_EczemaAtopico1.jpg\" class=\"attachment-full size-full\" alt=\"\" aria-describedby=\"gallery-1-438\" \/>\n\t\t\t<\/dt>\n\t\t\t\t<dd class='wp-caption-text gallery-caption' id='gallery-1-438'>\n\t\t\t\tEczema at\u00f3pico na face\n\t\t\t\t<\/dd><\/dl><dl class='gallery-item'>\n\t\t\t<dt class='gallery-icon portrait'>\n\t\t\t\t<img loading=\"lazy\" decoding=\"async\" width=\"140\" height=\"150\" src=\"https:\/\/dnareference.com.br\/clinica\/wp-content\/uploads\/sites\/3\/2017\/02\/DoencasAlergicas_EczemaAtopico2.jpg\" class=\"attachment-full size-full\" alt=\"\" aria-describedby=\"gallery-1-439\" \/>\n\t\t\t<\/dt>\n\t\t\t\t<dd class='wp-caption-text gallery-caption' id='gallery-1-439'>\n\t\t\t\tEczema at\u00f3pico membros inferiores\n\t\t\t\t<\/dd><\/dl><dl class='gallery-item'>\n\t\t\t<dt class='gallery-icon portrait'>\n\t\t\t\t<img loading=\"lazy\" decoding=\"async\" width=\"140\" height=\"150\" src=\"https:\/\/dnareference.com.br\/clinica\/wp-content\/uploads\/sites\/3\/2017\/02\/DoencasAlergicas_EczemaContato1.jpg\" class=\"attachment-full size-full\" alt=\"\" aria-describedby=\"gallery-1-440\" \/>\n\t\t\t<\/dt>\n\t\t\t\t<dd class='wp-caption-text gallery-caption' id='gallery-1-440'>\n\t\t\t\tEczema por contato com couro\n\t\t\t\t<\/dd><\/dl><br style=\"clear: both\" \/>\n\t\t<\/div>\n\n<h3>Eczemas At\u00f3picos<\/h3>\n<p>S\u00e3o les\u00f5es da pele muito pruriginosas, \u00e1speras, secas ou \u00famidas, e podem ter v\u00e1rias causas. O eczema at\u00f3pico acontece em crian\u00e7as e adultos, sendo que nas primeiras pode existir no rosto, passando, com o tempo, a atingir as dobras dos bra\u00e7os e pernas, assim como o resto da pele. O rosto costuma ficar preservado no adulto. Esse eczema pode ser muito agressivo, n\u00e3o permitindo o sono adequado e causando irritabilidade.<\/p>\n<p>O diagn\u00f3stico deve ser feito pela presen\u00e7a de outras manifesta\u00e7\u00f5es al\u00e9rgicas como rinite e asma, assim como pelos testes cut\u00e2neos para alergia que costumam ser positivos, especialmente para poeira domiciliar (\u00e1caros), existindo tamb\u00e9m aumento das imunoglobulinas IgE no sangue. Existe componente gen\u00e9tico definitivo, com v\u00e1rios casos na fam\u00edlia, de manifesta\u00e7\u00f5es de alergia respirat\u00f3ria ou eczema, o que chamamos de \u201catopia\u201d. A pele desses pacientes costuma ser colonizada por estafilococo ou por fungos, sendo que a coceira \u00e9 exacerbada pelas infec\u00e7\u00f5es secund\u00e1rias por esses agentes.<\/p>\n<h3>Eczemas de Contato<\/h3>\n<p>Os eczemas ou alergias de contato s\u00e3o muito semelhantes com os at\u00f3picos, mas ocasionados pelo contato da pele com produtos qu\u00edmicos que foram usados anteriormente e que sensibilizaram o paciente. Esse reage ao contato com o mesmo produto em outras ocasi\u00f5es, apresentando o quadro de eczema.<\/p>\n<p>In\u00fameros agentes podem ser respons\u00e1veis por eczemas de contato e os testes de contato (<em>patch test<\/em>) devem ser realizados com uma grande bateria de produtos qu\u00edmicos, levando ao diagn\u00f3stico do agente causador. O afastamento do agente da vida do paciente costuma eliminar a alergia, mas n\u00e3o existe cura. Cada vez que existir contato com o produto, teremos uma rea\u00e7\u00e3o al\u00e9rgica. O sulfato de n\u00edquel \u00e9 o contactante mais frequente e produz eczema com metais que contenham liga de n\u00edquel. S\u00e3o casos de alergia a bijuterias, l\u00e2minas de barbear ou de depilar, entre muitos outros metais.<\/p>\n<p>[\/et_pb_text][\/et_pb_column][\/et_pb_row][\/et_pb_section]<\/p>\n","protected":false},"excerpt":{"rendered":"<p>O QUE S\u00c3O ECZEMAS Eczemas s\u00e3o\u00a0les\u00f5es caracterizadas por pele seca, \u00e1spera e muito pruriginosa, podendo existir ou n\u00e3o infec\u00e7\u00e3o associada. TIPOS DE ECZEMAS \n\t\t<style type=\"text\/css\">\n\t\t\t#gallery-2 {\n\t\t\t\tmargin: auto;\n\t\t\t}\n\t\t\t#gallery-2 .gallery-item {\n\t\t\t\tfloat: left;\n\t\t\t\tmargin-top: 10px;\n\t\t\t\ttext-align: center;\n\t\t\t\twidth: 33%;\n\t\t\t}\n\t\t\t#gallery-2 img {\n\t\t\t\tborder: 2px solid #cfcfcf;\n\t\t\t}\n\t\t\t#gallery-2 .gallery-caption {\n\t\t\t\tmargin-left: 0;\n\t\t\t}\n\t\t\t\/* see gallery_shortcode() in wp-includes\/media.php *\/\n\t\t<\/style>\n\t\t<div id='gallery-2' class='gallery galleryid-546 gallery-columns-3 gallery-size-full'><dl class='gallery-item'>\n\t\t\t<dt class='gallery-icon portrait'>\n\t\t\t\t<img width=\"140\" height=\"150\" src=\"https:\/\/dnareference.com.br\/clinica\/wp-content\/uploads\/sites\/3\/2017\/02\/DoencasAlergicas_EczemaAtopico1.jpg\" class=\"attachment-full size-full\" alt=\"\" aria-describedby=\"gallery-2-438\" decoding=\"async\" loading=\"lazy\" \/>\n\t\t\t<\/dt>\n\t\t\t\t<dd class='wp-caption-text gallery-caption' id='gallery-2-438'>\n\t\t\t\tEczema at\u00f3pico na face\n\t\t\t\t<\/dd><\/dl><dl class='gallery-item'>\n\t\t\t<dt class='gallery-icon portrait'>\n\t\t\t\t<img width=\"140\" height=\"150\" src=\"https:\/\/dnareference.com.br\/clinica\/wp-content\/uploads\/sites\/3\/2017\/02\/DoencasAlergicas_EczemaAtopico2.jpg\" class=\"attachment-full size-full\" alt=\"\" aria-describedby=\"gallery-2-439\" decoding=\"async\" loading=\"lazy\" \/>\n\t\t\t<\/dt>\n\t\t\t\t<dd class='wp-caption-text gallery-caption' id='gallery-2-439'>\n\t\t\t\tEczema at\u00f3pico membros inferiores\n\t\t\t\t<\/dd><\/dl><dl class='gallery-item'>\n\t\t\t<dt class='gallery-icon portrait'>\n\t\t\t\t<img width=\"140\" height=\"150\" src=\"https:\/\/dnareference.com.br\/clinica\/wp-content\/uploads\/sites\/3\/2017\/02\/DoencasAlergicas_EczemaContato1.jpg\" class=\"attachment-full size-full\" alt=\"\" aria-describedby=\"gallery-2-440\" decoding=\"async\" loading=\"lazy\" \/>\n\t\t\t<\/dt>\n\t\t\t\t<dd class='wp-caption-text gallery-caption' id='gallery-2-440'>\n\t\t\t\tEczema por contato com couro\n\t\t\t\t<\/dd><\/dl><br style=\"clear: both\" \/>\n\t\t<\/div>\n Eczemas At\u00f3picos S\u00e3o les\u00f5es da pele muito pruriginosas, \u00e1speras, secas ou \u00famidas, e podem ter v\u00e1rias causas. O eczema at\u00f3pico acontece em crian\u00e7as e adultos, sendo que nas [&hellip;]<\/p>\n","protected":false},"author":1,"featured_media":0,"parent":0,"menu_order":0,"comment_status":"closed","ping_status":"closed","template":"","meta":{"_et_pb_use_builder":"on","_et_pb_old_content":"","_et_gb_content_width":"","footnotes":""},"class_list":["post-546","page","type-page","status-publish","hentry"],"_links":{"self":[{"href":"https:\/\/dnareference.com.br\/clinica\/wp-json\/wp\/v2\/pages\/546"}],"collection":[{"href":"https:\/\/dnareference.com.br\/clinica\/wp-json\/wp\/v2\/pages"}],"about":[{"href":"https:\/\/dnareference.com.br\/clinica\/wp-json\/wp\/v2\/types\/page"}],"author":[{"embeddable":true,"href":"https:\/\/dnareference.com.br\/clinica\/wp-json\/wp\/v2\/users\/1"}],"replies":[{"embeddable":true,"href":"https:\/\/dnareference.com.br\/clinica\/wp-json\/wp\/v2\/comments?post=546"}],"version-history":[{"count":3,"href":"https:\/\/dnareference.com.br\/clinica\/wp-json\/wp\/v2\/pages\/546\/revisions"}],"predecessor-version":[{"id":565,"href":"https:\/\/dnareference.com.br\/clinica\/wp-json\/wp\/v2\/pages\/546\/revisions\/565"}],"wp:attachment":[{"href":"https:\/\/dnareference.com.br\/clinica\/wp-json\/wp\/v2\/media?parent=546"}],"curies":[{"name":"wp","href":"https:\/\/api.w.org\/{rel}","templated":true}]}}