{"id":43,"date":"2016-12-05T01:03:41","date_gmt":"2016-12-05T03:03:41","guid":{"rendered":"https:\/\/dnareference.com.br\/?page_id=43"},"modified":"2017-01-08T08:21:26","modified_gmt":"2017-01-08T10:21:26","slug":"pesquisa","status":"publish","type":"page","link":"https:\/\/dnareference.com.br\/clinica\/pesquisa\/","title":{"rendered":"Pesquisa"},"content":{"rendered":"<p>[et_pb_section admin_label=&#8221;section&#8221;][et_pb_row admin_label=&#8221;row&#8221;][\/et_pb_row][\/et_pb_section]<\/p>\n","protected":false},"excerpt":{"rendered":"","protected":false},"author":1,"featured_media":0,"parent":0,"menu_order":0,"comment_status":"closed","ping_status":"closed","template":"","meta":{"_et_pb_use_builder":"on","_et_pb_old_content":"<p>Professor Doutor Luiz Fernando Jobim e Doutora Mariana Jobim Wilson assinam publica\u00e7\u00f5es cient\u00edficas no Brasil e no Exterior, al\u00e9m de livros e pr\u00eamios.<\/p>","_et_gb_content_width":"","footnotes":""},"class_list":["post-43","page","type-page","status-publish","hentry"],"_links":{"self":[{"href":"https:\/\/dnareference.com.br\/clinica\/wp-json\/wp\/v2\/pages\/43"}],"collection":[{"href":"https:\/\/dnareference.com.br\/clinica\/wp-json\/wp\/v2\/pages"}],"about":[{"href":"https:\/\/dnareference.com.br\/clinica\/wp-json\/wp\/v2\/types\/page"}],"author":[{"embeddable":true,"href":"https:\/\/dnareference.com.br\/clinica\/wp-json\/wp\/v2\/users\/1"}],"replies":[{"embeddable":true,"href":"https:\/\/dnareference.com.br\/clinica\/wp-json\/wp\/v2\/comments?post=43"}],"version-history":[{"count":7,"href":"https:\/\/dnareference.com.br\/clinica\/wp-json\/wp\/v2\/pages\/43\/revisions"}],"predecessor-version":[{"id":202,"href":"https:\/\/dnareference.com.br\/clinica\/wp-json\/wp\/v2\/pages\/43\/revisions\/202"}],"wp:attachment":[{"href":"https:\/\/dnareference.com.br\/clinica\/wp-json\/wp\/v2\/media?parent=43"}],"curies":[{"name":"wp","href":"https:\/\/api.w.org\/{rel}","templated":true}]}}