{"id":41,"date":"2016-12-05T00:59:55","date_gmt":"2016-12-05T02:59:55","guid":{"rendered":"https:\/\/dnareference.com.br\/?page_id=41"},"modified":"2017-01-08T08:21:00","modified_gmt":"2017-01-08T10:21:00","slug":"atendimento","status":"publish","type":"page","link":"https:\/\/dnareference.com.br\/clinica\/atendimento\/","title":{"rendered":"Atendimento"},"content":{"rendered":"<p>[et_pb_section admin_label=&#8221;section&#8221;][et_pb_row admin_label=&#8221;row&#8221;][\/et_pb_row][\/et_pb_section]<\/p>\n","protected":false},"excerpt":{"rendered":"","protected":false},"author":1,"featured_media":0,"parent":0,"menu_order":0,"comment_status":"closed","ping_status":"closed","template":"","meta":{"_et_pb_use_builder":"on","_et_pb_old_content":"<p>Texto de apresenta\u00e7\u00e3o sobre os tipos de atendimento oferecidos pela Cl\u00ednica Jobim.<\/p>","_et_gb_content_width":"","footnotes":""},"class_list":["post-41","page","type-page","status-publish","hentry"],"_links":{"self":[{"href":"https:\/\/dnareference.com.br\/clinica\/wp-json\/wp\/v2\/pages\/41"}],"collection":[{"href":"https:\/\/dnareference.com.br\/clinica\/wp-json\/wp\/v2\/pages"}],"about":[{"href":"https:\/\/dnareference.com.br\/clinica\/wp-json\/wp\/v2\/types\/page"}],"author":[{"embeddable":true,"href":"https:\/\/dnareference.com.br\/clinica\/wp-json\/wp\/v2\/users\/1"}],"replies":[{"embeddable":true,"href":"https:\/\/dnareference.com.br\/clinica\/wp-json\/wp\/v2\/comments?post=41"}],"version-history":[{"count":3,"href":"https:\/\/dnareference.com.br\/clinica\/wp-json\/wp\/v2\/pages\/41\/revisions"}],"predecessor-version":[{"id":201,"href":"https:\/\/dnareference.com.br\/clinica\/wp-json\/wp\/v2\/pages\/41\/revisions\/201"}],"wp:attachment":[{"href":"https:\/\/dnareference.com.br\/clinica\/wp-json\/wp\/v2\/media?parent=41"}],"curies":[{"name":"wp","href":"https:\/\/api.w.org\/{rel}","templated":true}]}}