{"id":2,"date":"2016-11-29T10:52:17","date_gmt":"2016-11-29T12:52:17","guid":{"rendered":"https:\/\/dnareference.com.br\/?page_id=2"},"modified":"2024-08-21T20:02:16","modified_gmt":"2024-08-21T23:02:16","slug":"perfil","status":"publish","type":"page","link":"https:\/\/dnareference.com.br\/clinica\/perfil\/","title":{"rendered":"Perfil"},"content":{"rendered":"<p>[et_pb_section fb_built=&#8221;1&#8243; admin_label=&#8221;Se\u00e7\u00e3o&#8221; _builder_version=&#8221;4.16&#8243; global_colors_info=&#8221;{}&#8221;][et_pb_row column_structure=&#8221;1_2,1_2&#8243; admin_label=&#8221;Linha&#8221; _builder_version=&#8221;4.16&#8243; background_size=&#8221;initial&#8221; background_position=&#8221;top_left&#8221; background_repeat=&#8221;repeat&#8221; global_colors_info=&#8221;{}&#8221;][et_pb_column type=&#8221;1_2&#8243; _builder_version=&#8221;4.16&#8243; custom_padding=&#8221;|||&#8221; global_colors_info=&#8221;{}&#8221; custom_padding__hover=&#8221;|||&#8221;][et_pb_text admin_label=&#8221;Experi\u00eancia Cl\u00ednica&#8221; _builder_version=&#8221;4.16&#8243; background_size=&#8221;initial&#8221; background_position=&#8221;top_left&#8221; background_repeat=&#8221;repeat&#8221; use_border_color=&#8221;off&#8221; border_color=&#8221;#ffffff&#8221; border_style=&#8221;solid&#8221; global_colors_info=&#8221;{}&#8221;]<\/p>\n<h3>Experi\u00eancia Cl\u00ednica<\/h3>\n<p>A <strong>Imunologia<\/strong> \u00e9 uma das \u00e1reas das Ci\u00eancias M\u00e9dicas e Biol\u00f3gicas de maior sucesso no entendimento das doen\u00e7as. Entre elas podemos citar as infecciosas, as imunodefici\u00eancias, as alergias, os reumatismos, os tumores entre muitas outras.<\/p>\n<p>O controle das infec\u00e7\u00f5es recebeu grande incentivo com as descobertas de m\u00e9todos de diagn\u00f3stico dos agentes infecciosos, assim como a vacina\u00e7\u00e3o participa do controle de muitas doen\u00e7as, que anteriormente dizimavam milh\u00f5es de indiv\u00edduos. Os transplantes de \u00f3rg\u00e3os n\u00e3o seriam poss\u00edveis de acontecer sem o desenvolvimento da Imunologia dos Transplantes.<\/p>\n<p>Destacamos a descoberta dos ant\u00edgenos HLA que abriu a janela da histocompatibilidade. O diagn\u00f3stico imunol\u00f3gico por testes de imunofluoresc\u00eancia, imunoaglutina\u00e7\u00e3o, citometria de fluxo, enzima imunoensaio foram decisivos para as doen\u00e7as ocasionadas por v\u00edrus, bact\u00e9rias, fungos e tamb\u00e9m por auto-imunidade.<br \/>\n[\/et_pb_text][et_pb_button button_url=&#8221;https:\/\/dnareference.com.br\/wp-content\/uploads\/2016\/12\/Perfil_Imunologia.pdf&#8221; url_new_window=&#8221;on&#8221; button_text=&#8221;Conhe\u00e7a o Hist\u00f3rico do Servi\u00e7o de Imunologia&#8221; button_alignment=&#8221;center&#8221; admin_label=&#8221;Conhe\u00e7a o Hist\u00f3rico do Servi\u00e7o de Imunologia&#8221; _builder_version=&#8221;4.16&#8243; button_letter_spacing_hover=&#8221;0&#8243; global_colors_info=&#8221;{}&#8221; button_text_size__hover_enabled=&#8221;off&#8221; button_one_text_size__hover_enabled=&#8221;off&#8221; button_two_text_size__hover_enabled=&#8221;off&#8221; button_text_color__hover_enabled=&#8221;off&#8221; button_one_text_color__hover_enabled=&#8221;off&#8221; button_two_text_color__hover_enabled=&#8221;off&#8221; button_border_width__hover_enabled=&#8221;off&#8221; button_one_border_width__hover_enabled=&#8221;off&#8221; button_two_border_width__hover_enabled=&#8221;off&#8221; button_border_color__hover_enabled=&#8221;off&#8221; button_one_border_color__hover_enabled=&#8221;off&#8221; button_two_border_color__hover_enabled=&#8221;off&#8221; button_border_radius__hover_enabled=&#8221;off&#8221; button_one_border_radius__hover_enabled=&#8221;off&#8221; button_two_border_radius__hover_enabled=&#8221;off&#8221; button_letter_spacing__hover_enabled=&#8221;on&#8221; button_letter_spacing__hover=&#8221;0&#8243; button_one_letter_spacing__hover_enabled=&#8221;off&#8221; button_two_letter_spacing__hover_enabled=&#8221;off&#8221; button_bg_color__hover_enabled=&#8221;off&#8221; button_one_bg_color__hover_enabled=&#8221;off&#8221; button_two_bg_color__hover_enabled=&#8221;off&#8221;]&nbsp;<br \/>\n[\/et_pb_button][\/et_pb_column][et_pb_column type=&#8221;1_2&#8243; _builder_version=&#8221;4.16&#8243; custom_padding=&#8221;|||&#8221; global_colors_info=&#8221;{}&#8221; custom_padding__hover=&#8221;|||&#8221;][et_pb_text admin_label=&#8221;V\u00eddeo embed&#8221; _builder_version=&#8221;4.16&#8243; background_size=&#8221;initial&#8221; background_position=&#8221;top_left&#8221; background_repeat=&#8221;repeat&#8221; use_border_color=&#8221;off&#8221; border_color=&#8221;#ffffff&#8221; border_style=&#8221;solid&#8221; global_colors_info=&#8221;{}&#8221;]<iframe loading=\"lazy\" src=\"https:\/\/www.youtube.com\/embed\/3gKjPQWmDLg?rel=0\" width=\"640\" height=\"360\" frameborder=\"0\" allowfullscreen=\"allowfullscreen\"><\/iframe><\/p>\n<p>A <strong>Biologia Molecular<\/strong> completa o arsenal de diagn\u00f3stico imunol\u00f3gico. O estudo do DNA permitiu avan\u00e7armos mais do que imagin\u00e1vamos, no inicio da profiss\u00e3o. O Servi\u00e7o de Imunologia do Hospital de Cl\u00ednicas de Porto Alegre participou de muitas dessas conquistas, pois desde 1972, iniciamos a colocar em pr\u00e1tica, tanto os m\u00e9todos imunol\u00f3gicos, quanto o atendimento cl\u00ednico aos pacientes acometidos de imunodefici\u00eancias e alergias. No entanto, foi na parte laboratorial que conseguimos atingir um grande n\u00famero de necessitados de transplantes de rins, cora\u00e7\u00e3o, f\u00edgado e medula \u00f3ssea.<br \/>\n[\/et_pb_text][\/et_pb_column][\/et_pb_row][et_pb_row column_structure=&#8221;1_2,1_2&#8243; admin_label=&#8221;Linha&#8221; _builder_version=&#8221;4.16&#8243; background_size=&#8221;initial&#8221; background_position=&#8221;top_left&#8221; background_repeat=&#8221;repeat&#8221; global_colors_info=&#8221;{}&#8221;][et_pb_column type=&#8221;1_2&#8243; _builder_version=&#8221;4.16&#8243; custom_padding=&#8221;|||&#8221; global_colors_info=&#8221;{}&#8221; custom_padding__hover=&#8221;|||&#8221;][et_pb_text admin_label=&#8221;Experi\u00eancia Cl\u00ednica&#8221; _builder_version=&#8221;4.27.0&#8243; background_size=&#8221;initial&#8221; background_position=&#8221;top_left&#8221; background_repeat=&#8221;repeat&#8221; hover_enabled=&#8221;0&#8243; use_border_color=&#8221;off&#8221; border_color=&#8221;#ffffff&#8221; border_style=&#8221;solid&#8221; global_colors_info=&#8221;{}&#8221; sticky_enabled=&#8221;0&#8243; custom_padding=&#8221;||||false|false&#8221; custom_margin=&#8221;||10px||false|false&#8221;]<\/p>\n<h3>Luiz Fernando Jobim<\/h3>\n<p>[\/et_pb_text][et_pb_image src=&#8221;https:\/\/dnareference.com.br\/clinica\/wp-content\/uploads\/sites\/3\/2017\/02\/Perfil_DrJobim4hB.jpg&#8221; _builder_version=&#8221;4.27.0&#8243; _module_preset=&#8221;default&#8221; title_text=&#8221;Perfil_DrJobim4hB&#8221; hover_enabled=&#8221;0&#8243; sticky_enabled=&#8221;0&#8243; max_height=&#8221;385px&#8221;][\/et_pb_image][et_pb_text admin_label=&#8221;Experi\u00eancia Cl\u00ednica&#8221; _builder_version=&#8221;4.27.0&#8243; background_size=&#8221;initial&#8221; background_position=&#8221;top_left&#8221; background_repeat=&#8221;repeat&#8221; hover_enabled=&#8221;0&#8243; use_border_color=&#8221;off&#8221; border_color=&#8221;#ffffff&#8221; border_style=&#8221;solid&#8221; global_colors_info=&#8221;{}&#8221; sticky_enabled=&#8221;0&#8243;]<\/p>\n<p><strong>Dr. Jobim tem experi\u00eancia na \u00e1rea de Medicina, com \u00eanfase em Alergia, Imunologia Cl\u00ednica, Imunologia de Transplantes e Gen\u00e9tica Forense.<\/strong><\/p>\n<p>Professor Titular do Departamento de Medicina Interna da Faculdade de Medicina da Universidade Federal do Rio Grande do Sul e Chefe do Servi\u00e7o de Imunologia do Hospital de Cl\u00ednicas de Porto Alegre por mais de 30 anos. Membro e ex-Presidente da Academia Sul Riograndense de Medicina. Fundador e consultor da Cl\u00ednica Jobim de Alergia e Imunologia. Desenvolveu importante trabalho com os transplantes de \u00f3rg\u00e3os no HCPA. Graduado em Medicina pela Funda\u00e7\u00e3o Faculdade Federal de Ci\u00eancias M\u00e9dicas de Porto Alegre. Bolsista da CAPES no Servi\u00e7o de Medicina Interna (Prof. Clementino Fraga Filho) na UFRJ. Especialista em Alergia e Imunologia pela ASBAI. Doutorado em Medicina: Ci\u00eancias M\u00e9dicas pela Universidade Federal do Rio Grande do Sul (1992). Foi bolsista do CNPq na Universidade do Texas (Southwestern Medical School) em 1972-1973 e fez P\u00f3s gradua\u00e7\u00e3o na Universidade de Oxford (UK)\u00a0de\u00a01989-1991.<\/p>\n<p>[\/et_pb_text][et_pb_button button_url=&#8221;http:\/\/lattes.cnpq.br\/3404329759241193&#8243; url_new_window=&#8221;on&#8221; button_text=&#8221;Curr\u00edculo Completo (Lattes)&#8221; button_alignment=&#8221;left&#8221; admin_label=&#8221;Curr\u00edculo Completo (Lattes)&#8221; _builder_version=&#8221;4.16&#8243; button_letter_spacing_hover=&#8221;0&#8243; global_colors_info=&#8221;{}&#8221; button_text_size__hover_enabled=&#8221;off&#8221; button_one_text_size__hover_enabled=&#8221;off&#8221; button_two_text_size__hover_enabled=&#8221;off&#8221; button_text_color__hover_enabled=&#8221;off&#8221; button_one_text_color__hover_enabled=&#8221;off&#8221; button_two_text_color__hover_enabled=&#8221;off&#8221; button_border_width__hover_enabled=&#8221;off&#8221; button_one_border_width__hover_enabled=&#8221;off&#8221; button_two_border_width__hover_enabled=&#8221;off&#8221; button_border_color__hover_enabled=&#8221;off&#8221; button_one_border_color__hover_enabled=&#8221;off&#8221; button_two_border_color__hover_enabled=&#8221;off&#8221; button_border_radius__hover_enabled=&#8221;off&#8221; button_one_border_radius__hover_enabled=&#8221;off&#8221; button_two_border_radius__hover_enabled=&#8221;off&#8221; button_letter_spacing__hover_enabled=&#8221;on&#8221; button_letter_spacing__hover=&#8221;0&#8243; button_one_letter_spacing__hover_enabled=&#8221;off&#8221; button_two_letter_spacing__hover_enabled=&#8221;off&#8221; button_bg_color__hover_enabled=&#8221;off&#8221; button_one_bg_color__hover_enabled=&#8221;off&#8221; button_two_bg_color__hover_enabled=&#8221;off&#8221;]&nbsp;<br \/>\n[\/et_pb_button][\/et_pb_column][et_pb_column type=&#8221;1_2&#8243; _builder_version=&#8221;4.16&#8243; custom_padding=&#8221;|||&#8221; global_colors_info=&#8221;{}&#8221; custom_padding__hover=&#8221;|||&#8221;][et_pb_text admin_label=&#8221;Experi\u00eancia Cl\u00ednica&#8221; _builder_version=&#8221;4.27.0&#8243; background_size=&#8221;initial&#8221; background_position=&#8221;top_left&#8221; background_repeat=&#8221;repeat&#8221; hover_enabled=&#8221;0&#8243; use_border_color=&#8221;off&#8221; border_color=&#8221;#ffffff&#8221; border_style=&#8221;solid&#8221; global_colors_info=&#8221;{}&#8221; sticky_enabled=&#8221;0&#8243; custom_padding=&#8221;||||false|false&#8221; custom_margin=&#8221;||10px||false|false&#8221;]<\/p>\n<h3>Mariana Jobim<\/h3>\n<p>[\/et_pb_text][et_pb_image src=&#8221;https:\/\/dnareference.com.br\/clinica\/wp-content\/uploads\/sites\/3\/2024\/08\/dra-mariana-jobim.jpg&#8221; _builder_version=&#8221;4.27.0&#8243; _module_preset=&#8221;default&#8221; title_text=&#8221;dra-mariana-jobim&#8221; hover_enabled=&#8221;0&#8243; sticky_enabled=&#8221;0&#8243; max_height=&#8221;385px&#8221;][\/et_pb_image][et_pb_text admin_label=&#8221;Experi\u00eancia Cl\u00ednica&#8221; _builder_version=&#8221;4.27.0&#8243; background_size=&#8221;initial&#8221; background_position=&#8221;top_left&#8221; background_repeat=&#8221;repeat&#8221; hover_enabled=&#8221;0&#8243; use_border_color=&#8221;off&#8221; border_color=&#8221;#ffffff&#8221; border_style=&#8221;solid&#8221; global_colors_info=&#8221;{}&#8221; sticky_enabled=&#8221;0&#8243;]<\/p>\n<p><strong>Dra. Mariana atua em Alergia e Imunologia Cl\u00ednica. Respons\u00e1vel pelo atendimento de pacientes em nossa cl\u00ednica. <\/strong><\/p>\n<p>Mestre e Doutora em Ci\u00eancias M\u00e9dicas pela Universidade Federal do Rio Grande do Sul. Especialista em Alergia e Imunologia pela Associa\u00e7\u00e3o Brasileira de Alergia e Imunopatologia (ASBAI). Aperfei\u00e7oamento em Imunologia, Alergia e Imunogen\u00e9tica, tanto na Universidade de Oxford como no Hospital de Cl\u00ednicas de Porto Alegre (HCPA). Por 17 anos foi preceptora do ambulat\u00f3rio de Alergia e Imunologia\u00a0do\u00a0HCPA. Tem 33 trabalhos publicados em revistas nacionais e internacionais, participou 33 cap\u00edtulos de livros\u00a0publicados.<\/p>\n<p>[\/et_pb_text][et_pb_button button_url=&#8221;http:\/\/lattes.cnpq.br\/4903766288417904&#8243; url_new_window=&#8221;on&#8221; button_text=&#8221;Curr\u00edculo Completo (Lattes)&#8221; button_alignment=&#8221;left&#8221; admin_label=&#8221;Curr\u00edculo Completo (Lattes)&#8221; _builder_version=&#8221;4.16&#8243; button_letter_spacing_hover=&#8221;0&#8243; global_colors_info=&#8221;{}&#8221; button_text_size__hover_enabled=&#8221;off&#8221; button_one_text_size__hover_enabled=&#8221;off&#8221; button_two_text_size__hover_enabled=&#8221;off&#8221; button_text_color__hover_enabled=&#8221;off&#8221; button_one_text_color__hover_enabled=&#8221;off&#8221; button_two_text_color__hover_enabled=&#8221;off&#8221; button_border_width__hover_enabled=&#8221;off&#8221; button_one_border_width__hover_enabled=&#8221;off&#8221; button_two_border_width__hover_enabled=&#8221;off&#8221; button_border_color__hover_enabled=&#8221;off&#8221; button_one_border_color__hover_enabled=&#8221;off&#8221; button_two_border_color__hover_enabled=&#8221;off&#8221; button_border_radius__hover_enabled=&#8221;off&#8221; button_one_border_radius__hover_enabled=&#8221;off&#8221; button_two_border_radius__hover_enabled=&#8221;off&#8221; button_letter_spacing__hover_enabled=&#8221;on&#8221; button_letter_spacing__hover=&#8221;0&#8243; button_one_letter_spacing__hover_enabled=&#8221;off&#8221; button_two_letter_spacing__hover_enabled=&#8221;off&#8221; button_bg_color__hover_enabled=&#8221;off&#8221; button_one_bg_color__hover_enabled=&#8221;off&#8221; button_two_bg_color__hover_enabled=&#8221;off&#8221;]&nbsp;<br \/>\n[\/et_pb_button][\/et_pb_column][\/et_pb_row][\/et_pb_section]<\/p>\n","protected":false},"excerpt":{"rendered":"<p>Experi\u00eancia Cl\u00ednica A Imunologia \u00e9 uma das \u00e1reas das Ci\u00eancias M\u00e9dicas e Biol\u00f3gicas de maior sucesso no entendimento das doen\u00e7as. Entre elas podemos citar as infecciosas, as imunodefici\u00eancias, as alergias, os reumatismos, os tumores entre muitas outras. O controle das infec\u00e7\u00f5es recebeu grande incentivo com as descobertas de m\u00e9todos de diagn\u00f3stico dos agentes infecciosos, assim [&hellip;]<\/p>\n","protected":false},"author":1,"featured_media":0,"parent":0,"menu_order":0,"comment_status":"closed","ping_status":"open","template":"","meta":{"_et_pb_use_builder":"on","_et_pb_old_content":"<p>Esta \u00e9 uma p\u00e1gina de exemplo. \u00c9 diferente de um post porque ela ficar\u00e1 em um local e ser\u00e1 exibida na navega\u00e7\u00e3o do seu site (na maioria dos temas). A maioria das pessoas come\u00e7a com uma p\u00e1gina de introdu\u00e7\u00e3o aos potenciais visitantes do site. Ela pode ser assim:<\/p><blockquote><p>Ol\u00e1! Eu sou um bike courrier de dia, ator amador \u00e0 noite e este \u00e9 meu blog. Eu moro em S\u00e3o Paulo, tenho um cachorro chamado Tonico e eu gosto de caipirinhas. (E de ser pego pela chuva.)<\/p><\/blockquote><p>ou assim:<\/p><blockquote><p>A XYZ foi fundada em 1971 e desde ent\u00e3o vem proporcionando produtos de qualidade a seus clientes. Localizada em Valinhos, XYZ emprega mais de 2.000 pessoas e faz v\u00e1rias contribui\u00e7\u00f5es para a comunidade local.<\/p><\/blockquote><p>Como um novo usu\u00e1rio do WordPress, voc\u00ea deve ir at\u00e9 o <a href=\"https:\/\/dnareference.com.br\/wp-admin\/\">seu painel<\/a> para excluir essa p\u00e1gina e criar novas p\u00e1ginas com seu pr\u00f3prio conte\u00fado. Divirta-se!<\/p>","_et_gb_content_width":"","footnotes":""},"class_list":["post-2","page","type-page","status-publish","hentry"],"_links":{"self":[{"href":"https:\/\/dnareference.com.br\/clinica\/wp-json\/wp\/v2\/pages\/2"}],"collection":[{"href":"https:\/\/dnareference.com.br\/clinica\/wp-json\/wp\/v2\/pages"}],"about":[{"href":"https:\/\/dnareference.com.br\/clinica\/wp-json\/wp\/v2\/types\/page"}],"author":[{"embeddable":true,"href":"https:\/\/dnareference.com.br\/clinica\/wp-json\/wp\/v2\/users\/1"}],"replies":[{"embeddable":true,"href":"https:\/\/dnareference.com.br\/clinica\/wp-json\/wp\/v2\/comments?post=2"}],"version-history":[{"count":24,"href":"https:\/\/dnareference.com.br\/clinica\/wp-json\/wp\/v2\/pages\/2\/revisions"}],"predecessor-version":[{"id":792,"href":"https:\/\/dnareference.com.br\/clinica\/wp-json\/wp\/v2\/pages\/2\/revisions\/792"}],"wp:attachment":[{"href":"https:\/\/dnareference.com.br\/clinica\/wp-json\/wp\/v2\/media?parent=2"}],"curies":[{"name":"wp","href":"https:\/\/api.w.org\/{rel}","templated":true}]}}