{"id":185,"date":"2017-01-06T01:51:03","date_gmt":"2017-01-06T03:51:03","guid":{"rendered":"https:\/\/dnareference.com.br\/clinica\/?page_id=185"},"modified":"2017-02-28T09:39:26","modified_gmt":"2017-02-28T12:39:26","slug":"livros","status":"publish","type":"page","link":"https:\/\/dnareference.com.br\/clinica\/pesquisa\/livros\/","title":{"rendered":"Livros"},"content":{"rendered":"<p>[et_pb_section admin_label=&#8221;section&#8221; fullwidth=&#8221;on&#8221; specialty=&#8221;off&#8221; background_color=&#8221;#2ea3f2&#8243; inner_shadow=&#8221;off&#8221; parallax=&#8221;off&#8221;][et_pb_fullwidth_header admin_label=&#8221;Fullwidth Header&#8221; title=&#8221;Livros&#8221; background_layout=&#8221;dark&#8221; text_orientation=&#8221;center&#8221; header_fullscreen=&#8221;off&#8221; header_scroll_down=&#8221;off&#8221; parallax=&#8221;off&#8221; parallax_method=&#8221;off&#8221; content_orientation=&#8221;center&#8221; image_orientation=&#8221;center&#8221; custom_button_one=&#8221;off&#8221; button_one_letter_spacing=&#8221;0&#8243; button_one_use_icon=&#8221;default&#8221; button_one_icon_placement=&#8221;right&#8221; button_one_on_hover=&#8221;on&#8221; button_one_letter_spacing_hover=&#8221;0&#8243; custom_button_two=&#8221;off&#8221; button_two_letter_spacing=&#8221;0&#8243; button_two_use_icon=&#8221;default&#8221; button_two_icon_placement=&#8221;right&#8221; button_two_on_hover=&#8221;on&#8221; button_two_letter_spacing_hover=&#8221;0&#8243; background_color=&#8221;#e02b20&#8243;] [\/et_pb_fullwidth_header][\/et_pb_section][et_pb_section admin_label=&#8221;Se\u00e7\u00e3o&#8221; fullwidth=&#8221;off&#8221; specialty=&#8221;off&#8221;][et_pb_row admin_label=&#8221;Linha&#8221;][et_pb_column type=&#8221;4_4&#8243;][et_pb_text admin_label=&#8221;Text&#8221; background_layout=&#8221;light&#8221; text_orientation=&#8221;left&#8221; use_border_color=&#8221;off&#8221; border_color=&#8221;#ffffff&#8221; border_style=&#8221;solid&#8221;]<\/p>\n<ol>\n<li>VIEIRA, C.; BARROS, E. ; ANTONELLO, I. ;\u00a0<a href=\"http:\/\/lattes.cnpq.br\/3404329759241193\" target=\"_blank\"><strong>JOBIM, L.F.<\/strong><\/a>. <strong>Fragmentos da Nefrologia Ga\u00facha.<\/strong> 1. ed. Porto Alegre: Next, 2013. v. 1. 391p.<\/li>\n<\/ol>\n<ol start=\"2\">\n<li><strong><a href=\"http:\/\/lattes.cnpq.br\/3404329759241193\" target=\"_blank\">JOBIM, L.F.J.<\/a>.<\/strong>; COSTA, L. R. ; SILVA, M. . <strong>Identifica\u00e7\u00e3o Humana.<\/strong> 2. ed. Campinas: Millennium, 2012. v. 1. 274p .<\/li>\n<\/ol>\n<ol start=\"3\">\n<li><strong><a href=\"http:\/\/lattes.cnpq.br\/3404329759241193\" target=\"_blank\">JOBIM, L.F.J.<\/a><\/strong>; COSTA, Lu\u00eds Renato ; SILVA, Moacyr da . <strong>Identifica\u00e7\u00e3o Humana.<\/strong> 1. ed. Campinas: Millenium Editora, 2006. v. 2. 302p<\/li>\n<\/ol>\n<ol start=\"4\">\n<li><strong><a href=\"http:\/\/lattes.cnpq.br\/3404329759241193\" target=\"_blank\">JOBIM, L.F.J.<\/a><\/strong>; <strong>Identifica\u00e7\u00e3o Humana pelo DNA.<\/strong> (DVD); Aldeia Design, 2006<\/li>\n<\/ol>\n<ol start=\"5\">\n<li>FIGINI, Adriano; SILVA, Jos\u00e9 Roberto Leit\u00e3o e ; <strong><a href=\"http:\/\/lattes.cnpq.br\/3404329759241193\" target=\"_blank\">JOBIM, L.F.J.<\/a><\/strong>; SILVA, Moacyr da .<strong> Identifica\u00e7\u00e3o Humana.<\/strong> 1. ed. Campinas: Millenium, 2003. v. 1. 416p<\/li>\n<\/ol>\n<ol start=\"6\">\n<li><strong><a href=\"http:\/\/lattes.cnpq.br\/3404329759241193\" target=\"_blank\">JOBIM, L.F.J.<\/a><\/strong>;\u00a0<strong><a href=\"http:\/\/lattes.cnpq.br\/1210651894466230\">JOBIM, Maria Regina<\/a><\/strong>\u00a0; EWALD, Gisele ; SILVA, Fernanda Gamio da ;<strong>\u00a0<a href=\"http:\/\/lattes.cnpq.br\/4903766288417904\">JOBIM, Mariana<\/a><\/strong>\u00a0. <strong>Gen\u00e9tica Forense.<\/strong> 1. ed. Porto Alegre: Impa, 2003. v. 1. 71p .<\/li>\n<\/ol>\n<ol start=\"7\">\n<li><strong><a href=\"http:\/\/lattes.cnpq.br\/3404329759241193\" target=\"_blank\">JOBIM, L.F.J.<\/a><\/strong>; OUTROS, T. E. .<strong> Individualidade Humana.<\/strong> . 1. ed. Porto Alegre: Editora Sagra Luzzatto, 1999. v. 1. 392p .<\/li>\n<\/ol>\n<ol start=\"8\">\n<li><strong><a href=\"http:\/\/lattes.cnpq.br\/3404329759241193\" target=\"_blank\">JOBIM, L.F.J.<\/a><\/strong>;\u00a0<strong><a href=\"http:\/\/lattes.cnpq.br\/1210651894466230\">JOBIM, M. R.<\/a>\u00a0<\/strong>; BRENNER, C. . <strong>Identifica\u00e7\u00e3o Humana pelo DNA.<\/strong> Laborat\u00f3rio DNA Reference,\u00a0 Editora IMPA, 1999. v. 1.<\/li>\n<\/ol>\n<ol start=\"9\">\n<li><strong><a href=\"http:\/\/lattes.cnpq.br\/3404329759241193\" target=\"_blank\">JOBIM, L.F.J.<\/a><\/strong>; MENDES, N. F. ; LIMA, A. O. .<strong> Imunologia Cl\u00ednica.<\/strong> Rio de Janeiro: Guanabara Koogan, 1980. v. 1.<\/li>\n<\/ol>\n<p>[\/et_pb_text][\/et_pb_column][\/et_pb_row][\/et_pb_section]<\/p>\n","protected":false},"excerpt":{"rendered":"<p>VIEIRA, C.; BARROS, E. ; ANTONELLO, I. ;\u00a0JOBIM, L.F.. Fragmentos da Nefrologia Ga\u00facha. 1. ed. Porto Alegre: Next, 2013. v. 1. 391p. JOBIM, L.F.J..; COSTA, L. R. ; SILVA, M. . Identifica\u00e7\u00e3o Humana. 2. ed. Campinas: Millennium, 2012. v. 1. 274p . JOBIM, L.F.J.; COSTA, Lu\u00eds Renato ; SILVA, Moacyr da . Identifica\u00e7\u00e3o Humana. 1. [&hellip;]<\/p>\n","protected":false},"author":1,"featured_media":0,"parent":43,"menu_order":0,"comment_status":"closed","ping_status":"closed","template":"","meta":{"_et_pb_use_builder":"on","_et_pb_old_content":"","_et_gb_content_width":"","footnotes":""},"class_list":["post-185","page","type-page","status-publish","hentry"],"_links":{"self":[{"href":"https:\/\/dnareference.com.br\/clinica\/wp-json\/wp\/v2\/pages\/185"}],"collection":[{"href":"https:\/\/dnareference.com.br\/clinica\/wp-json\/wp\/v2\/pages"}],"about":[{"href":"https:\/\/dnareference.com.br\/clinica\/wp-json\/wp\/v2\/types\/page"}],"author":[{"embeddable":true,"href":"https:\/\/dnareference.com.br\/clinica\/wp-json\/wp\/v2\/users\/1"}],"replies":[{"embeddable":true,"href":"https:\/\/dnareference.com.br\/clinica\/wp-json\/wp\/v2\/comments?post=185"}],"version-history":[{"count":11,"href":"https:\/\/dnareference.com.br\/clinica\/wp-json\/wp\/v2\/pages\/185\/revisions"}],"predecessor-version":[{"id":513,"href":"https:\/\/dnareference.com.br\/clinica\/wp-json\/wp\/v2\/pages\/185\/revisions\/513"}],"up":[{"embeddable":true,"href":"https:\/\/dnareference.com.br\/clinica\/wp-json\/wp\/v2\/pages\/43"}],"wp:attachment":[{"href":"https:\/\/dnareference.com.br\/clinica\/wp-json\/wp\/v2\/media?parent=185"}],"curies":[{"name":"wp","href":"https:\/\/api.w.org\/{rel}","templated":true}]}}