{"id":106,"date":"2016-12-05T02:15:37","date_gmt":"2016-12-05T04:15:37","guid":{"rendered":"https:\/\/dnareference.com.br\/?page_id=106"},"modified":"2017-02-26T20:23:11","modified_gmt":"2017-02-26T23:23:11","slug":"10-sinais-de-alerta","status":"publish","type":"page","link":"https:\/\/dnareference.com.br\/clinica\/atendimento\/imunodeficiencias-primarias\/10-sinais-de-alerta\/","title":{"rendered":"10 sinais de alerta"},"content":{"rendered":"<p>[et_pb_section admin_label=&#8221;Rinite&#8221; fullwidth=&#8221;on&#8221; specialty=&#8221;off&#8221; transparent_background=&#8221;off&#8221; allow_player_pause=&#8221;off&#8221; inner_shadow=&#8221;off&#8221; parallax=&#8221;off&#8221; parallax_method=&#8221;off&#8221; padding_mobile=&#8221;off&#8221; make_fullwidth=&#8221;off&#8221; use_custom_width=&#8221;off&#8221; width_unit=&#8221;on&#8221; make_equal=&#8221;off&#8221; use_custom_gutter=&#8221;off&#8221;][et_pb_fullwidth_post_title admin_label=&#8221;T\u00edtulo da P\u00e1gina de Largura Inteira&#8221; title=&#8221;on&#8221; meta=&#8221;off&#8221; author=&#8221;on&#8221; date=&#8221;on&#8221; categories=&#8221;on&#8221; comments=&#8221;on&#8221; featured_image=&#8221;off&#8221; featured_placement=&#8221;below&#8221; parallax_effect=&#8221;on&#8221; parallax_method=&#8221;on&#8221; text_orientation=&#8221;center&#8221; text_color=&#8221;dark&#8221; text_background=&#8221;off&#8221; text_bg_color=&#8221;rgba(255,255,255,0.9)&#8221; module_bg_color=&#8221;#e02b20&#8243; title_all_caps=&#8221;off&#8221; use_border_color=&#8221;off&#8221; border_color=&#8221;#ffffff&#8221; border_style=&#8221;solid&#8221; title_font_size=&#8221;30px&#8221; title_font=&#8221;|on|||&#8221; title_text_color=&#8221;#ffffff&#8221;] [\/et_pb_fullwidth_post_title][\/et_pb_section][et_pb_section admin_label=&#8221;section&#8221;][et_pb_row admin_label=&#8221;Linha&#8221;][et_pb_column type=&#8221;1_3&#8243;][et_pb_sidebar admin_label=&#8221;Barra Lateral&#8221; orientation=&#8221;left&#8221; area=&#8221;sidebar-1&#8243; background_layout=&#8221;light&#8221; remove_border=&#8221;off&#8221;] [\/et_pb_sidebar][\/et_pb_column][et_pb_column type=&#8221;2_3&#8243;][et_pb_text admin_label=&#8221;O que \u00e9?&#8221; background_layout=&#8221;light&#8221; text_orientation=&#8221;left&#8221; use_border_color=&#8221;off&#8221; border_color=&#8221;#ffffff&#8221; border_style=&#8221;solid&#8221;]<\/p>\n<h3>10 SINAIS DE ALERTA PARA O DIAGN\u00d3STICO DE IMUNODEFICI\u00caNCIAS PRIM\u00c1RIAS<\/h3>\n<p><img loading=\"lazy\" decoding=\"async\" class=\"alignnone size-full wp-image-459\" src=\"https:\/\/dnareference.com.br\/clinica\/wp-content\/uploads\/sites\/3\/2016\/12\/ImunodeficienciasPrimarias_10sinaisAlerta.jpg\" alt=\"\" width=\"698\" height=\"275\" srcset=\"https:\/\/dnareference.com.br\/clinica\/wp-content\/uploads\/sites\/3\/2016\/12\/ImunodeficienciasPrimarias_10sinaisAlerta.jpg 698w, https:\/\/dnareference.com.br\/clinica\/wp-content\/uploads\/sites\/3\/2016\/12\/ImunodeficienciasPrimarias_10sinaisAlerta-300x118.jpg 300w\" sizes=\"(max-width: 698px) 100vw, 698px\" \/><\/p>\n<ol>\n<li>Oito ou mais otites em 1 ano;<\/li>\n<li>Duas ou mais sinusites em 1 ano;<\/li>\n<li>Dois ou mais meses em antibi\u00f3tico com pouco efeito;<\/li>\n<li>Duas ou mais pneumonias em 1 ano;<\/li>\n<li>Infec\u00e7\u00f5es intestinais de repeti\u00e7\u00e3o, diarr\u00e9ia cr\u00f4nica;<\/li>\n<li>Abcessos recorrentes;<\/li>\n<li>Estomatite de repeti\u00e7\u00e3o com c\u00e2ndida na mucosa oral ou pele;<\/li>\n<li>Efeito adverso ao BCG e\/ou infec\u00e7\u00e3o por microbact\u00e9ria;<\/li>\n<li>Um epis\u00f3dio de infec\u00e7\u00e3o sist\u00eamica grave (meningite, osteoartrite, septicemia);<\/li>\n<li>Hist\u00f3rico familiar de IDP (Imunodefici\u00eancia Prim\u00e1ria).<\/li>\n<\/ol>\n<p><em>Adaptado da Funda\u00e7\u00e3o Jeffrey Modell e Cruz Vermelha Americana<\/em><\/p>\n<p>[\/et_pb_text][\/et_pb_column][\/et_pb_row][\/et_pb_section]<\/p>\n","protected":false},"excerpt":{"rendered":"<p>10 SINAIS DE ALERTA PARA O DIAGN\u00d3STICO DE IMUNODEFICI\u00caNCIAS PRIM\u00c1RIAS Oito ou mais otites em 1 ano; Duas ou mais sinusites em 1 ano; Dois ou mais meses em antibi\u00f3tico com pouco efeito; Duas ou mais pneumonias em 1 ano; Infec\u00e7\u00f5es intestinais de repeti\u00e7\u00e3o, diarr\u00e9ia cr\u00f4nica; Abcessos recorrentes; Estomatite de repeti\u00e7\u00e3o com c\u00e2ndida na mucosa [&hellip;]<\/p>\n","protected":false},"author":1,"featured_media":0,"parent":76,"menu_order":1,"comment_status":"closed","ping_status":"closed","template":"","meta":{"_et_pb_use_builder":"on","_et_pb_old_content":"","_et_gb_content_width":"","footnotes":""},"class_list":["post-106","page","type-page","status-publish","hentry"],"_links":{"self":[{"href":"https:\/\/dnareference.com.br\/clinica\/wp-json\/wp\/v2\/pages\/106"}],"collection":[{"href":"https:\/\/dnareference.com.br\/clinica\/wp-json\/wp\/v2\/pages"}],"about":[{"href":"https:\/\/dnareference.com.br\/clinica\/wp-json\/wp\/v2\/types\/page"}],"author":[{"embeddable":true,"href":"https:\/\/dnareference.com.br\/clinica\/wp-json\/wp\/v2\/users\/1"}],"replies":[{"embeddable":true,"href":"https:\/\/dnareference.com.br\/clinica\/wp-json\/wp\/v2\/comments?post=106"}],"version-history":[{"count":2,"href":"https:\/\/dnareference.com.br\/clinica\/wp-json\/wp\/v2\/pages\/106\/revisions"}],"predecessor-version":[{"id":460,"href":"https:\/\/dnareference.com.br\/clinica\/wp-json\/wp\/v2\/pages\/106\/revisions\/460"}],"up":[{"embeddable":true,"href":"https:\/\/dnareference.com.br\/clinica\/wp-json\/wp\/v2\/pages\/76"}],"wp:attachment":[{"href":"https:\/\/dnareference.com.br\/clinica\/wp-json\/wp\/v2\/media?parent=106"}],"curies":[{"name":"wp","href":"https:\/\/api.w.org\/{rel}","templated":true}]}}