{"id":102,"date":"2016-12-05T02:14:51","date_gmt":"2016-12-05T04:14:51","guid":{"rendered":"https:\/\/dnareference.com.br\/?page_id=102"},"modified":"2017-02-26T19:32:57","modified_gmt":"2017-02-26T22:32:57","slug":"testes-laboratoriais","status":"publish","type":"page","link":"https:\/\/dnareference.com.br\/clinica\/atendimento\/testes-de-alergia\/testes-laboratoriais\/","title":{"rendered":"Testes Laboratoriais"},"content":{"rendered":"<p>[et_pb_section admin_label=&#8221;Rinite&#8221; fullwidth=&#8221;on&#8221; specialty=&#8221;off&#8221; transparent_background=&#8221;off&#8221; allow_player_pause=&#8221;off&#8221; inner_shadow=&#8221;off&#8221; parallax=&#8221;off&#8221; parallax_method=&#8221;off&#8221; padding_mobile=&#8221;off&#8221; make_fullwidth=&#8221;off&#8221; use_custom_width=&#8221;off&#8221; width_unit=&#8221;on&#8221; make_equal=&#8221;off&#8221; use_custom_gutter=&#8221;off&#8221;][et_pb_fullwidth_post_title admin_label=&#8221;T\u00edtulo da P\u00e1gina de Largura Inteira&#8221; title=&#8221;on&#8221; meta=&#8221;off&#8221; author=&#8221;on&#8221; date=&#8221;on&#8221; categories=&#8221;on&#8221; comments=&#8221;on&#8221; featured_image=&#8221;off&#8221; featured_placement=&#8221;below&#8221; parallax_effect=&#8221;on&#8221; parallax_method=&#8221;on&#8221; text_orientation=&#8221;center&#8221; text_color=&#8221;dark&#8221; text_background=&#8221;off&#8221; text_bg_color=&#8221;rgba(255,255,255,0.9)&#8221; module_bg_color=&#8221;#e02b20&#8243; title_all_caps=&#8221;off&#8221; use_border_color=&#8221;off&#8221; border_color=&#8221;#ffffff&#8221; border_style=&#8221;solid&#8221; title_font_size=&#8221;30px&#8221; title_font=&#8221;|on|||&#8221; title_text_color=&#8221;#ffffff&#8221;] [\/et_pb_fullwidth_post_title][\/et_pb_section][et_pb_section admin_label=&#8221;section&#8221;][et_pb_row admin_label=&#8221;Linha&#8221;][et_pb_column type=&#8221;1_3&#8243;][et_pb_sidebar admin_label=&#8221;Barra Lateral&#8221; orientation=&#8221;left&#8221; area=&#8221;sidebar-1&#8243; background_layout=&#8221;light&#8221; remove_border=&#8221;off&#8221;] [\/et_pb_sidebar][\/et_pb_column][et_pb_column type=&#8221;2_3&#8243;][et_pb_text admin_label=&#8221;O que \u00e9?&#8221; background_layout=&#8221;light&#8221; text_orientation=&#8221;left&#8221; use_border_color=&#8221;off&#8221; border_color=&#8221;#ffffff&#8221; border_style=&#8221;solid&#8221;]<\/p>\n<h3>TESTES LABORATORIAIS<\/h3>\n<p><img loading=\"lazy\" decoding=\"async\" class=\"alignnone size-full wp-image-450\" src=\"https:\/\/dnareference.com.br\/clinica\/wp-content\/uploads\/sites\/3\/2016\/12\/TestesAlergia_Laboratoriais.jpg\" alt=\"\" width=\"700\" height=\"275\" srcset=\"https:\/\/dnareference.com.br\/clinica\/wp-content\/uploads\/sites\/3\/2016\/12\/TestesAlergia_Laboratoriais.jpg 700w, https:\/\/dnareference.com.br\/clinica\/wp-content\/uploads\/sites\/3\/2016\/12\/TestesAlergia_Laboratoriais-300x118.jpg 300w\" sizes=\"(max-width: 700px) 100vw, 700px\" \/><\/p>\n<p>Os exames mais comuns s\u00e3o os testes de pesquisa de anticorpos IgE espec\u00edficos, por meio do m\u00e9todo ImmunoCAP que utiliza reagentes em fase s\u00f3lida e um instrumento que detecta as rea\u00e7\u00f5es positivas nas alergias respirat\u00f3rias, alimentares, medica\u00e7\u00f5es e picadas de insetos. Abaixo est\u00e3o alguns dos testes para v\u00e1rios tipos de al\u00e9rgenos:<\/p>\n<ol>\n<li>Al\u00e9rgenos de epit\u00e9lio de animais;<\/li>\n<li>Al\u00e9rgenos de polens;<\/li>\n<li>Al\u00e9rgenos de poeiras e \u00e1caros;<\/li>\n<li>Al\u00e9rgenos de venenos de insetos: abelha, vespa, formiga de fogo;<\/li>\n<li>Al\u00e9rgenos para alimentos derivados de plantas: l\u00e1tex;<\/li>\n<li>Al\u00e9rgenos para alimentos de origem animal: leite, ovo, camar\u00e3o&#8230;<\/li>\n<\/ol>\n<p>[\/et_pb_text][\/et_pb_column][\/et_pb_row][\/et_pb_section]<\/p>\n","protected":false},"excerpt":{"rendered":"<p>TESTES LABORATORIAIS Os exames mais comuns s\u00e3o os testes de pesquisa de anticorpos IgE espec\u00edficos, por meio do m\u00e9todo ImmunoCAP que utiliza reagentes em fase s\u00f3lida e um instrumento que detecta as rea\u00e7\u00f5es positivas nas alergias respirat\u00f3rias, alimentares, medica\u00e7\u00f5es e picadas de insetos. Abaixo est\u00e3o alguns dos testes para v\u00e1rios tipos de al\u00e9rgenos: Al\u00e9rgenos de [&hellip;]<\/p>\n","protected":false},"author":1,"featured_media":0,"parent":74,"menu_order":2,"comment_status":"closed","ping_status":"closed","template":"","meta":{"_et_pb_use_builder":"on","_et_pb_old_content":"","_et_gb_content_width":"","footnotes":""},"class_list":["post-102","page","type-page","status-publish","hentry"],"_links":{"self":[{"href":"https:\/\/dnareference.com.br\/clinica\/wp-json\/wp\/v2\/pages\/102"}],"collection":[{"href":"https:\/\/dnareference.com.br\/clinica\/wp-json\/wp\/v2\/pages"}],"about":[{"href":"https:\/\/dnareference.com.br\/clinica\/wp-json\/wp\/v2\/types\/page"}],"author":[{"embeddable":true,"href":"https:\/\/dnareference.com.br\/clinica\/wp-json\/wp\/v2\/users\/1"}],"replies":[{"embeddable":true,"href":"https:\/\/dnareference.com.br\/clinica\/wp-json\/wp\/v2\/comments?post=102"}],"version-history":[{"count":1,"href":"https:\/\/dnareference.com.br\/clinica\/wp-json\/wp\/v2\/pages\/102\/revisions"}],"predecessor-version":[{"id":451,"href":"https:\/\/dnareference.com.br\/clinica\/wp-json\/wp\/v2\/pages\/102\/revisions\/451"}],"up":[{"embeddable":true,"href":"https:\/\/dnareference.com.br\/clinica\/wp-json\/wp\/v2\/pages\/74"}],"wp:attachment":[{"href":"https:\/\/dnareference.com.br\/clinica\/wp-json\/wp\/v2\/media?parent=102"}],"curies":[{"name":"wp","href":"https:\/\/api.w.org\/{rel}","templated":true}]}}