{"id":100,"date":"2016-12-05T02:14:33","date_gmt":"2016-12-05T04:14:33","guid":{"rendered":"https:\/\/dnareference.com.br\/?page_id=100"},"modified":"2017-02-26T19:23:40","modified_gmt":"2017-02-26T22:23:40","slug":"testes-cutaneos-imediatos","status":"publish","type":"page","link":"https:\/\/dnareference.com.br\/clinica\/atendimento\/testes-de-alergia\/testes-cutaneos-imediatos\/","title":{"rendered":"Testes Cut\u00e2neos Imediatos"},"content":{"rendered":"<p>[et_pb_section admin_label=&#8221;Rinite&#8221; fullwidth=&#8221;on&#8221; specialty=&#8221;off&#8221; transparent_background=&#8221;off&#8221; allow_player_pause=&#8221;off&#8221; inner_shadow=&#8221;off&#8221; parallax=&#8221;off&#8221; parallax_method=&#8221;off&#8221; padding_mobile=&#8221;off&#8221; make_fullwidth=&#8221;off&#8221; use_custom_width=&#8221;off&#8221; width_unit=&#8221;on&#8221; make_equal=&#8221;off&#8221; use_custom_gutter=&#8221;off&#8221;][et_pb_fullwidth_post_title admin_label=&#8221;T\u00edtulo da P\u00e1gina de Largura Inteira&#8221; title=&#8221;on&#8221; meta=&#8221;off&#8221; author=&#8221;on&#8221; date=&#8221;on&#8221; categories=&#8221;on&#8221; comments=&#8221;on&#8221; featured_image=&#8221;off&#8221; featured_placement=&#8221;below&#8221; parallax_effect=&#8221;on&#8221; parallax_method=&#8221;on&#8221; text_orientation=&#8221;center&#8221; text_color=&#8221;dark&#8221; text_background=&#8221;off&#8221; text_bg_color=&#8221;rgba(255,255,255,0.9)&#8221; module_bg_color=&#8221;#e02b20&#8243; title_all_caps=&#8221;off&#8221; use_border_color=&#8221;off&#8221; border_color=&#8221;#ffffff&#8221; border_style=&#8221;solid&#8221; title_font_size=&#8221;30px&#8221; title_font=&#8221;|on|||&#8221; title_text_color=&#8221;#ffffff&#8221;] [\/et_pb_fullwidth_post_title][\/et_pb_section][et_pb_section admin_label=&#8221;section&#8221;][et_pb_row admin_label=&#8221;Linha&#8221;][et_pb_column type=&#8221;1_3&#8243;][et_pb_sidebar admin_label=&#8221;Barra Lateral&#8221; orientation=&#8221;left&#8221; area=&#8221;sidebar-1&#8243; background_layout=&#8221;light&#8221; remove_border=&#8221;off&#8221;] [\/et_pb_sidebar][\/et_pb_column][et_pb_column type=&#8221;2_3&#8243;][et_pb_text admin_label=&#8221;O que \u00e9?&#8221; background_layout=&#8221;light&#8221; text_orientation=&#8221;left&#8221; use_border_color=&#8221;off&#8221; border_color=&#8221;#ffffff&#8221; border_style=&#8221;solid&#8221;]<\/p>\n<h3>TESTES CUT\u00c2NEOS IMEDIATOS<\/h3>\n<p><img loading=\"lazy\" decoding=\"async\" class=\"alignnone size-full wp-image-448\" src=\"https:\/\/dnareference.com.br\/clinica\/wp-content\/uploads\/sites\/3\/2016\/12\/TestesAlergia_CutaneoImediato.jpg\" alt=\"\" width=\"700\" height=\"275\" srcset=\"https:\/\/dnareference.com.br\/clinica\/wp-content\/uploads\/sites\/3\/2016\/12\/TestesAlergia_CutaneoImediato.jpg 700w, https:\/\/dnareference.com.br\/clinica\/wp-content\/uploads\/sites\/3\/2016\/12\/TestesAlergia_CutaneoImediato-300x118.jpg 300w\" sizes=\"(max-width: 700px) 100vw, 700px\" \/><\/p>\n<p>S\u00e3o testes onde colocamos na pele do paciente os diversos ant\u00edgenos para os quais ele poder\u00e1 ser ou n\u00e3o al\u00e9rgico. Ap\u00f3s, realizamos uma puntura com um estilete min\u00fasculo (indolor) sobre o produto. Em cerca de 10 minutos teremos uma rea\u00e7\u00e3o positiva (vermelhid\u00e3o, prurido e edema) nos locais onde o paciente tem alergia. Essa rea\u00e7\u00e3o \u00e9 decorrente da presen\u00e7a no sangue de anticorpos IgE contra o agente da alergia. Existir\u00e1 uma rea\u00e7\u00e3o imunol\u00f3gica com libera\u00e7\u00e3o de histamina que causa a positividade do teste. S\u00e3o usados para diagn\u00f3stico de alergia respirat\u00f3ria e alimentar.<\/p>\n<p>[\/et_pb_text][\/et_pb_column][\/et_pb_row][\/et_pb_section]<\/p>\n","protected":false},"excerpt":{"rendered":"<p>TESTES CUT\u00c2NEOS IMEDIATOS S\u00e3o testes onde colocamos na pele do paciente os diversos ant\u00edgenos para os quais ele poder\u00e1 ser ou n\u00e3o al\u00e9rgico. Ap\u00f3s, realizamos uma puntura com um estilete min\u00fasculo (indolor) sobre o produto. Em cerca de 10 minutos teremos uma rea\u00e7\u00e3o positiva (vermelhid\u00e3o, prurido e edema) nos locais onde o paciente tem alergia. [&hellip;]<\/p>\n","protected":false},"author":1,"featured_media":0,"parent":74,"menu_order":1,"comment_status":"closed","ping_status":"closed","template":"","meta":{"_et_pb_use_builder":"on","_et_pb_old_content":"","_et_gb_content_width":"","footnotes":""},"class_list":["post-100","page","type-page","status-publish","hentry"],"_links":{"self":[{"href":"https:\/\/dnareference.com.br\/clinica\/wp-json\/wp\/v2\/pages\/100"}],"collection":[{"href":"https:\/\/dnareference.com.br\/clinica\/wp-json\/wp\/v2\/pages"}],"about":[{"href":"https:\/\/dnareference.com.br\/clinica\/wp-json\/wp\/v2\/types\/page"}],"author":[{"embeddable":true,"href":"https:\/\/dnareference.com.br\/clinica\/wp-json\/wp\/v2\/users\/1"}],"replies":[{"embeddable":true,"href":"https:\/\/dnareference.com.br\/clinica\/wp-json\/wp\/v2\/comments?post=100"}],"version-history":[{"count":1,"href":"https:\/\/dnareference.com.br\/clinica\/wp-json\/wp\/v2\/pages\/100\/revisions"}],"predecessor-version":[{"id":449,"href":"https:\/\/dnareference.com.br\/clinica\/wp-json\/wp\/v2\/pages\/100\/revisions\/449"}],"up":[{"embeddable":true,"href":"https:\/\/dnareference.com.br\/clinica\/wp-json\/wp\/v2\/pages\/74"}],"wp:attachment":[{"href":"https:\/\/dnareference.com.br\/clinica\/wp-json\/wp\/v2\/media?parent=100"}],"curies":[{"name":"wp","href":"https:\/\/api.w.org\/{rel}","templated":true}]}}